{"id":302,"date":"2021-05-31T16:17:13","date_gmt":"2021-05-31T14:17:13","guid":{"rendered":"https:\/\/vidalserveis.com\/la-nostra-empresa\/"},"modified":"2025-07-10T12:12:58","modified_gmt":"2025-07-10T10:12:58","slug":"nuestra-empresa","status":"publish","type":"page","link":"https:\/\/vidalserveis.com\/es\/nuestra-empresa\/","title":{"rendered":"Nuestra empresa"},"content":{"rendered":"\t\t<div data-elementor-type=\"wp-page\" data-elementor-id=\"302\" class=\"elementor elementor-302 elementor-42\" data-elementor-post-type=\"page\">\n\t\t\t\t\t\t<section class=\"elementor-section elementor-top-section elementor-element elementor-element-36f3f07 elementor-section-boxed elementor-section-height-default elementor-section-height-default\" data-id=\"36f3f07\" data-element_type=\"section\">\n\t\t\t\t\t\t<div class=\"elementor-container elementor-column-gap-default\">\n\t\t\t\t\t<div class=\"elementor-column elementor-col-100 elementor-top-column elementor-element elementor-element-cbd6947\" data-id=\"cbd6947\" data-element_type=\"column\">\n\t\t\t<div class=\"elementor-widget-wrap elementor-element-populated\">\n\t\t\t\t\t\t<div class=\"elementor-element elementor-element-954a74d elementor-widget elementor-widget-image\" data-id=\"954a74d\" data-element_type=\"widget\" data-widget_type=\"image.default\">\n\t\t\t\t<div class=\"elementor-widget-container\">\n\t\t\t\t\t\t\t\t\t\t\t\t\t\t\t<img fetchpriority=\"high\" decoding=\"async\" width=\"1200\" height=\"900\" src=\"https:\/\/vidalserveis.com\/wp-content\/uploads\/oficines-vidal-serveis-immobiliaria-mollerussa.jpg\" class=\"attachment-large size-large wp-image-249\" alt=\"\" srcset=\"https:\/\/vidalserveis.com\/wp-content\/uploads\/oficines-vidal-serveis-immobiliaria-mollerussa.jpg 1200w, https:\/\/vidalserveis.com\/wp-content\/uploads\/oficines-vidal-serveis-immobiliaria-mollerussa-600x450.jpg 600w, https:\/\/vidalserveis.com\/wp-content\/uploads\/oficines-vidal-serveis-immobiliaria-mollerussa-768x576.jpg 768w\" sizes=\"(max-width: 1200px) 100vw, 1200px\" \/>\t\t\t\t\t\t\t\t\t\t\t\t\t\t\t<\/div>\n\t\t\t\t<\/div>\n\t\t\t\t<div class=\"elementor-element elementor-element-f0040dc elementor-widget elementor-widget-heading\" data-id=\"f0040dc\" data-element_type=\"widget\" data-widget_type=\"heading.default\">\n\t\t\t\t<div class=\"elementor-widget-container\">\n\t\t\t\t\t<h2 class=\"elementor-heading-title elementor-size-default\">M\u00e1s de 30 a\u00f1os de historia<\/h2>\t\t\t\t<\/div>\n\t\t\t\t<\/div>\n\t\t\t\t<div class=\"elementor-element elementor-element-55ea2cb elementor-widget elementor-widget-text-editor\" data-id=\"55ea2cb\" data-element_type=\"widget\" data-widget_type=\"text-editor.default\">\n\t\t\t\t<div class=\"elementor-widget-container\">\n\t\t\t\t\t\t\t\t\t<p><strong>Neus Ballar\u00edn y Antonio Solanilla<\/strong> somos los fundadores de Finques Vidal Serveis. Este proyecto naci\u00f3 a ra\u00edz de observar la necesidad de asesoramiento personalizado para las personas que quer\u00edan comprar una vivienda en el Pla d\u2019Urgell y no sab\u00edan por d\u00f3nde empezar.<\/p>\t\t\t\t\t\t\t\t<\/div>\n\t\t\t\t<\/div>\n\t\t\t\t<div class=\"elementor-element elementor-element-bf628e5 elementor-widget elementor-widget-text-editor\" data-id=\"bf628e5\" data-element_type=\"widget\" data-widget_type=\"text-editor.default\">\n\t\t\t\t<div class=\"elementor-widget-container\">\n\t\t\t\t\t\t\t\t\t<p><em>\u201cVidal Serveis fue una de las primeras inmobiliarias <\/em><em>que se cre\u00f3 en la zona\u201d<\/em><\/p>\t\t\t\t\t\t\t\t<\/div>\n\t\t\t\t<\/div>\n\t\t\t\t<div class=\"elementor-element elementor-element-547ef6c elementor-widget elementor-widget-text-editor\" data-id=\"547ef6c\" data-element_type=\"widget\" data-widget_type=\"text-editor.default\">\n\t\t\t\t<div class=\"elementor-widget-container\">\n\t\t\t\t\t\t\t\t\t<p>Con <strong>esp\u00edritu de ayuda<\/strong> y plena dedicaci\u00f3n y entusiasmo, los dos socios empezamos a trabajar en una oficina peque\u00f1a. La inmobiliaria fue creciendo, salvando todos los obst\u00e1culos y evolucionando hasta convertirse en una <strong>empresa consolidada, comprometida y referente por su profesionalidad y calidad<\/strong>.<\/p><p>En la \u00e9poca del<em> boom<\/em> inmobiliario nos posicionamos como l\u00edderes del sector, y gracias a nuestra forma de trabajar pudimos superar la etapa de crisis que afect\u00f3 intensamente a la econom\u00eda nacional y mundial.<\/p><p>Continuamos con el esp\u00edritu y los valores de los inicios, y con <strong>la ventaja de la experiencia y el conocimiento de una larga trayectoria<\/strong>.<\/p>\t\t\t\t\t\t\t\t<\/div>\n\t\t\t\t<\/div>\n\t\t\t\t<div class=\"elementor-element elementor-element-618f703 elementor-widget elementor-widget-heading\" data-id=\"618f703\" data-element_type=\"widget\" data-widget_type=\"heading.default\">\n\t\t\t\t<div class=\"elementor-widget-container\">\n\t\t\t\t\t<h2 class=\"elementor-heading-title elementor-size-default\">Nuestro equipo<\/h2>\t\t\t\t<\/div>\n\t\t\t\t<\/div>\n\t\t\t\t<div class=\"elementor-element elementor-element-ecd71ff elementor-widget elementor-widget-text-editor\" data-id=\"ecd71ff\" data-element_type=\"widget\" data-widget_type=\"text-editor.default\">\n\t\t\t\t<div class=\"elementor-widget-container\">\n\t\t\t\t\t\t\t\t\t<p>El equipo de Vidal Serveis lo formamos 5 profesionales con una s\u00f3lida formaci\u00f3n y experiencia. Juntos nos encargamos de encontrar la soluci\u00f3n adecuada para cada cliente, acompa\u00f1arlo y asesorarlo en todo el proceso.<\/p>\t\t\t\t\t\t\t\t<\/div>\n\t\t\t\t<\/div>\n\t\t\t\t<div class=\"elementor-element elementor-element-0ef1841 elementor-widget elementor-widget-text-editor\" data-id=\"0ef1841\" data-element_type=\"widget\" data-widget_type=\"text-editor.default\">\n\t\t\t\t<div class=\"elementor-widget-container\">\n\t\t\t\t\t\t\t\t\t<p><em>\u201cNos gusta ayudar en las decisiones importantes de nuestros clientes y sus familias o empresas, y tenemos la suerte de contar con clientes fieles desde hace muchos a\u00f1os\u201d<\/em><\/p>\t\t\t\t\t\t\t\t<\/div>\n\t\t\t\t<\/div>\n\t\t\t\t<div class=\"elementor-element elementor-element-f117ca9 elementor-widget elementor-widget-text-editor\" data-id=\"f117ca9\" data-element_type=\"widget\" data-widget_type=\"text-editor.default\">\n\t\t\t\t<div class=\"elementor-widget-container\">\n\t\t\t\t\t\t\t\t\t<p><strong>Antonio Solanilla Perera<br \/><\/strong>Gerente. Funciones comerciales.<\/p><p><strong>Neus Ballar\u00edn Vidal<br \/><\/strong>Gerente y API. Funciones comerciales y de asesoramiento.<br \/>API colegiada n\u00fam. provincial 342 y nacional 19.879. Con AICAT n\u00fam. 3029.<\/p><p><strong>Elisabet Majoral Vilanova<br \/><\/strong>Secretaria de Direcci\u00f3n. Funciones administrativas y comerciales.<\/p><p><strong>Lisard Palau Elcacho<br \/><\/strong>Administrativo. Funciones de recepci\u00f3n y administrativas.<\/p><p><strong>Anna Sol\u00e0 Mallor<br \/><\/strong>Funciones comerciales.<\/p>\t\t\t\t\t\t\t\t<\/div>\n\t\t\t\t<\/div>\n\t\t\t\t<div class=\"elementor-element elementor-element-b33bfa7 elementor-widget elementor-widget-button\" data-id=\"b33bfa7\" data-element_type=\"widget\" data-widget_type=\"button.default\">\n\t\t\t\t<div class=\"elementor-widget-container\">\n\t\t\t\t\t\t\t\t\t<div class=\"elementor-button-wrapper\">\n\t\t\t\t\t<a class=\"elementor-button elementor-button-link elementor-size-sm\" href=\"https:\/\/vidalserveis.com\/es\/contacta\/\">\n\t\t\t\t\t\t<span class=\"elementor-button-content-wrapper\">\n\t\t\t\t\t\t\t\t\t<span class=\"elementor-button-text\">\u00bfEn qu\u00e9 podemos ayudarte?<\/span>\n\t\t\t\t\t<\/span>\n\t\t\t\t\t<\/a>\n\t\t\t\t<\/div>\n\t\t\t\t\t\t\t\t<\/div>\n\t\t\t\t<\/div>\n\t\t\t\t\t<\/div>\n\t\t<\/div>\n\t\t\t\t\t<\/div>\n\t\t<\/section>\n\t\t\t\t<section class=\"elementor-section elementor-top-section elementor-element elementor-element-0b9ae07 elementor-section-boxed elementor-section-height-default elementor-section-height-default\" data-id=\"0b9ae07\" data-element_type=\"section\">\n\t\t\t\t\t\t<div class=\"elementor-container elementor-column-gap-default\">\n\t\t\t\t\t<div class=\"elementor-column elementor-col-100 elementor-top-column elementor-element elementor-element-e369443\" data-id=\"e369443\" data-element_type=\"column\" data-settings=\"{&quot;background_background&quot;:&quot;classic&quot;}\">\n\t\t\t<div class=\"elementor-widget-wrap elementor-element-populated\">\n\t\t\t\t\t\t<div class=\"elementor-element elementor-element-c14f705 elementor-widget elementor-widget-heading\" data-id=\"c14f705\" data-element_type=\"widget\" data-widget_type=\"heading.default\">\n\t\t\t\t<div class=\"elementor-widget-container\">\n\t\t\t\t\t<h2 class=\"elementor-heading-title elementor-size-default\">Pide cita personalizada<\/h2>\t\t\t\t<\/div>\n\t\t\t\t<\/div>\n\t\t\t\t<div class=\"elementor-element elementor-element-0da7d46 elementor-button-align-stretch elementor-widget elementor-widget-form\" data-id=\"0da7d46\" data-element_type=\"widget\" data-settings=\"{&quot;button_width&quot;:&quot;25&quot;,&quot;step_next_label&quot;:&quot;Next&quot;,&quot;step_previous_label&quot;:&quot;Previous&quot;,&quot;step_type&quot;:&quot;number_text&quot;,&quot;step_icon_shape&quot;:&quot;circle&quot;}\" data-widget_type=\"form.default\">\n\t\t\t\t<div class=\"elementor-widget-container\">\n\t\t\t\t\t\t\t<form class=\"elementor-form\" method=\"post\" name=\"New Form\" aria-label=\"New Form\">\n\t\t\t<input type=\"hidden\" name=\"post_id\" value=\"302\"\/>\n\t\t\t<input type=\"hidden\" name=\"form_id\" value=\"0da7d46\"\/>\n\t\t\t<input type=\"hidden\" name=\"referer_title\" value=\"Nuestra empresa\" \/>\n\n\t\t\t\t\t\t\t<input type=\"hidden\" name=\"queried_id\" value=\"302\"\/>\n\t\t\t\n\t\t\t<div class=\"elementor-form-fields-wrapper elementor-labels-above\">\n\t\t\t\t\t\t\t\t<div class=\"elementor-field-type-text elementor-field-group elementor-column elementor-field-group-name elementor-col-25 elementor-field-required\">\n\t\t\t\t\t\t\t\t\t\t\t\t<label for=\"form-field-name\" class=\"elementor-field-label\">\n\t\t\t\t\t\t\t\tNombre\t\t\t\t\t\t\t<\/label>\n\t\t\t\t\t\t\t\t\t\t\t\t\t\t<input size=\"1\" type=\"text\" name=\"form_fields[name]\" id=\"form-field-name\" class=\"elementor-field elementor-size-sm  elementor-field-textual\" required=\"required\">\n\t\t\t\t\t\t\t\t\t\t\t<\/div>\n\t\t\t\t\t\t\t\t<div class=\"elementor-field-type-text elementor-field-group elementor-column elementor-field-group-field_3d87b4b elementor-col-25\">\n\t\t\t\t\t\t\t\t\t\t\t\t<label for=\"form-field-field_3d87b4b\" class=\"elementor-field-label\">\n\t\t\t\t\t\t\t\tApellido\t\t\t\t\t\t\t<\/label>\n\t\t\t\t\t\t\t\t\t\t\t\t\t\t<input size=\"1\" type=\"text\" name=\"form_fields[field_3d87b4b]\" id=\"form-field-field_3d87b4b\" class=\"elementor-field elementor-size-sm  elementor-field-textual\">\n\t\t\t\t\t\t\t\t\t\t\t<\/div>\n\t\t\t\t\t\t\t\t<div class=\"elementor-field-type-email elementor-field-group elementor-column elementor-field-group-email elementor-col-25 elementor-field-required\">\n\t\t\t\t\t\t\t\t\t\t\t\t<label for=\"form-field-email\" class=\"elementor-field-label\">\n\t\t\t\t\t\t\t\tE-mail\t\t\t\t\t\t\t<\/label>\n\t\t\t\t\t\t\t\t\t\t\t\t\t\t<input size=\"1\" type=\"email\" name=\"form_fields[email]\" id=\"form-field-email\" class=\"elementor-field elementor-size-sm  elementor-field-textual\" required=\"required\">\n\t\t\t\t\t\t\t\t\t\t\t<\/div>\n\t\t\t\t\t\t\t\t<div class=\"elementor-field-type-tel elementor-field-group elementor-column elementor-field-group-field_25927a1 elementor-col-25 elementor-field-required\">\n\t\t\t\t\t\t\t\t\t\t\t\t<label for=\"form-field-field_25927a1\" class=\"elementor-field-label\">\n\t\t\t\t\t\t\t\tTel\u00e9fono\t\t\t\t\t\t\t<\/label>\n\t\t\t\t\t\t\t\t<input size=\"1\" type=\"tel\" name=\"form_fields[field_25927a1]\" id=\"form-field-field_25927a1\" class=\"elementor-field elementor-size-sm  elementor-field-textual\" required=\"required\" pattern=\"[0-9()#&amp;+*-=.]+\" title=\"Solo se aceptan n\u00fameros y caracteres de tel\u00e9fono (#,-,*,etc).\">\n\n\t\t\t\t\t\t<\/div>\n\t\t\t\t\t\t\t\t<div class=\"elementor-field-type-textarea elementor-field-group elementor-column elementor-field-group-message elementor-col-100 elementor-field-required\">\n\t\t\t\t\t\t\t\t\t\t\t\t<label for=\"form-field-message\" class=\"elementor-field-label\">\n\t\t\t\t\t\t\t\tExplicanos qu\u00e9 buscas y contactaremos contigo lo antes posible\t\t\t\t\t\t\t<\/label>\n\t\t\t\t\t\t<textarea class=\"elementor-field-textual elementor-field  elementor-size-sm\" name=\"form_fields[message]\" id=\"form-field-message\" rows=\"4\" required=\"required\"><\/textarea>\t\t\t\t<\/div>\n\t\t\t\t\t\t\t\t<div class=\"elementor-field-type-acceptance elementor-field-group elementor-column elementor-field-group-field_163e661 elementor-col-75 elementor-field-required\">\n\t\t\t\t\t\t\t\t\t\t\t\t<label for=\"form-field-field_163e661\" class=\"elementor-field-label\">\n\t\t\t\t\t\t\t\tRGPD\t\t\t\t\t\t\t<\/label>\n\t\t\t\t\t\t\t\t<div class=\"elementor-field-subgroup\">\n\t\t\t<span class=\"elementor-field-option\">\n\t\t\t\t<input type=\"checkbox\" name=\"form_fields[field_163e661]\" id=\"form-field-field_163e661\" class=\"elementor-field elementor-size-sm  elementor-acceptance-field\" required=\"required\">\n\t\t\t\t<label for=\"form-field-field_163e661\">Acepto las <a href=\"https:\/\/vidalserveis.com\/es\/politica-de-privacidad\/\" target=\"_blank\" style=\"color:inherit;text-decoration:underline\"> condiciones de uso y la pol\u00edtica de privacidad <\/a><\/label>\t\t\t<\/span>\n\t\t<\/div>\n\t\t\t\t\t\t<\/div>\n\t\t\t\t\t\t\t\t<div class=\"elementor-field-type-text\">\n\t\t\t\t\t<input size=\"1\" type=\"text\" name=\"form_fields[field_7fd87a4]\" id=\"form-field-field_7fd87a4\" class=\"elementor-field elementor-size-sm \" style=\"display:none !important;\">\t\t\t\t<\/div>\n\t\t\t\t\t\t\t\t<div class=\"elementor-field-type-recaptcha_v3 elementor-field-group elementor-column elementor-field-group-field_f063490 elementor-col-100 recaptcha_v3-inline\">\n\t\t\t\t\t<div class=\"elementor-field\" id=\"form-field-field_f063490\"><div class=\"elementor-g-recaptcha\" data-sitekey=\"6LfGwu4mAAAAAB8Tkl4-cIINfWMD5OL8Z7jOWnXF\" data-type=\"v3\" data-action=\"Form\" data-badge=\"inline\" data-size=\"invisible\"><\/div><\/div>\t\t\t\t<\/div>\n\t\t\t\t\t\t\t\t<div class=\"elementor-field-group elementor-column elementor-field-type-submit elementor-col-25 e-form__buttons\">\n\t\t\t\t\t<button class=\"elementor-button elementor-size-sm\" type=\"submit\">\n\t\t\t\t\t\t<span class=\"elementor-button-content-wrapper\">\n\t\t\t\t\t\t\t\t\t\t\t\t\t\t\t\t\t\t\t\t\t\t<span class=\"elementor-button-text\">Enviar<\/span>\n\t\t\t\t\t\t\t\t\t\t\t\t\t<\/span>\n\t\t\t\t\t<\/button>\n\t\t\t\t<\/div>\n\t\t\t<\/div>\n\t\t<\/form>\n\t\t\t\t\t\t<\/div>\n\t\t\t\t<\/div>\n\t\t\t\t\t<\/div>\n\t\t<\/div>\n\t\t\t\t\t<\/div>\n\t\t<\/section>\n\t\t\t\t<\/div>\n\t\t","protected":false},"excerpt":{"rendered":"<p>M\u00e1s de 30 a\u00f1os de historia Neus Ballar\u00edn y Antonio Solanilla somos los fundadores de Finques Vidal Serveis. Este proyecto naci\u00f3 a ra\u00edz de observar la necesidad de asesoramiento personalizado para las personas que quer\u00edan comprar una vivienda en el Pla d\u2019Urgell y no sab\u00edan por d\u00f3nde empezar. \u201cVidal Serveis fue una de las primeras [&hellip;]<\/p>\n","protected":false},"author":1,"featured_media":0,"parent":0,"menu_order":0,"comment_status":"closed","ping_status":"closed","template":"","meta":{"footnotes":""},"class_list":["post-302","page","type-page","status-publish","hentry"],"_links":{"self":[{"href":"https:\/\/vidalserveis.com\/es\/wp-json\/wp\/v2\/pages\/302","targetHints":{"allow":["GET"]}}],"collection":[{"href":"https:\/\/vidalserveis.com\/es\/wp-json\/wp\/v2\/pages"}],"about":[{"href":"https:\/\/vidalserveis.com\/es\/wp-json\/wp\/v2\/types\/page"}],"author":[{"embeddable":true,"href":"https:\/\/vidalserveis.com\/es\/wp-json\/wp\/v2\/users\/1"}],"replies":[{"embeddable":true,"href":"https:\/\/vidalserveis.com\/es\/wp-json\/wp\/v2\/comments?post=302"}],"version-history":[{"count":3,"href":"https:\/\/vidalserveis.com\/es\/wp-json\/wp\/v2\/pages\/302\/revisions"}],"predecessor-version":[{"id":26499,"href":"https:\/\/vidalserveis.com\/es\/wp-json\/wp\/v2\/pages\/302\/revisions\/26499"}],"wp:attachment":[{"href":"https:\/\/vidalserveis.com\/es\/wp-json\/wp\/v2\/media?parent=302"}],"curies":[{"name":"wp","href":"https:\/\/api.w.org\/{rel}","templated":true}]}}