{"id":25602,"date":"2026-04-28T02:32:29","date_gmt":"2026-04-28T00:32:29","guid":{"rendered":"https:\/\/vidalserveis.com\/immoble\/suelo-industrial-en-venta-al-palau-danglesola\/"},"modified":"2026-04-28T02:34:03","modified_gmt":"2026-04-28T00:34:03","slug":"suelo-industrial-en-venta-al-palau-danglesola","status":"publish","type":"product","link":"https:\/\/vidalserveis.com\/es\/immoble\/suelo-industrial-en-venta-al-palau-danglesola\/","title":{"rendered":"Suelo industrial en VENTA al Palau d&#8217;Anglesola"},"content":{"rendered":"<p>Suelo industrial en VENTA.<br \/>\nPol\u00edgono industrial SAU3 del Palau d&#8217;Anglesola, uno de los mejores pol\u00edgonos industriales de la zona, a pie de Autov\u00eda A-2, y cerca de las grandes v\u00edas principales, Carretera N-II y Autopista AP-2.<br \/>\nTotalmente urbanizado, un pol\u00edgono consolidado que est\u00e1 creciendo en los \u00faltimos a\u00f1os.<br \/>\nClave 9.c.3, ocupaci\u00f3n m\u00e1xima 90%.<\/p>\n<p>Venga a nuestra oficina para m\u00e1s informaci\u00f3n.<\/p>\n","protected":false},"excerpt":{"rendered":"<p>Suelo industrial en VENTA. Pol\u00edgono industrial SAU3 del Palau d&#8217;Anglesola, uno de los mejores pol\u00edgonos industriales de la zona, a pie de Autov\u00eda A-2, y cerca de las grandes v\u00edas principales, Carretera N-II y Autopista AP-2. Totalmente urbanizado, un pol\u00edgono consolidado que est\u00e1 creciendo en los \u00faltimos a\u00f1os. Clave 9.c.3, ocupaci\u00f3n m\u00e1xima 90%. Venga a [&hellip;]<\/p>\n","protected":false},"featured_media":25303,"comment_status":"closed","ping_status":"open","template":"","meta":[],"product_brand":[],"product_cat":[696,768],"product_tag":[],"class_list":{"0":"post-25602","1":"product","2":"type-product","3":"status-publish","4":"has-post-thumbnail","6":"product_cat-suelo","7":"product_cat-suelo-industrial","8":"pa_calificacion-urbana-industrial","9":"pa_carretera-carretera","10":"pa_cerca-restaurantes-si","11":"pa_farmacia-si","12":"pa_gasolinera-si","13":"pa_localidad-palau-d-anglesola-el","14":"pa_obra-nueva-no","15":"pa_policia-si","16":"pa_poligono-si","17":"pa_precio-venta-1448","18":"pa_provincia-lleida","19":"pa_superficie-util-1099-00","20":"pa_tipo-venta","22":"first","23":"instock","24":"purchasable","25":"product-type-variable"},"_links":{"self":[{"href":"https:\/\/vidalserveis.com\/es\/wp-json\/wp\/v2\/product\/25602","targetHints":{"allow":["GET"]}}],"collection":[{"href":"https:\/\/vidalserveis.com\/es\/wp-json\/wp\/v2\/product"}],"about":[{"href":"https:\/\/vidalserveis.com\/es\/wp-json\/wp\/v2\/types\/product"}],"replies":[{"embeddable":true,"href":"https:\/\/vidalserveis.com\/es\/wp-json\/wp\/v2\/comments?post=25602"}],"version-history":[{"count":1,"href":"https:\/\/vidalserveis.com\/es\/wp-json\/wp\/v2\/product\/25602\/revisions"}],"predecessor-version":[{"id":27119,"href":"https:\/\/vidalserveis.com\/es\/wp-json\/wp\/v2\/product\/25602\/revisions\/27119"}],"wp:featuredmedia":[{"embeddable":true,"href":"https:\/\/vidalserveis.com\/es\/wp-json\/wp\/v2\/media\/25303"}],"wp:attachment":[{"href":"https:\/\/vidalserveis.com\/es\/wp-json\/wp\/v2\/media?parent=25602"}],"wp:term":[{"taxonomy":"product_brand","embeddable":true,"href":"https:\/\/vidalserveis.com\/es\/wp-json\/wp\/v2\/product_brand?post=25602"},{"taxonomy":"product_cat","embeddable":true,"href":"https:\/\/vidalserveis.com\/es\/wp-json\/wp\/v2\/product_cat?post=25602"},{"taxonomy":"product_tag","embeddable":true,"href":"https:\/\/vidalserveis.com\/es\/wp-json\/wp\/v2\/product_tag?post=25602"}],"curies":[{"name":"wp","href":"https:\/\/api.w.org\/{rel}","templated":true}]}}