{"id":25610,"date":"2026-04-28T02:32:39","date_gmt":"2026-04-28T00:32:39","guid":{"rendered":"https:\/\/vidalserveis.com\/immoble\/espectacular-casa-en-venta-en-el-palau-danglesola\/"},"modified":"2026-04-28T02:34:04","modified_gmt":"2026-04-28T00:34:04","slug":"espectacular-casa-en-venta-en-el-palau-danglesola","status":"publish","type":"product","link":"https:\/\/vidalserveis.com\/es\/immoble\/espectacular-casa-en-venta-en-el-palau-danglesola\/","title":{"rendered":"Espectacular casa en venta en el Palau d&#8217;Anglesola."},"content":{"rendered":"<p>\u00a1Aqu\u00ed tienes tu casa!<\/p>\n<p>Casa de grandes dimensiones, ideal para tu familia y todos sus proyectos!<\/p>\n<p>Parcela de 665,84m2, con una superficie construida de 940m2.<br \/>\n\u00a1Tendr\u00e1s espacio para todo lo que quieras!<\/p>\n<p>Dispone de:<br \/>\n&#8211; gran garaje, almacenes y salas polivalentes y bodega,<br \/>\n&#8211; impresionante piso con 5 dormitorios, despacho, cocina espaciosa, sal\u00f3n y comedor con chimenea, balc\u00f3n, fant\u00e1stica terraza, gran galer\u00eda cubierta y sala polivalente.<br \/>\n&#8211; buhardilla distribuida preparada para ampliar la vivienda.<br \/>\n&#8211; fant\u00e1stico jard\u00edn<\/p>\n<p>Situada en el centro del pueblo, con much\u00edsima luz natural, y una fachada con chafl\u00e1n de m\u00e1s 50 metros.<\/p>\n<p>Aqu\u00ed estareis todos juntos, y tendreis vuestros espacios privados.<\/p>\n<p>Pide hora en nuestra oficina para m\u00e1s informaci\u00f3n, estudio econ\u00f3mico y visita.<\/p>\n","protected":false},"excerpt":{"rendered":"<p>\u00a1Aqu\u00ed tienes tu casa! Casa de grandes dimensiones, ideal para tu familia y todos sus proyectos! Parcela de 665,84m2, con una superficie construida de 940m2. \u00a1Tendr\u00e1s espacio para todo lo que quieras! Dispone de: &#8211; gran garaje, almacenes y salas polivalentes y bodega, &#8211; impresionante piso con 5 dormitorios, despacho, cocina espaciosa, sal\u00f3n y comedor [&hellip;]<\/p>\n","protected":false},"featured_media":24724,"comment_status":"closed","ping_status":"open","template":"","meta":[],"product_brand":[],"product_cat":[725,726],"product_tag":[],"class_list":{"0":"post-25610","1":"product","2":"type-product","3":"status-publish","4":"has-post-thumbnail","6":"product_cat-casa","7":"product_cat-unifamiliar-adosada","8":"pa_ano-construccion-2316","9":"pa_calefaccion-si","10":"pa_cerca-colegios-si","11":"pa_estado-conservacion-excelente","12":"pa_estancias-2318","13":"pa_localidad-palau-d-anglesola-el","14":"pa_no-de-banos-222","15":"pa_no-de-dormitorios-no-de-dormitorios","16":"pa_obra-nueva-no","17":"pa_parcela-m2-666-00","18":"pa_parking-si","19":"pa_precio-venta-2330","20":"pa_provincia-lleida","21":"pa_soleado-si","22":"pa_superficie-construida-940-00","23":"pa_superficie-util-200-00","24":"pa_tipo-venta","25":"pa_ubicacion-local-a-pie-de-calle","26":"pa_zona-ajardinada-si","28":"first","29":"instock","30":"purchasable","31":"product-type-variable"},"_links":{"self":[{"href":"https:\/\/vidalserveis.com\/es\/wp-json\/wp\/v2\/product\/25610","targetHints":{"allow":["GET"]}}],"collection":[{"href":"https:\/\/vidalserveis.com\/es\/wp-json\/wp\/v2\/product"}],"about":[{"href":"https:\/\/vidalserveis.com\/es\/wp-json\/wp\/v2\/types\/product"}],"replies":[{"embeddable":true,"href":"https:\/\/vidalserveis.com\/es\/wp-json\/wp\/v2\/comments?post=25610"}],"version-history":[{"count":1,"href":"https:\/\/vidalserveis.com\/es\/wp-json\/wp\/v2\/product\/25610\/revisions"}],"predecessor-version":[{"id":27122,"href":"https:\/\/vidalserveis.com\/es\/wp-json\/wp\/v2\/product\/25610\/revisions\/27122"}],"wp:featuredmedia":[{"embeddable":true,"href":"https:\/\/vidalserveis.com\/es\/wp-json\/wp\/v2\/media\/24724"}],"wp:attachment":[{"href":"https:\/\/vidalserveis.com\/es\/wp-json\/wp\/v2\/media?parent=25610"}],"wp:term":[{"taxonomy":"product_brand","embeddable":true,"href":"https:\/\/vidalserveis.com\/es\/wp-json\/wp\/v2\/product_brand?post=25610"},{"taxonomy":"product_cat","embeddable":true,"href":"https:\/\/vidalserveis.com\/es\/wp-json\/wp\/v2\/product_cat?post=25610"},{"taxonomy":"product_tag","embeddable":true,"href":"https:\/\/vidalserveis.com\/es\/wp-json\/wp\/v2\/product_tag?post=25610"}],"curies":[{"name":"wp","href":"https:\/\/api.w.org\/{rel}","templated":true}]}}