{"id":25634,"date":"2026-04-06T02:31:25","date_gmt":"2026-04-06T00:31:25","guid":{"rendered":"https:\/\/vidalserveis.com\/immoble\/casa-a-reformar-en-venta-en-el-palau-danglesola\/"},"modified":"2026-04-06T02:32:06","modified_gmt":"2026-04-06T00:32:06","slug":"casa-a-reformar-en-venta-en-el-palau-danglesola","status":"publish","type":"product","link":"https:\/\/vidalserveis.com\/es\/immoble\/casa-a-reformar-en-venta-en-el-palau-danglesola\/","title":{"rendered":"Casa a reformar en VENTA en el Palau d&#8217;Anglesola."},"content":{"rendered":"<p>Casa esquinera muy grande a reformar en VENTA en el Palau d&#8217;Anglesola.<br \/>\nPlanta baja con garaje, almac\u00e9n y varias dependencias.<br \/>\nPlanta piso con 7 dormitorios, 2 ba\u00f1os, cocina, sal\u00f3n y terraza cubierta.<br \/>\nPlanta bajocubierta destinada a trastero.<br \/>\nVenga a nuestra oficina para m\u00e1s informaci\u00f3n!<\/p>\n","protected":false},"excerpt":{"rendered":"<p>Casa esquinera muy grande a reformar en VENTA en el Palau d&#8217;Anglesola. Planta baja con garaje, almac\u00e9n y varias dependencias. Planta piso con 7 dormitorios, 2 ba\u00f1os, cocina, sal\u00f3n y terraza cubierta. Planta bajocubierta destinada a trastero. Venga a nuestra oficina para m\u00e1s informaci\u00f3n!<\/p>\n","protected":false},"featured_media":23273,"comment_status":"closed","ping_status":"open","template":"","meta":[],"product_brand":[],"product_cat":[725,726],"product_tag":[],"class_list":{"0":"post-25634","1":"product","2":"type-product","3":"status-publish","4":"has-post-thumbnail","6":"product_cat-casa","7":"product_cat-unifamiliar-adosada","8":"pa_autobus-si","9":"pa_biblioteca-si","10":"pa_categoria-de-les-emisiones-e","11":"pa_centro-urbano-si","12":"pa_cerca-centros-deportivos-si","13":"pa_cerca-farmacia-si","14":"pa_cerca-restaurantes-si","15":"pa_consumo-energetico-kwh-m2-ano-2068","16":"pa_dormitorios-individuales-dormitorios-individuales","17":"pa_emisiones-co2-kg-co2-m2-ano-2067","18":"pa_estado-conservacion-necesita-reforma","19":"pa_localidad-palau-d-anglesola-el","20":"pa_no-de-banos-222","21":"pa_no-de-dormitorios-524","22":"pa_obra-nueva-no","23":"pa_parking-si","24":"pa_parque-infantil-si","25":"pa_precio-venta-2070","26":"pa_provincia-lleida","27":"pa_soleado-si","28":"pa_superficie-construida-579-00","29":"pa_superficie-util-155-00","30":"pa_tipo-venta","31":"pa_ubicacion-local-a-pie-de-calle","33":"first","34":"instock","35":"purchasable","36":"product-type-variable"},"_links":{"self":[{"href":"https:\/\/vidalserveis.com\/es\/wp-json\/wp\/v2\/product\/25634","targetHints":{"allow":["GET"]}}],"collection":[{"href":"https:\/\/vidalserveis.com\/es\/wp-json\/wp\/v2\/product"}],"about":[{"href":"https:\/\/vidalserveis.com\/es\/wp-json\/wp\/v2\/types\/product"}],"replies":[{"embeddable":true,"href":"https:\/\/vidalserveis.com\/es\/wp-json\/wp\/v2\/comments?post=25634"}],"version-history":[{"count":1,"href":"https:\/\/vidalserveis.com\/es\/wp-json\/wp\/v2\/product\/25634\/revisions"}],"predecessor-version":[{"id":27133,"href":"https:\/\/vidalserveis.com\/es\/wp-json\/wp\/v2\/product\/25634\/revisions\/27133"}],"wp:featuredmedia":[{"embeddable":true,"href":"https:\/\/vidalserveis.com\/es\/wp-json\/wp\/v2\/media\/23273"}],"wp:attachment":[{"href":"https:\/\/vidalserveis.com\/es\/wp-json\/wp\/v2\/media?parent=25634"}],"wp:term":[{"taxonomy":"product_brand","embeddable":true,"href":"https:\/\/vidalserveis.com\/es\/wp-json\/wp\/v2\/product_brand?post=25634"},{"taxonomy":"product_cat","embeddable":true,"href":"https:\/\/vidalserveis.com\/es\/wp-json\/wp\/v2\/product_cat?post=25634"},{"taxonomy":"product_tag","embeddable":true,"href":"https:\/\/vidalserveis.com\/es\/wp-json\/wp\/v2\/product_tag?post=25634"}],"curies":[{"name":"wp","href":"https:\/\/api.w.org\/{rel}","templated":true}]}}