{"id":25640,"date":"2026-05-09T02:32:57","date_gmt":"2026-05-09T00:32:57","guid":{"rendered":"https:\/\/vidalserveis.com\/immoble\/parking-en-venta-en-mollerussa-2\/"},"modified":"2026-05-09T02:34:05","modified_gmt":"2026-05-09T00:34:05","slug":"parking-en-venta-en-mollerussa","status":"publish","type":"product","link":"https:\/\/vidalserveis.com\/es\/immoble\/parking-en-venta-en-mollerussa\/","title":{"rendered":"Parking en VENTA en Mollerussa."},"content":{"rendered":"<p>Parking en VENTA en Mollerussa.<br \/>\nMuy bien situada en el comienzo de la Avenida de la Pau, al lado de la Avenida del Canal.<br \/>\nZona con escasa oferta de parkings.<br \/>\nVenga a nuestra oficina para m\u00e1s informaci\u00f3n.<br \/>\nN\u00famero API: 0342-LL, n\u00famero registro: 3029<\/p>\n","protected":false},"excerpt":{"rendered":"<p>Parking en VENTA en Mollerussa. Muy bien situada en el comienzo de la Avenida de la Pau, al lado de la Avenida del Canal. Zona con escasa oferta de parkings. Venga a nuestra oficina para m\u00e1s informaci\u00f3n. N\u00famero API: 0342-LL, n\u00famero registro: 3029<\/p>\n","protected":false},"featured_media":20267,"comment_status":"closed","ping_status":"open","template":"","meta":[],"product_brand":[],"product_cat":[771,772],"product_tag":[],"class_list":{"0":"post-25640","1":"product","2":"type-product","3":"status-publish","4":"has-post-thumbnail","6":"product_cat-parking","7":"product_cat-plaza-de-aparcamiento","8":"pa_estado-conservacion-buena","9":"pa_localidad-mollerussa","10":"pa_obra-nueva-no","11":"pa_precio-venta-703","12":"pa_provincia-lleida","13":"pa_superficie-util-13-00","14":"pa_tipo-venta","15":"pa_ubicacion-local-ubicacion-local","17":"first","18":"instock","19":"purchasable","20":"product-type-variable"},"_links":{"self":[{"href":"https:\/\/vidalserveis.com\/es\/wp-json\/wp\/v2\/product\/25640","targetHints":{"allow":["GET"]}}],"collection":[{"href":"https:\/\/vidalserveis.com\/es\/wp-json\/wp\/v2\/product"}],"about":[{"href":"https:\/\/vidalserveis.com\/es\/wp-json\/wp\/v2\/types\/product"}],"replies":[{"embeddable":true,"href":"https:\/\/vidalserveis.com\/es\/wp-json\/wp\/v2\/comments?post=25640"}],"version-history":[{"count":1,"href":"https:\/\/vidalserveis.com\/es\/wp-json\/wp\/v2\/product\/25640\/revisions"}],"predecessor-version":[{"id":27136,"href":"https:\/\/vidalserveis.com\/es\/wp-json\/wp\/v2\/product\/25640\/revisions\/27136"}],"wp:featuredmedia":[{"embeddable":true,"href":"https:\/\/vidalserveis.com\/es\/wp-json\/wp\/v2\/media\/20267"}],"wp:attachment":[{"href":"https:\/\/vidalserveis.com\/es\/wp-json\/wp\/v2\/media?parent=25640"}],"wp:term":[{"taxonomy":"product_brand","embeddable":true,"href":"https:\/\/vidalserveis.com\/es\/wp-json\/wp\/v2\/product_brand?post=25640"},{"taxonomy":"product_cat","embeddable":true,"href":"https:\/\/vidalserveis.com\/es\/wp-json\/wp\/v2\/product_cat?post=25640"},{"taxonomy":"product_tag","embeddable":true,"href":"https:\/\/vidalserveis.com\/es\/wp-json\/wp\/v2\/product_tag?post=25640"}],"curies":[{"name":"wp","href":"https:\/\/api.w.org\/{rel}","templated":true}]}}