{"id":25644,"date":"2026-05-09T02:33:15","date_gmt":"2026-05-09T00:33:15","guid":{"rendered":"https:\/\/vidalserveis.com\/immoble\/terreno-urbano-en-venta-en-mollerussa-con-una-superficie-de-222m2\/"},"modified":"2026-05-09T02:34:05","modified_gmt":"2026-05-09T00:34:05","slug":"terreno-urbano-en-venta-en-mollerussa-con-una-superficie-de-222m2","status":"publish","type":"product","link":"https:\/\/vidalserveis.com\/es\/immoble\/terreno-urbano-en-venta-en-mollerussa-con-una-superficie-de-222m2\/","title":{"rendered":"Terreno urbano en VENTA en Mollerussa, con una superficie de 222m2."},"content":{"rendered":"<p>Terreno urbano en VENTA en Mollerussa, con una superficie de 222m2.<br \/>\nAlineaci\u00f3n a vial, altura reguladora 14,60m (pendiente de propuesta de aprobaci\u00f3n definitiva a 15m, 4 plantas (planta baja + 3 plantas pisos), profundidad m\u00e1xima en planta baja edificable en su totalidad y en las plantas pisos de 18m respecto a la linea de fachada, densidad m\u00e1xima de viviendas neta 1 vivienda\/90m2 de techo.<br \/>\nCondiciones de uso: uso dominante plurifamiliar; uso compatible unifamiliar, peque\u00f1o comercio, oficinas&#8230; ven a consultarnos.<br \/>\n\u00a1Para m\u00e1s informaci\u00f3n, venga a nuestra oficina!N\u00famero API: 0342-LL, n\u00famero registro: 3029<\/p>\n","protected":false},"excerpt":{"rendered":"<p>Terreno urbano en VENTA en Mollerussa, con una superficie de 222m2. Alineaci\u00f3n a vial, altura reguladora 14,60m (pendiente de propuesta de aprobaci\u00f3n definitiva a 15m, 4 plantas (planta baja + 3 plantas pisos), profundidad m\u00e1xima en planta baja edificable en su totalidad y en las plantas pisos de 18m respecto a la linea de fachada, [&hellip;]<\/p>\n","protected":false},"featured_media":20389,"comment_status":"closed","ping_status":"open","template":"","meta":[],"product_brand":[],"product_cat":[696,766],"product_tag":[],"class_list":{"0":"post-25644","1":"product","2":"type-product","3":"status-publish","4":"has-post-thumbnail","6":"product_cat-suelo","7":"product_cat-suelo-urbano","8":"pa_bancos-si","9":"pa_carretera-carretera","10":"pa_centro-urbano-si","11":"pa_centros-sanitarios-si","12":"pa_cerca-restaurantes-si","13":"pa_farmacia-si","14":"pa_gasolinera-si","15":"pa_localidad-mollerussa","16":"pa_obra-nueva-no","17":"pa_policia-si","18":"pa_poligono-si","19":"pa_precio-venta-1999","20":"pa_provincia-lleida","21":"pa_superficie-util-222-00","22":"pa_tipo-venta","23":"pa_ubicacion-local-a-pie-de-calle","24":"pa_zona-de-paso-si","26":"first","27":"instock","28":"purchasable","29":"product-type-variable"},"_links":{"self":[{"href":"https:\/\/vidalserveis.com\/es\/wp-json\/wp\/v2\/product\/25644","targetHints":{"allow":["GET"]}}],"collection":[{"href":"https:\/\/vidalserveis.com\/es\/wp-json\/wp\/v2\/product"}],"about":[{"href":"https:\/\/vidalserveis.com\/es\/wp-json\/wp\/v2\/types\/product"}],"replies":[{"embeddable":true,"href":"https:\/\/vidalserveis.com\/es\/wp-json\/wp\/v2\/comments?post=25644"}],"version-history":[{"count":1,"href":"https:\/\/vidalserveis.com\/es\/wp-json\/wp\/v2\/product\/25644\/revisions"}],"predecessor-version":[{"id":27138,"href":"https:\/\/vidalserveis.com\/es\/wp-json\/wp\/v2\/product\/25644\/revisions\/27138"}],"wp:featuredmedia":[{"embeddable":true,"href":"https:\/\/vidalserveis.com\/es\/wp-json\/wp\/v2\/media\/20389"}],"wp:attachment":[{"href":"https:\/\/vidalserveis.com\/es\/wp-json\/wp\/v2\/media?parent=25644"}],"wp:term":[{"taxonomy":"product_brand","embeddable":true,"href":"https:\/\/vidalserveis.com\/es\/wp-json\/wp\/v2\/product_brand?post=25644"},{"taxonomy":"product_cat","embeddable":true,"href":"https:\/\/vidalserveis.com\/es\/wp-json\/wp\/v2\/product_cat?post=25644"},{"taxonomy":"product_tag","embeddable":true,"href":"https:\/\/vidalserveis.com\/es\/wp-json\/wp\/v2\/product_tag?post=25644"}],"curies":[{"name":"wp","href":"https:\/\/api.w.org\/{rel}","templated":true}]}}