{"id":25654,"date":"2026-05-09T02:33:25","date_gmt":"2026-05-09T00:33:25","guid":{"rendered":"https:\/\/vidalserveis.com\/immoble\/terreno-en-venta-en-ivars-durgell\/"},"modified":"2026-05-09T02:34:06","modified_gmt":"2026-05-09T00:34:06","slug":"terreno-en-venta-en-ivars-durgell","status":"publish","type":"product","link":"https:\/\/vidalserveis.com\/es\/immoble\/terreno-en-venta-en-ivars-durgell\/","title":{"rendered":"Terreno en VENTA en Ivars d&#8217;Urgell."},"content":{"rendered":"<p>Terreno en VENTA en Ivars d&#8217;Urgell.<br \/>\nTerreno urbano, pendiente de terminar de urbanizar, ya que falta ceder una peque\u00f1a parte afectada por un vial, y la urbanizaci\u00f3n de este espacio dedicado a viario peatonal (se adjunta foto de plano urban\u00edstico)<br \/>\nMuy bien situado, acceso por 2 calles, cerca de la Iglesia y el centro m\u00e9dico.<br \/>\nActualmente son dos fincas que se venden conjuntamente y son las referencias catastrales 2466821CG3126N0001AI y 2466835CG3126N0001KI.<br \/>\nSeg\u00fan registro tienen una superficie de 1947m2 y seg\u00fan catastro que se ajusta m\u00e1s a la realidad 1333m3.<br \/>\nUna vez urbanizado tendr\u00e1 la clasificaci\u00f3n de suelo urbano, dentro de la Clau 3, zona de casas aisladas como uso principal. Tambi\u00e9n admite uso de peque\u00f1o comercio, oficinas y servicios, y con uso condicionado: restauraci\u00f3n, educativo, asistencial, sanitario, sociocultural y deportivo.<br \/>\nCondiciones de parcelaci\u00f3n: Parcela m\u00ednima de 400m y fachada m\u00ednima de 15m.<br \/>\nCoeficiente de edificabilidad 0,70m2  techo \/ m2 de sol.<br \/>\nOcupaci\u00f3n m\u00e1xima de la parcela 40% en su volumen.<br \/>\nAltura reguladora 7,20m referente a parcela.<br \/>\nPlanta baja + 1 planta piso.<br \/>\nSeparaci\u00f3n a calle, lateral y fondo: 3 metros.<br \/>\nVenga a nuestra oficina para saber mucho m\u00e1s y tener toda la informaci\u00f3n!N\u00famero API: 0342-LL, n\u00famero registro: 3029<\/p>\n","protected":false},"excerpt":{"rendered":"<p>Terreno en VENTA en Ivars d&#8217;Urgell. Terreno urbano, pendiente de terminar de urbanizar, ya que falta ceder una peque\u00f1a parte afectada por un vial, y la urbanizaci\u00f3n de este espacio dedicado a viario peatonal (se adjunta foto de plano urban\u00edstico) Muy bien situado, acceso por 2 calles, cerca de la Iglesia y el centro m\u00e9dico. [&hellip;]<\/p>\n","protected":false},"featured_media":18040,"comment_status":"closed","ping_status":"open","template":"","meta":[],"product_brand":[],"product_cat":[696,766],"product_tag":[],"class_list":{"0":"post-25654","1":"product","2":"type-product","3":"status-publish","4":"has-post-thumbnail","6":"product_cat-suelo","7":"product_cat-suelo-urbano","8":"pa_bancos-si","9":"pa_centro-urbano-si","10":"pa_centros-sanitarios-centros-sanitarios","11":"pa_cerca-restaurantes-si","12":"pa_farmacia-si","13":"pa_gasolinera-si","14":"pa_grado-urbanizacion-alto","15":"pa_localidad-ivars-d-urgell","16":"pa_obra-nueva-no","17":"pa_observaciones-referencia-cadastral-2466821cg3126n0001ai-inscrita-la-finca-al-registre-de-la-propietat-de-balaguer-volum-3690-llibre-83-foli-20-finca-1291-segons-registre-te-una-superficie-de-14","18":"pa_precio-venta-743","19":"pa_provincia-lleida","20":"pa_superficie-util-1333-00","21":"pa_tipo-venta","22":"pa_ubicacion-local-a-pie-de-calle","24":"first","25":"instock","26":"purchasable","27":"product-type-variable"},"_links":{"self":[{"href":"https:\/\/vidalserveis.com\/es\/wp-json\/wp\/v2\/product\/25654","targetHints":{"allow":["GET"]}}],"collection":[{"href":"https:\/\/vidalserveis.com\/es\/wp-json\/wp\/v2\/product"}],"about":[{"href":"https:\/\/vidalserveis.com\/es\/wp-json\/wp\/v2\/types\/product"}],"replies":[{"embeddable":true,"href":"https:\/\/vidalserveis.com\/es\/wp-json\/wp\/v2\/comments?post=25654"}],"version-history":[{"count":1,"href":"https:\/\/vidalserveis.com\/es\/wp-json\/wp\/v2\/product\/25654\/revisions"}],"predecessor-version":[{"id":27143,"href":"https:\/\/vidalserveis.com\/es\/wp-json\/wp\/v2\/product\/25654\/revisions\/27143"}],"wp:featuredmedia":[{"embeddable":true,"href":"https:\/\/vidalserveis.com\/es\/wp-json\/wp\/v2\/media\/18040"}],"wp:attachment":[{"href":"https:\/\/vidalserveis.com\/es\/wp-json\/wp\/v2\/media?parent=25654"}],"wp:term":[{"taxonomy":"product_brand","embeddable":true,"href":"https:\/\/vidalserveis.com\/es\/wp-json\/wp\/v2\/product_brand?post=25654"},{"taxonomy":"product_cat","embeddable":true,"href":"https:\/\/vidalserveis.com\/es\/wp-json\/wp\/v2\/product_cat?post=25654"},{"taxonomy":"product_tag","embeddable":true,"href":"https:\/\/vidalserveis.com\/es\/wp-json\/wp\/v2\/product_tag?post=25654"}],"curies":[{"name":"wp","href":"https:\/\/api.w.org\/{rel}","templated":true}]}}