{"id":25656,"date":"2026-05-09T02:33:25","date_gmt":"2026-05-09T00:33:25","guid":{"rendered":"https:\/\/vidalserveis.com\/immoble\/terreno-urbano-en-venta-en-el-palau-danglesola-2\/"},"modified":"2026-05-09T02:34:06","modified_gmt":"2026-05-09T00:34:06","slug":"terreno-urbano-en-venta-en-el-palau-danglesola","status":"publish","type":"product","link":"https:\/\/vidalserveis.com\/es\/immoble\/terreno-urbano-en-venta-en-el-palau-danglesola\/","title":{"rendered":"Terreno Urbano en VENTA en El Palau d&#8217;Anglesola"},"content":{"rendered":"<p>Terreno Urbano bien situado en VENTA en El Palau d&#8217;Anglesola<br \/>\nAcceso por 2 calles, con fachada de 15,67m. y 13,57m. aprox. (Fondo de aprox. 42m.)<br \/>\nTipo de ordenaci\u00f3n: alineada a vial. Se acepta ordenaci\u00f3n aislada o aparejada, y plurifamiliar, cumpliendo las condiciones marcadas por la normativa.<br \/>\nN\u00famero de plantas: Planta baja + 2 plantas pisos.<br \/>\nProfundidad edificable: 12m. en vivienda adosada y 18 m. en aislada.<br \/>\nLimite delantero y lateral (dependiendo del tipo de edificacion): 3 metros.<br \/>\nAltura reguladora m\u00e1xima: 10,5m<br \/>\nEdificabilidad neta: 1,1632 m2 techo \/ m2 suelo.<\/p>\n<p>Posibilidad de segregar en 2 parcelas de unos 300m2 aproximadamente cada una, con un precio de venta de 63.000   cada una.<\/p>\n<p>Venga a nuestra oficina para m\u00e1s informaci\u00f3n!N\u00famero API: 0342-LL, n\u00famero registro: 3029<\/p>\n","protected":false},"excerpt":{"rendered":"<p>Terreno Urbano bien situado en VENTA en El Palau d&#8217;Anglesola Acceso por 2 calles, con fachada de 15,67m. y 13,57m. aprox. (Fondo de aprox. 42m.) Tipo de ordenaci\u00f3n: alineada a vial. Se acepta ordenaci\u00f3n aislada o aparejada, y plurifamiliar, cumpliendo las condiciones marcadas por la normativa. N\u00famero de plantas: Planta baja + 2 plantas pisos. [&hellip;]<\/p>\n","protected":false},"featured_media":18063,"comment_status":"closed","ping_status":"open","template":"","meta":[],"product_brand":[],"product_cat":[696,766],"product_tag":[],"class_list":{"0":"post-25656","1":"product","2":"type-product","3":"status-publish","4":"has-post-thumbnail","6":"product_cat-suelo","7":"product_cat-suelo-urbano","8":"pa_localidad-palau-d-anglesola-el","9":"pa_obra-nueva-no","10":"pa_parcela-m2-parcela-m2","11":"pa_precio-venta-1381","12":"pa_provincia-lleida","13":"pa_superficie-util-613-00","14":"pa_tipo-venta","15":"pa_ubicacion-local-a-pie-de-calle","17":"first","18":"instock","19":"purchasable","20":"product-type-variable"},"_links":{"self":[{"href":"https:\/\/vidalserveis.com\/es\/wp-json\/wp\/v2\/product\/25656","targetHints":{"allow":["GET"]}}],"collection":[{"href":"https:\/\/vidalserveis.com\/es\/wp-json\/wp\/v2\/product"}],"about":[{"href":"https:\/\/vidalserveis.com\/es\/wp-json\/wp\/v2\/types\/product"}],"replies":[{"embeddable":true,"href":"https:\/\/vidalserveis.com\/es\/wp-json\/wp\/v2\/comments?post=25656"}],"version-history":[{"count":1,"href":"https:\/\/vidalserveis.com\/es\/wp-json\/wp\/v2\/product\/25656\/revisions"}],"predecessor-version":[{"id":27144,"href":"https:\/\/vidalserveis.com\/es\/wp-json\/wp\/v2\/product\/25656\/revisions\/27144"}],"wp:featuredmedia":[{"embeddable":true,"href":"https:\/\/vidalserveis.com\/es\/wp-json\/wp\/v2\/media\/18063"}],"wp:attachment":[{"href":"https:\/\/vidalserveis.com\/es\/wp-json\/wp\/v2\/media?parent=25656"}],"wp:term":[{"taxonomy":"product_brand","embeddable":true,"href":"https:\/\/vidalserveis.com\/es\/wp-json\/wp\/v2\/product_brand?post=25656"},{"taxonomy":"product_cat","embeddable":true,"href":"https:\/\/vidalserveis.com\/es\/wp-json\/wp\/v2\/product_cat?post=25656"},{"taxonomy":"product_tag","embeddable":true,"href":"https:\/\/vidalserveis.com\/es\/wp-json\/wp\/v2\/product_tag?post=25656"}],"curies":[{"name":"wp","href":"https:\/\/api.w.org\/{rel}","templated":true}]}}