{"id":25677,"date":"2026-04-28T02:33:10","date_gmt":"2026-04-28T00:33:10","guid":{"rendered":"https:\/\/vidalserveis.com\/immoble\/local-comercial-en-venta-en-mollerussa\/"},"modified":"2026-04-28T02:34:05","modified_gmt":"2026-04-28T00:34:05","slug":"local-comercial-en-venta-en-mollerussa","status":"publish","type":"product","link":"https:\/\/vidalserveis.com\/es\/immoble\/local-comercial-en-venta-en-mollerussa\/","title":{"rendered":"Local comercial en Venta en Mollerussa."},"content":{"rendered":"<p>\u00bfQuieres ser el propietario de un nuevo negocio en Mollerussa? \u00a1Esta es tu oportunidad!<br \/>\nLocal con una superficie de 55m2 \u00fatiles y 63m2 construidos, adaptable a muchos negocios con varias dependencias y aseo.<br \/>\nListo para entrar, con m\u00ednima reforma tendr\u00e1s tu negocio en marcha!<br \/>\nVen a nuestra oficina para m\u00e1s informaci\u00f3n.<\/p>\n","protected":false},"excerpt":{"rendered":"<p>\u00bfQuieres ser el propietario de un nuevo negocio en Mollerussa? \u00a1Esta es tu oportunidad! Local con una superficie de 55m2 \u00fatiles y 63m2 construidos, adaptable a muchos negocios con varias dependencias y aseo. Listo para entrar, con m\u00ednima reforma tendr\u00e1s tu negocio en marcha! Ven a nuestra oficina para m\u00e1s informaci\u00f3n.<\/p>\n","protected":false},"featured_media":15771,"comment_status":"closed","ping_status":"open","template":"","meta":[],"product_brand":[],"product_cat":[750,751],"product_tag":[],"class_list":{"0":"post-25677","1":"product","2":"type-product","3":"status-publish","4":"has-post-thumbnail","6":"product_cat-local","7":"product_cat-local-comercial","8":"pa_ano-construccion-1677","9":"pa_autobus-si","10":"pa_cerca-restaurantes-cerca-restaurantes","11":"pa_estado-conservacion-buena","12":"pa_interior-exterior-235","13":"pa_localidad-mollerussa","14":"pa_obra-nueva-no","15":"pa_policia-si","16":"pa_precio-venta-1618","17":"pa_provincia-lleida","18":"pa_superficie-construida-63-00","19":"pa_superficie-util-55-00","20":"pa_tipo-venta","21":"pa_tren-si","22":"pa_ubicacion-local-a-pie-de-calle","23":"pa_zona-de-paso-si","25":"first","26":"instock","27":"purchasable","28":"product-type-variable"},"_links":{"self":[{"href":"https:\/\/vidalserveis.com\/es\/wp-json\/wp\/v2\/product\/25677","targetHints":{"allow":["GET"]}}],"collection":[{"href":"https:\/\/vidalserveis.com\/es\/wp-json\/wp\/v2\/product"}],"about":[{"href":"https:\/\/vidalserveis.com\/es\/wp-json\/wp\/v2\/types\/product"}],"replies":[{"embeddable":true,"href":"https:\/\/vidalserveis.com\/es\/wp-json\/wp\/v2\/comments?post=25677"}],"version-history":[{"count":1,"href":"https:\/\/vidalserveis.com\/es\/wp-json\/wp\/v2\/product\/25677\/revisions"}],"predecessor-version":[{"id":27152,"href":"https:\/\/vidalserveis.com\/es\/wp-json\/wp\/v2\/product\/25677\/revisions\/27152"}],"wp:featuredmedia":[{"embeddable":true,"href":"https:\/\/vidalserveis.com\/es\/wp-json\/wp\/v2\/media\/15771"}],"wp:attachment":[{"href":"https:\/\/vidalserveis.com\/es\/wp-json\/wp\/v2\/media?parent=25677"}],"wp:term":[{"taxonomy":"product_brand","embeddable":true,"href":"https:\/\/vidalserveis.com\/es\/wp-json\/wp\/v2\/product_brand?post=25677"},{"taxonomy":"product_cat","embeddable":true,"href":"https:\/\/vidalserveis.com\/es\/wp-json\/wp\/v2\/product_cat?post=25677"},{"taxonomy":"product_tag","embeddable":true,"href":"https:\/\/vidalserveis.com\/es\/wp-json\/wp\/v2\/product_tag?post=25677"}],"curies":[{"name":"wp","href":"https:\/\/api.w.org\/{rel}","templated":true}]}}