{"id":25679,"date":"2026-05-09T02:33:38","date_gmt":"2026-05-09T00:33:38","guid":{"rendered":"https:\/\/vidalserveis.com\/immoble\/terreno-para-chalet-en-venta-en-ivars-durgell\/"},"modified":"2026-05-09T02:34:06","modified_gmt":"2026-05-09T00:34:06","slug":"terreno-para-chalet-en-venta-en-ivars-durgell","status":"publish","type":"product","link":"https:\/\/vidalserveis.com\/es\/immoble\/terreno-para-chalet-en-venta-en-ivars-durgell\/","title":{"rendered":"Terreno para chalet en VENTA en Ivars d&#8217;Urgell."},"content":{"rendered":"<p>Terreno para chalet en VENTA en Ivars d&#8217;Urgell.<\/p>\n<p>Terreno de 762m2 para chalet y aparte tiene 220m2 r\u00fasticos en la zona de detr\u00e1s.<br \/>\nBien situado.<br \/>\nEdificabilidad limpia 0,70m2 techo \/m2 sol.<br \/>\nAltura m\u00e1xima reguladora 7,20m.<br \/>\nSeparaciones m\u00ednimas: calle, lateral y fondo 3 metros.<br \/>\nN\u00famero API: 0342-LL, n\u00famero registro: 3029<\/p>\n","protected":false},"excerpt":{"rendered":"<p>Terreno para chalet en VENTA en Ivars d&#8217;Urgell. Terreno de 762m2 para chalet y aparte tiene 220m2 r\u00fasticos en la zona de detr\u00e1s. Bien situado. Edificabilidad limpia 0,70m2 techo \/m2 sol. Altura m\u00e1xima reguladora 7,20m. Separaciones m\u00ednimas: calle, lateral y fondo 3 metros. N\u00famero API: 0342-LL, n\u00famero registro: 3029<\/p>\n","protected":false},"featured_media":14874,"comment_status":"closed","ping_status":"open","template":"","meta":[],"product_brand":[],"product_cat":[696,766],"product_tag":[],"class_list":{"0":"post-25679","1":"product","2":"type-product","3":"status-publish","4":"has-post-thumbnail","6":"product_cat-suelo","7":"product_cat-suelo-urbano","8":"pa_calificacion-urbana-sub-zonas-unifamiliares","9":"pa_centro-urbano-si","10":"pa_centros-sanitarios-centros-sanitarios","11":"pa_cerca-restaurantes-si","12":"pa_gasolinera-si","13":"pa_localidad-ivars-d-urgell","14":"pa_obra-nueva-no","15":"pa_observaciones-2665807cg3126s0001ph-i-25143a009001240001we","16":"pa_parque-publico-si","17":"pa_precio-venta-859","18":"pa_provincia-lleida","19":"pa_superficie-util-762-00","20":"pa_supermercados-si","21":"pa_tipo-venta","22":"pa_ubicacion-local-a-pie-de-calle","24":"first","25":"instock","26":"purchasable","27":"product-type-variable"},"_links":{"self":[{"href":"https:\/\/vidalserveis.com\/es\/wp-json\/wp\/v2\/product\/25679","targetHints":{"allow":["GET"]}}],"collection":[{"href":"https:\/\/vidalserveis.com\/es\/wp-json\/wp\/v2\/product"}],"about":[{"href":"https:\/\/vidalserveis.com\/es\/wp-json\/wp\/v2\/types\/product"}],"replies":[{"embeddable":true,"href":"https:\/\/vidalserveis.com\/es\/wp-json\/wp\/v2\/comments?post=25679"}],"version-history":[{"count":1,"href":"https:\/\/vidalserveis.com\/es\/wp-json\/wp\/v2\/product\/25679\/revisions"}],"predecessor-version":[{"id":27153,"href":"https:\/\/vidalserveis.com\/es\/wp-json\/wp\/v2\/product\/25679\/revisions\/27153"}],"wp:featuredmedia":[{"embeddable":true,"href":"https:\/\/vidalserveis.com\/es\/wp-json\/wp\/v2\/media\/14874"}],"wp:attachment":[{"href":"https:\/\/vidalserveis.com\/es\/wp-json\/wp\/v2\/media?parent=25679"}],"wp:term":[{"taxonomy":"product_brand","embeddable":true,"href":"https:\/\/vidalserveis.com\/es\/wp-json\/wp\/v2\/product_brand?post=25679"},{"taxonomy":"product_cat","embeddable":true,"href":"https:\/\/vidalserveis.com\/es\/wp-json\/wp\/v2\/product_cat?post=25679"},{"taxonomy":"product_tag","embeddable":true,"href":"https:\/\/vidalserveis.com\/es\/wp-json\/wp\/v2\/product_tag?post=25679"}],"curies":[{"name":"wp","href":"https:\/\/api.w.org\/{rel}","templated":true}]}}