{"id":25687,"date":"2026-05-09T02:33:38","date_gmt":"2026-05-09T00:33:38","guid":{"rendered":"https:\/\/vidalserveis.com\/immoble\/terreno-residencial-en-venta-en-vilanova-de-bellpuig\/"},"modified":"2026-05-09T02:34:06","modified_gmt":"2026-05-09T00:34:06","slug":"terreno-residencial-en-venta-en-vilanova-de-bellpuig","status":"publish","type":"product","link":"https:\/\/vidalserveis.com\/es\/immoble\/terreno-residencial-en-venta-en-vilanova-de-bellpuig\/","title":{"rendered":"Terreno residencial en VENTA en Vilanova de Bellpuig."},"content":{"rendered":"<p>Con una superficie de 215m2 y una fachada de 12m aproximadamente.<br \/>\nForma de ordenaci\u00f3n: entre medianeras formando agrupaciones o aislada, para construir vivienda unifamiliar.<br \/>\nAltura m\u00e1xima 10m. Planta baja + 2pp. Separaci\u00f3n a vial: 3m.<br \/>\nVenga a nuestra oficina para m\u00e1s informaci\u00f3n y detalles de la edificabilidad!N\u00famero API: 0342-LL, n\u00famero registro: 3029<\/p>\n","protected":false},"excerpt":{"rendered":"<p>Con una superficie de 215m2 y una fachada de 12m aproximadamente. Forma de ordenaci\u00f3n: entre medianeras formando agrupaciones o aislada, para construir vivienda unifamiliar. Altura m\u00e1xima 10m. Planta baja + 2pp. Separaci\u00f3n a vial: 3m. Venga a nuestra oficina para m\u00e1s informaci\u00f3n y detalles de la edificabilidad!N\u00famero API: 0342-LL, n\u00famero registro: 3029<\/p>\n","protected":false},"featured_media":11685,"comment_status":"closed","ping_status":"open","template":"","meta":[],"product_brand":[],"product_cat":[696,766],"product_tag":[],"class_list":{"0":"post-25687","1":"product","2":"type-product","3":"status-publish","4":"has-post-thumbnail","6":"product_cat-suelo","7":"product_cat-suelo-urbano","8":"pa_localidad-vilanova-de-bellpuig","9":"pa_obra-nueva-no","10":"pa_parcela-m2-parcela-m2","11":"pa_precio-venta-1426","12":"pa_provincia-lleida","13":"pa_superficie-util-215-00","14":"pa_tipo-venta","15":"pa_ubicacion-local-a-pie-de-calle","17":"first","18":"instock","19":"purchasable","20":"product-type-variable"},"_links":{"self":[{"href":"https:\/\/vidalserveis.com\/es\/wp-json\/wp\/v2\/product\/25687","targetHints":{"allow":["GET"]}}],"collection":[{"href":"https:\/\/vidalserveis.com\/es\/wp-json\/wp\/v2\/product"}],"about":[{"href":"https:\/\/vidalserveis.com\/es\/wp-json\/wp\/v2\/types\/product"}],"replies":[{"embeddable":true,"href":"https:\/\/vidalserveis.com\/es\/wp-json\/wp\/v2\/comments?post=25687"}],"version-history":[{"count":1,"href":"https:\/\/vidalserveis.com\/es\/wp-json\/wp\/v2\/product\/25687\/revisions"}],"predecessor-version":[{"id":27157,"href":"https:\/\/vidalserveis.com\/es\/wp-json\/wp\/v2\/product\/25687\/revisions\/27157"}],"wp:featuredmedia":[{"embeddable":true,"href":"https:\/\/vidalserveis.com\/es\/wp-json\/wp\/v2\/media\/11685"}],"wp:attachment":[{"href":"https:\/\/vidalserveis.com\/es\/wp-json\/wp\/v2\/media?parent=25687"}],"wp:term":[{"taxonomy":"product_brand","embeddable":true,"href":"https:\/\/vidalserveis.com\/es\/wp-json\/wp\/v2\/product_brand?post=25687"},{"taxonomy":"product_cat","embeddable":true,"href":"https:\/\/vidalserveis.com\/es\/wp-json\/wp\/v2\/product_cat?post=25687"},{"taxonomy":"product_tag","embeddable":true,"href":"https:\/\/vidalserveis.com\/es\/wp-json\/wp\/v2\/product_tag?post=25687"}],"curies":[{"name":"wp","href":"https:\/\/api.w.org\/{rel}","templated":true}]}}