{"id":25695,"date":"2026-05-09T02:33:47","date_gmt":"2026-05-09T00:33:47","guid":{"rendered":"https:\/\/vidalserveis.com\/immoble\/terreno-en-venta-en-mollerussa\/"},"modified":"2026-05-09T02:34:06","modified_gmt":"2026-05-09T00:34:06","slug":"terreno-en-venta-en-mollerussa","status":"publish","type":"product","link":"https:\/\/vidalserveis.com\/es\/immoble\/terreno-en-venta-en-mollerussa\/","title":{"rendered":"Terreno en VENTA en Mollerussa."},"content":{"rendered":"<p>Venta de un solar en la calle President M\u00e0cia, num. 6, situada en el centro de la ciudad. Tiene una superficie de 210m2.N\u00famero API: 0342-LL, n\u00famero registro: 3029<\/p>\n","protected":false},"excerpt":{"rendered":"<p>Venta de un solar en la calle President M\u00e0cia, num. 6, situada en el centro de la ciudad. Tiene una superficie de 210m2.N\u00famero API: 0342-LL, n\u00famero registro: 3029<\/p>\n","protected":false},"featured_media":2755,"comment_status":"closed","ping_status":"open","template":"","meta":[],"product_brand":[],"product_cat":[696,766],"product_tag":[],"class_list":{"0":"post-25695","1":"product","2":"type-product","3":"status-publish","4":"has-post-thumbnail","6":"product_cat-suelo","7":"product_cat-suelo-urbano","8":"pa_bancos-si","9":"pa_carretera-carretera","10":"pa_centro-urbano-si","11":"pa_centros-sanitarios-si","12":"pa_cerca-restaurantes-si","13":"pa_farmacia-si","14":"pa_gasolinera-si","15":"pa_localidad-mollerussa","16":"pa_obra-nueva-no","17":"pa_observaciones-descripcion-del-solar-medidas-longitud-en-metros-por-el-lado-izquierdo-42-longitud-en-metros-por-el-lado-derecho-41-8-no-de-plantas-construibles-so","18":"pa_policia-si","19":"pa_poligono-si","20":"pa_precio-venta-743","21":"pa_provincia-lleida","22":"pa_superficie-util-210-00","23":"pa_tipo-venta","24":"pa_transporte-publico-si","25":"pa_ubicacion-local-a-pie-de-calle","27":"first","28":"instock","29":"purchasable","30":"product-type-variable"},"_links":{"self":[{"href":"https:\/\/vidalserveis.com\/es\/wp-json\/wp\/v2\/product\/25695","targetHints":{"allow":["GET"]}}],"collection":[{"href":"https:\/\/vidalserveis.com\/es\/wp-json\/wp\/v2\/product"}],"about":[{"href":"https:\/\/vidalserveis.com\/es\/wp-json\/wp\/v2\/types\/product"}],"replies":[{"embeddable":true,"href":"https:\/\/vidalserveis.com\/es\/wp-json\/wp\/v2\/comments?post=25695"}],"version-history":[{"count":1,"href":"https:\/\/vidalserveis.com\/es\/wp-json\/wp\/v2\/product\/25695\/revisions"}],"predecessor-version":[{"id":27162,"href":"https:\/\/vidalserveis.com\/es\/wp-json\/wp\/v2\/product\/25695\/revisions\/27162"}],"wp:featuredmedia":[{"embeddable":true,"href":"https:\/\/vidalserveis.com\/es\/wp-json\/wp\/v2\/media\/2755"}],"wp:attachment":[{"href":"https:\/\/vidalserveis.com\/es\/wp-json\/wp\/v2\/media?parent=25695"}],"wp:term":[{"taxonomy":"product_brand","embeddable":true,"href":"https:\/\/vidalserveis.com\/es\/wp-json\/wp\/v2\/product_brand?post=25695"},{"taxonomy":"product_cat","embeddable":true,"href":"https:\/\/vidalserveis.com\/es\/wp-json\/wp\/v2\/product_cat?post=25695"},{"taxonomy":"product_tag","embeddable":true,"href":"https:\/\/vidalserveis.com\/es\/wp-json\/wp\/v2\/product_tag?post=25695"}],"curies":[{"name":"wp","href":"https:\/\/api.w.org\/{rel}","templated":true}]}}