{"id":25713,"date":"2026-05-09T02:33:55","date_gmt":"2026-05-09T00:33:55","guid":{"rendered":"https:\/\/vidalserveis.com\/immoble\/terreno-en-venta-en-bellvis\/"},"modified":"2026-05-09T02:34:07","modified_gmt":"2026-05-09T00:34:07","slug":"terreno-en-venta-en-bellvis","status":"publish","type":"product","link":"https:\/\/vidalserveis.com\/es\/immoble\/terreno-en-venta-en-bellvis\/","title":{"rendered":"Terreno en VENTA en Bellvis."},"content":{"rendered":"<p>Solar urbano no consolidado.<br \/>\nClave 2.1 &#8211; Edificabilidad planta baja + 2 plantas piso (m\u00e1x. 10,50m).<br \/>\n\u00danico propietario. Parcela resultante de 1.611,04m2.<br \/>\nVenga a nuestra oficina per a m\u00e1s informaci\u00f3n.N\u00famero API: 0342-LL, n\u00famero registro: 3029<\/p>\n","protected":false},"excerpt":{"rendered":"<p>Solar urbano no consolidado. Clave 2.1 &#8211; Edificabilidad planta baja + 2 plantas piso (m\u00e1x. 10,50m). \u00danico propietario. Parcela resultante de 1.611,04m2. Venga a nuestra oficina per a m\u00e1s informaci\u00f3n.N\u00famero API: 0342-LL, n\u00famero registro: 3029<\/p>\n","protected":false},"featured_media":3469,"comment_status":"closed","ping_status":"open","template":"","meta":[],"product_brand":[],"product_cat":[696,697],"product_tag":[],"class_list":{"0":"post-25713","1":"product","2":"type-product","3":"status-publish","4":"has-post-thumbnail","6":"product_cat-suelo","7":"product_cat-suelo-urbanizable","8":"pa_localidad-bellvis","9":"pa_obra-nueva-no","10":"pa_observaciones-pv-2021-121-000son-8-referencies-cadastrals-que-sumen-2-559m2-8562201cg1146s0001em-7segons-lajuntament-es-sol-urba-no-consolidat-unic-propietari-60-m2-urbanitzar-1-6","11":"pa_parcela-m2-parcela-m2","12":"pa_precio-venta-1391","13":"pa_provincia-lleida","14":"pa_superficie-util-1611-00","15":"pa_tipo-venta","16":"pa_ubicacion-local-a-pie-de-calle","18":"first","19":"instock","20":"purchasable","21":"product-type-variable"},"_links":{"self":[{"href":"https:\/\/vidalserveis.com\/es\/wp-json\/wp\/v2\/product\/25713","targetHints":{"allow":["GET"]}}],"collection":[{"href":"https:\/\/vidalserveis.com\/es\/wp-json\/wp\/v2\/product"}],"about":[{"href":"https:\/\/vidalserveis.com\/es\/wp-json\/wp\/v2\/types\/product"}],"replies":[{"embeddable":true,"href":"https:\/\/vidalserveis.com\/es\/wp-json\/wp\/v2\/comments?post=25713"}],"version-history":[{"count":2,"href":"https:\/\/vidalserveis.com\/es\/wp-json\/wp\/v2\/product\/25713\/revisions"}],"predecessor-version":[{"id":28873,"href":"https:\/\/vidalserveis.com\/es\/wp-json\/wp\/v2\/product\/25713\/revisions\/28873"}],"wp:featuredmedia":[{"embeddable":true,"href":"https:\/\/vidalserveis.com\/es\/wp-json\/wp\/v2\/media\/3469"}],"wp:attachment":[{"href":"https:\/\/vidalserveis.com\/es\/wp-json\/wp\/v2\/media?parent=25713"}],"wp:term":[{"taxonomy":"product_brand","embeddable":true,"href":"https:\/\/vidalserveis.com\/es\/wp-json\/wp\/v2\/product_brand?post=25713"},{"taxonomy":"product_cat","embeddable":true,"href":"https:\/\/vidalserveis.com\/es\/wp-json\/wp\/v2\/product_cat?post=25713"},{"taxonomy":"product_tag","embeddable":true,"href":"https:\/\/vidalserveis.com\/es\/wp-json\/wp\/v2\/product_tag?post=25713"}],"curies":[{"name":"wp","href":"https:\/\/api.w.org\/{rel}","templated":true}]}}