{"id":25715,"date":"2026-05-09T02:33:55","date_gmt":"2026-05-09T00:33:55","guid":{"rendered":"https:\/\/vidalserveis.com\/immoble\/terreno-wn-venta-a-golmes\/"},"modified":"2026-05-09T02:34:07","modified_gmt":"2026-05-09T00:34:07","slug":"terreno-wn-venta-a-golmes","status":"publish","type":"product","link":"https:\/\/vidalserveis.com\/es\/immoble\/terreno-wn-venta-a-golmes\/","title":{"rendered":"Terreno wn VENTA a Golm\u00e9s"},"content":{"rendered":"<p>Terreno urbano no consolidado en VENTA a Golm\u00e9s.<br \/>\nTiene una superf\u00edcie de 2.008m2 despu\u00e9s de las actuaciones previstas seg\u00fan plano de normativa municipal.<br \/>\nPOUM Clave 2A Eixample en n\u00facleo antiguo.<br \/>\nAltura reguladora: P.B. + 2 P.P. (10 metros)<br \/>\nProfundidad edificable: Planta baja 100%, plantas piso 16 metros.<br \/>\nFrente m\u00ednimo de fachada: 5 metros.<br \/>\nSuperf\u00edcie edificable: 7.844,48m2<br \/>\nN\u00famero de viviendas: m\u00e1ximo 1 vivienda\/100m2<\/p>\n<p>Ven a nuestra oficina per a m\u00e1s informaci\u00f3n.<br \/>\nN\u00famero API: 0342-LL, n\u00famero registro: 3029<\/p>\n","protected":false},"excerpt":{"rendered":"<p>Terreno urbano no consolidado en VENTA a Golm\u00e9s. Tiene una superf\u00edcie de 2.008m2 despu\u00e9s de las actuaciones previstas seg\u00fan plano de normativa municipal. POUM Clave 2A Eixample en n\u00facleo antiguo. Altura reguladora: P.B. + 2 P.P. (10 metros) Profundidad edificable: Planta baja 100%, plantas piso 16 metros. Frente m\u00ednimo de fachada: 5 metros. Superf\u00edcie edificable: [&hellip;]<\/p>\n","protected":false},"featured_media":3473,"comment_status":"closed","ping_status":"open","template":"","meta":[],"product_brand":[],"product_cat":[696,697],"product_tag":[],"class_list":{"0":"post-25715","1":"product","2":"type-product","3":"status-publish","4":"has-post-thumbnail","6":"product_cat-suelo","7":"product_cat-suelo-urbanizable","8":"pa_localidad-golmes","9":"pa_obra-nueva-no","10":"pa_parcela-m2-parcela-m2","11":"pa_precio-venta-2292","12":"pa_provincia-lleida","13":"pa_superficie-util-2008-00","14":"pa_tipo-venta","15":"pa_ubicacion-local-a-pie-de-calle","17":"first","18":"instock","19":"purchasable","20":"product-type-variable"},"_links":{"self":[{"href":"https:\/\/vidalserveis.com\/es\/wp-json\/wp\/v2\/product\/25715","targetHints":{"allow":["GET"]}}],"collection":[{"href":"https:\/\/vidalserveis.com\/es\/wp-json\/wp\/v2\/product"}],"about":[{"href":"https:\/\/vidalserveis.com\/es\/wp-json\/wp\/v2\/types\/product"}],"replies":[{"embeddable":true,"href":"https:\/\/vidalserveis.com\/es\/wp-json\/wp\/v2\/comments?post=25715"}],"version-history":[{"count":2,"href":"https:\/\/vidalserveis.com\/es\/wp-json\/wp\/v2\/product\/25715\/revisions"}],"predecessor-version":[{"id":28817,"href":"https:\/\/vidalserveis.com\/es\/wp-json\/wp\/v2\/product\/25715\/revisions\/28817"}],"wp:featuredmedia":[{"embeddable":true,"href":"https:\/\/vidalserveis.com\/es\/wp-json\/wp\/v2\/media\/3473"}],"wp:attachment":[{"href":"https:\/\/vidalserveis.com\/es\/wp-json\/wp\/v2\/media?parent=25715"}],"wp:term":[{"taxonomy":"product_brand","embeddable":true,"href":"https:\/\/vidalserveis.com\/es\/wp-json\/wp\/v2\/product_brand?post=25715"},{"taxonomy":"product_cat","embeddable":true,"href":"https:\/\/vidalserveis.com\/es\/wp-json\/wp\/v2\/product_cat?post=25715"},{"taxonomy":"product_tag","embeddable":true,"href":"https:\/\/vidalserveis.com\/es\/wp-json\/wp\/v2\/product_tag?post=25715"}],"curies":[{"name":"wp","href":"https:\/\/api.w.org\/{rel}","templated":true}]}}