{"id":25717,"date":"2026-05-09T02:36:02","date_gmt":"2026-05-09T00:36:02","guid":{"rendered":"https:\/\/vidalserveis.com\/immoble\/terreno-en-venta-en-golmes\/"},"modified":"2026-05-09T02:37:17","modified_gmt":"2026-05-09T00:37:17","slug":"terreno-en-venta-en-golmes","status":"publish","type":"product","link":"https:\/\/vidalserveis.com\/es\/immoble\/terreno-en-venta-en-golmes\/","title":{"rendered":"Terreno en VENTA en Golm\u00e9s."},"content":{"rendered":"<p>Terreno urbano No Consolidado en VENTA en Golm\u00e9s.<br \/>\nCon una superficie de 21.776m2.<br \/>\nVen a nuestra oficina para m\u00e1s informaci\u00f3n.N\u00famero API: 0342-LL, n\u00famero registro: 3029<\/p>\n","protected":false},"excerpt":{"rendered":"<p>Terreno urbano No Consolidado en VENTA en Golm\u00e9s. Con una superficie de 21.776m2. Ven a nuestra oficina para m\u00e1s informaci\u00f3n.N\u00famero API: 0342-LL, n\u00famero registro: 3029<\/p>\n","protected":false},"featured_media":3489,"comment_status":"closed","ping_status":"open","template":"","meta":[],"product_brand":[],"product_cat":[696,766],"product_tag":[],"class_list":{"0":"post-25717","1":"product","2":"type-product","3":"status-publish","4":"has-post-thumbnail","6":"product_cat-suelo","7":"product_cat-suelo-urbano","8":"pa_localidad-golmes","9":"pa_obra-nueva-no","10":"pa_parcela-m2-parcela-m2","11":"pa_precio-venta-1484","12":"pa_provincia-lleida","13":"pa_superficie-util-21776-00","14":"pa_tipo-venta","15":"pa_ubicacion-local-a-pie-de-calle","17":"first","18":"instock","19":"purchasable","20":"product-type-variable"},"_links":{"self":[{"href":"https:\/\/vidalserveis.com\/es\/wp-json\/wp\/v2\/product\/25717","targetHints":{"allow":["GET"]}}],"collection":[{"href":"https:\/\/vidalserveis.com\/es\/wp-json\/wp\/v2\/product"}],"about":[{"href":"https:\/\/vidalserveis.com\/es\/wp-json\/wp\/v2\/types\/product"}],"replies":[{"embeddable":true,"href":"https:\/\/vidalserveis.com\/es\/wp-json\/wp\/v2\/comments?post=25717"}],"version-history":[{"count":2,"href":"https:\/\/vidalserveis.com\/es\/wp-json\/wp\/v2\/product\/25717\/revisions"}],"predecessor-version":[{"id":28818,"href":"https:\/\/vidalserveis.com\/es\/wp-json\/wp\/v2\/product\/25717\/revisions\/28818"}],"wp:featuredmedia":[{"embeddable":true,"href":"https:\/\/vidalserveis.com\/es\/wp-json\/wp\/v2\/media\/3489"}],"wp:attachment":[{"href":"https:\/\/vidalserveis.com\/es\/wp-json\/wp\/v2\/media?parent=25717"}],"wp:term":[{"taxonomy":"product_brand","embeddable":true,"href":"https:\/\/vidalserveis.com\/es\/wp-json\/wp\/v2\/product_brand?post=25717"},{"taxonomy":"product_cat","embeddable":true,"href":"https:\/\/vidalserveis.com\/es\/wp-json\/wp\/v2\/product_cat?post=25717"},{"taxonomy":"product_tag","embeddable":true,"href":"https:\/\/vidalserveis.com\/es\/wp-json\/wp\/v2\/product_tag?post=25717"}],"curies":[{"name":"wp","href":"https:\/\/api.w.org\/{rel}","templated":true}]}}