{"id":25721,"date":"2026-04-28T02:33:40","date_gmt":"2026-04-28T00:33:40","guid":{"rendered":"https:\/\/vidalserveis.com\/immoble\/parking-en-venta-en-mollerussa-5\/"},"modified":"2026-04-28T02:34:06","modified_gmt":"2026-04-28T00:34:06","slug":"parking-en-venta-en-mollerussa-3","status":"publish","type":"product","link":"https:\/\/vidalserveis.com\/es\/immoble\/parking-en-venta-en-mollerussa-3\/","title":{"rendered":"PARKING en VENTA en Mollerussa."},"content":{"rendered":"<p>PARKING en VENTA en Mollerussa.<br \/>\nBien situada, cerca del centro y tocando con la estaci\u00f3n de tren y autob\u00fas.<br \/>\nVenga a nuestra oficina para m\u00e1s informaci\u00f3n.<\/p>\n","protected":false},"excerpt":{"rendered":"<p>PARKING en VENTA en Mollerussa. Bien situada, cerca del centro y tocando con la estaci\u00f3n de tren y autob\u00fas. Venga a nuestra oficina para m\u00e1s informaci\u00f3n.<\/p>\n","protected":false},"featured_media":25311,"comment_status":"closed","ping_status":"open","template":"","meta":[],"product_brand":[],"product_cat":[771,772],"product_tag":[],"class_list":{"0":"post-25721","1":"product","2":"type-product","3":"status-publish","4":"has-post-thumbnail","6":"product_cat-parking","7":"product_cat-plaza-de-aparcamiento","8":"pa_ano-construccion-445","9":"pa_estado-conservacion-excelente","10":"pa_localidad-mollerussa","11":"pa_obra-nueva-no","12":"pa_plaza-num-448","13":"pa_precio-venta-812","14":"pa_provincia-lleida","15":"pa_superficie-util-12-00","16":"pa_tipo-venta","17":"pa_ubicacion-local-a-pie-de-calle","19":"first","20":"instock","21":"purchasable","22":"product-type-variable"},"_links":{"self":[{"href":"https:\/\/vidalserveis.com\/es\/wp-json\/wp\/v2\/product\/25721","targetHints":{"allow":["GET"]}}],"collection":[{"href":"https:\/\/vidalserveis.com\/es\/wp-json\/wp\/v2\/product"}],"about":[{"href":"https:\/\/vidalserveis.com\/es\/wp-json\/wp\/v2\/types\/product"}],"replies":[{"embeddable":true,"href":"https:\/\/vidalserveis.com\/es\/wp-json\/wp\/v2\/comments?post=25721"}],"version-history":[{"count":1,"href":"https:\/\/vidalserveis.com\/es\/wp-json\/wp\/v2\/product\/25721\/revisions"}],"predecessor-version":[{"id":27173,"href":"https:\/\/vidalserveis.com\/es\/wp-json\/wp\/v2\/product\/25721\/revisions\/27173"}],"wp:featuredmedia":[{"embeddable":true,"href":"https:\/\/vidalserveis.com\/es\/wp-json\/wp\/v2\/media\/25311"}],"wp:attachment":[{"href":"https:\/\/vidalserveis.com\/es\/wp-json\/wp\/v2\/media?parent=25721"}],"wp:term":[{"taxonomy":"product_brand","embeddable":true,"href":"https:\/\/vidalserveis.com\/es\/wp-json\/wp\/v2\/product_brand?post=25721"},{"taxonomy":"product_cat","embeddable":true,"href":"https:\/\/vidalserveis.com\/es\/wp-json\/wp\/v2\/product_cat?post=25721"},{"taxonomy":"product_tag","embeddable":true,"href":"https:\/\/vidalserveis.com\/es\/wp-json\/wp\/v2\/product_tag?post=25721"}],"curies":[{"name":"wp","href":"https:\/\/api.w.org\/{rel}","templated":true}]}}