{"id":25725,"date":"2026-05-09T02:36:05","date_gmt":"2026-05-09T00:36:05","guid":{"rendered":"https:\/\/vidalserveis.com\/immoble\/terreno-con-edificacion-en-venta-en-mollerussa\/"},"modified":"2026-05-09T02:37:17","modified_gmt":"2026-05-09T00:37:17","slug":"terreno-con-edificacion-en-venta-en-mollerussa","status":"publish","type":"product","link":"https:\/\/vidalserveis.com\/es\/immoble\/terreno-con-edificacion-en-venta-en-mollerussa\/","title":{"rendered":"Terreno con edificaci\u00f3n en VENTA en Mollerussa."},"content":{"rendered":"<p>Terreno con edificaci\u00f3n en VENTA en Mollerussa.<br \/>\nTerreno esquinero, muy c\u00e9ntrico y bien situado.<br \/>\nDestinado a inversores para construir bloque de pisos y locales comerciales en planta baja.<br \/>\nOrientaci\u00f3n solar muy buena.<br \/>\nVen a nuestra oficina para mas informaci\u00f3n.N\u00famero API: 0342-LL, n\u00famero registro: 3029<\/p>\n","protected":false},"excerpt":{"rendered":"<p>Terreno con edificaci\u00f3n en VENTA en Mollerussa. Terreno esquinero, muy c\u00e9ntrico y bien situado. Destinado a inversores para construir bloque de pisos y locales comerciales en planta baja. Orientaci\u00f3n solar muy buena. Ven a nuestra oficina para mas informaci\u00f3n.N\u00famero API: 0342-LL, n\u00famero registro: 3029<\/p>\n","protected":false},"featured_media":17686,"comment_status":"closed","ping_status":"open","template":"","meta":[],"product_brand":[],"product_cat":[696,766],"product_tag":[],"class_list":{"0":"post-25725","1":"product","2":"type-product","3":"status-publish","4":"has-post-thumbnail","6":"product_cat-suelo","7":"product_cat-suelo-urbano","8":"pa_localidad-mollerussa","9":"pa_obra-nueva-no","10":"pa_parcela-m2-parcela-m2","11":"pa_precio-venta-796","12":"pa_provincia-lleida","13":"pa_superficie-util-212-00","14":"pa_tipo-venta","15":"pa_ubicacion-local-a-pie-de-calle","17":"first","18":"instock","19":"purchasable","20":"product-type-variable"},"_links":{"self":[{"href":"https:\/\/vidalserveis.com\/es\/wp-json\/wp\/v2\/product\/25725","targetHints":{"allow":["GET"]}}],"collection":[{"href":"https:\/\/vidalserveis.com\/es\/wp-json\/wp\/v2\/product"}],"about":[{"href":"https:\/\/vidalserveis.com\/es\/wp-json\/wp\/v2\/types\/product"}],"replies":[{"embeddable":true,"href":"https:\/\/vidalserveis.com\/es\/wp-json\/wp\/v2\/comments?post=25725"}],"version-history":[{"count":2,"href":"https:\/\/vidalserveis.com\/es\/wp-json\/wp\/v2\/product\/25725\/revisions"}],"predecessor-version":[{"id":28822,"href":"https:\/\/vidalserveis.com\/es\/wp-json\/wp\/v2\/product\/25725\/revisions\/28822"}],"wp:featuredmedia":[{"embeddable":true,"href":"https:\/\/vidalserveis.com\/es\/wp-json\/wp\/v2\/media\/17686"}],"wp:attachment":[{"href":"https:\/\/vidalserveis.com\/es\/wp-json\/wp\/v2\/media?parent=25725"}],"wp:term":[{"taxonomy":"product_brand","embeddable":true,"href":"https:\/\/vidalserveis.com\/es\/wp-json\/wp\/v2\/product_brand?post=25725"},{"taxonomy":"product_cat","embeddable":true,"href":"https:\/\/vidalserveis.com\/es\/wp-json\/wp\/v2\/product_cat?post=25725"},{"taxonomy":"product_tag","embeddable":true,"href":"https:\/\/vidalserveis.com\/es\/wp-json\/wp\/v2\/product_tag?post=25725"}],"curies":[{"name":"wp","href":"https:\/\/api.w.org\/{rel}","templated":true}]}}