{"id":25745,"date":"2026-05-09T02:36:19","date_gmt":"2026-05-09T00:36:19","guid":{"rendered":"https:\/\/vidalserveis.com\/immoble\/parcela-urbana-en-venta-en-mollerussa-2\/"},"modified":"2026-05-09T02:37:18","modified_gmt":"2026-05-09T00:37:18","slug":"parcela-urbana-en-venta-en-mollerussa-2","status":"publish","type":"product","link":"https:\/\/vidalserveis.com\/es\/immoble\/parcela-urbana-en-venta-en-mollerussa-2\/","title":{"rendered":"Parcela urbana en VENTA en Mollerussa."},"content":{"rendered":"<p>Parcela urbana en VENTA en Mollerussa.<br \/>\nDispone de una superficie de 367,43m2 de sol y 305,87m2 de techo edificable.<br \/>\nEdificable en planta baja + 2 plantas piso.<br \/>\nCoeficiente de edificabilidad 0,83.<br \/>\nMuy bien situada, en zona de expansi\u00f3n de la ciudad y a 2 minutos del centro.<br \/>\nVenga a informarse!N\u00famero API: 0342-LL, n\u00famero registro: 3029<\/p>\n","protected":false},"excerpt":{"rendered":"<p>Parcela urbana en VENTA en Mollerussa. Dispone de una superficie de 367,43m2 de sol y 305,87m2 de techo edificable. Edificable en planta baja + 2 plantas piso. Coeficiente de edificabilidad 0,83. Muy bien situada, en zona de expansi\u00f3n de la ciudad y a 2 minutos del centro. Venga a informarse!N\u00famero API: 0342-LL, n\u00famero registro: 3029<\/p>\n","protected":false},"featured_media":3835,"comment_status":"closed","ping_status":"open","template":"","meta":[],"product_brand":[],"product_cat":[696,766],"product_tag":[],"class_list":{"0":"post-25745","1":"product","2":"type-product","3":"status-publish","4":"has-post-thumbnail","6":"product_cat-suelo","7":"product_cat-suelo-urbano","8":"pa_localidad-mollerussa","9":"pa_obra-nueva-no","10":"pa_observaciones-03-2021-gregori-diu-que-podem-vendre-a-80-000-vs-6050--iva-inclos-86-050parcella-anomenada-g06-pla-parcial-subsector-2-sector-sub10-avui-clau-3a-7","11":"pa_parcela-m2-parcela-m2","12":"pa_precio-venta-1390","13":"pa_provincia-lleida","14":"pa_superficie-util-368-00","15":"pa_tipo-venta","16":"pa_ubicacion-local-a-pie-de-calle","18":"first","19":"instock","20":"purchasable","21":"product-type-variable"},"_links":{"self":[{"href":"https:\/\/vidalserveis.com\/es\/wp-json\/wp\/v2\/product\/25745","targetHints":{"allow":["GET"]}}],"collection":[{"href":"https:\/\/vidalserveis.com\/es\/wp-json\/wp\/v2\/product"}],"about":[{"href":"https:\/\/vidalserveis.com\/es\/wp-json\/wp\/v2\/types\/product"}],"replies":[{"embeddable":true,"href":"https:\/\/vidalserveis.com\/es\/wp-json\/wp\/v2\/comments?post=25745"}],"version-history":[{"count":2,"href":"https:\/\/vidalserveis.com\/es\/wp-json\/wp\/v2\/product\/25745\/revisions"}],"predecessor-version":[{"id":28831,"href":"https:\/\/vidalserveis.com\/es\/wp-json\/wp\/v2\/product\/25745\/revisions\/28831"}],"wp:featuredmedia":[{"embeddable":true,"href":"https:\/\/vidalserveis.com\/es\/wp-json\/wp\/v2\/media\/3835"}],"wp:attachment":[{"href":"https:\/\/vidalserveis.com\/es\/wp-json\/wp\/v2\/media?parent=25745"}],"wp:term":[{"taxonomy":"product_brand","embeddable":true,"href":"https:\/\/vidalserveis.com\/es\/wp-json\/wp\/v2\/product_brand?post=25745"},{"taxonomy":"product_cat","embeddable":true,"href":"https:\/\/vidalserveis.com\/es\/wp-json\/wp\/v2\/product_cat?post=25745"},{"taxonomy":"product_tag","embeddable":true,"href":"https:\/\/vidalserveis.com\/es\/wp-json\/wp\/v2\/product_tag?post=25745"}],"curies":[{"name":"wp","href":"https:\/\/api.w.org\/{rel}","templated":true}]}}