{"id":25751,"date":"2026-04-03T02:35:04","date_gmt":"2026-04-03T00:35:04","guid":{"rendered":"https:\/\/vidalserveis.com\/immoble\/terreno-urbano-no-consolidado-en-venta-en-golmes\/"},"modified":"2026-04-03T02:36:06","modified_gmt":"2026-04-03T00:36:06","slug":"terreno-urbano-no-consolidado-en-venta-en-golmes","status":"publish","type":"product","link":"https:\/\/vidalserveis.com\/es\/immoble\/terreno-urbano-no-consolidado-en-venta-en-golmes\/","title":{"rendered":"Terreno Urbano no consolidado en VENTA en Golm\u00e9s."},"content":{"rendered":"<p>Terreno Urbano no consolidado en VENTA en Golm\u00e9s.<br \/>\nPara desarrollar cualquier actividad en una inmejorable ubicaci\u00f3n.<br \/>\nVen a nuestra oficina para mas informaci\u00f3n!<\/p>\n","protected":false},"excerpt":{"rendered":"<p>Terreno Urbano no consolidado en VENTA en Golm\u00e9s. Para desarrollar cualquier actividad en una inmejorable ubicaci\u00f3n. Ven a nuestra oficina para mas informaci\u00f3n!<\/p>\n","protected":false},"featured_media":3947,"comment_status":"closed","ping_status":"open","template":"","meta":[],"product_brand":[],"product_cat":[834,696],"product_tag":[],"class_list":{"0":"post-25751","1":"product","2":"type-product","3":"status-publish","4":"has-post-thumbnail","6":"product_cat-otro-suelo","7":"product_cat-suelo","8":"pa_carretera-si","9":"pa_localidad-golmes","10":"pa_obra-nueva-no","11":"pa_observaciones-observaciones","12":"pa_precio-venta-1737","13":"pa_provincia-lleida","14":"pa_superficie-util-5704-00","15":"pa_supermercados-si","16":"pa_tipo-venta","18":"first","19":"instock","20":"purchasable","21":"product-type-variable"},"_links":{"self":[{"href":"https:\/\/vidalserveis.com\/es\/wp-json\/wp\/v2\/product\/25751","targetHints":{"allow":["GET"]}}],"collection":[{"href":"https:\/\/vidalserveis.com\/es\/wp-json\/wp\/v2\/product"}],"about":[{"href":"https:\/\/vidalserveis.com\/es\/wp-json\/wp\/v2\/types\/product"}],"replies":[{"embeddable":true,"href":"https:\/\/vidalserveis.com\/es\/wp-json\/wp\/v2\/comments?post=25751"}],"version-history":[{"count":1,"href":"https:\/\/vidalserveis.com\/es\/wp-json\/wp\/v2\/product\/25751\/revisions"}],"predecessor-version":[{"id":27188,"href":"https:\/\/vidalserveis.com\/es\/wp-json\/wp\/v2\/product\/25751\/revisions\/27188"}],"wp:featuredmedia":[{"embeddable":true,"href":"https:\/\/vidalserveis.com\/es\/wp-json\/wp\/v2\/media\/3947"}],"wp:attachment":[{"href":"https:\/\/vidalserveis.com\/es\/wp-json\/wp\/v2\/media?parent=25751"}],"wp:term":[{"taxonomy":"product_brand","embeddable":true,"href":"https:\/\/vidalserveis.com\/es\/wp-json\/wp\/v2\/product_brand?post=25751"},{"taxonomy":"product_cat","embeddable":true,"href":"https:\/\/vidalserveis.com\/es\/wp-json\/wp\/v2\/product_cat?post=25751"},{"taxonomy":"product_tag","embeddable":true,"href":"https:\/\/vidalserveis.com\/es\/wp-json\/wp\/v2\/product_tag?post=25751"}],"curies":[{"name":"wp","href":"https:\/\/api.w.org\/{rel}","templated":true}]}}