{"id":25765,"date":"2026-05-09T02:36:34","date_gmt":"2026-05-09T00:36:34","guid":{"rendered":"https:\/\/vidalserveis.com\/immoble\/local-comercial-en-venta-en-mollerussa-4\/"},"modified":"2026-05-09T02:37:19","modified_gmt":"2026-05-09T00:37:19","slug":"local-comercial-en-venta-en-mollerussa-4","status":"publish","type":"product","link":"https:\/\/vidalserveis.com\/es\/immoble\/local-comercial-en-venta-en-mollerussa-4\/","title":{"rendered":"Local Comercial en VENTA, en Mollerussa."},"content":{"rendered":"<p>Se vende local comercial, apto para todo tipo de negocios, bien situado en v\u00eda de acceso a la poblaci\u00f3n.<br \/>\nTocando la Carretera N-II.<br \/>\nRegistralmente son 2 locales que se venden conjuntamente.N\u00famero API: 0342-LL, n\u00famero registro: 3029<\/p>\n","protected":false},"excerpt":{"rendered":"<p>Se vende local comercial, apto para todo tipo de negocios, bien situado en v\u00eda de acceso a la poblaci\u00f3n. Tocando la Carretera N-II. Registralmente son 2 locales que se venden conjuntamente.N\u00famero API: 0342-LL, n\u00famero registro: 3029<\/p>\n","protected":false},"featured_media":4243,"comment_status":"closed","ping_status":"open","template":"","meta":[],"product_brand":[],"product_cat":[750,751],"product_tag":[],"class_list":{"0":"post-25765","1":"product","2":"type-product","3":"status-publish","4":"has-post-thumbnail","6":"product_cat-local","7":"product_cat-local-comercial","8":"pa_categoria-de-les-emisiones-exento","9":"pa_cerca-restaurantes-si","10":"pa_estado-conservacion-buena","11":"pa_interior-exterior-235","12":"pa_localidad-mollerussa","13":"pa_obra-nueva-no","14":"pa_precio-venta-2108","15":"pa_provincia-lleida","16":"pa_superficie-construida-420-00","17":"pa_superficie-util-400-00","18":"pa_tipo-venta","19":"pa_ubicacion-local-a-pie-de-calle","20":"pa_zona-comercial-zona-comercial","22":"first","23":"instock","24":"purchasable","25":"product-type-variable"},"_links":{"self":[{"href":"https:\/\/vidalserveis.com\/es\/wp-json\/wp\/v2\/product\/25765","targetHints":{"allow":["GET"]}}],"collection":[{"href":"https:\/\/vidalserveis.com\/es\/wp-json\/wp\/v2\/product"}],"about":[{"href":"https:\/\/vidalserveis.com\/es\/wp-json\/wp\/v2\/types\/product"}],"replies":[{"embeddable":true,"href":"https:\/\/vidalserveis.com\/es\/wp-json\/wp\/v2\/comments?post=25765"}],"version-history":[{"count":2,"href":"https:\/\/vidalserveis.com\/es\/wp-json\/wp\/v2\/product\/25765\/revisions"}],"predecessor-version":[{"id":28840,"href":"https:\/\/vidalserveis.com\/es\/wp-json\/wp\/v2\/product\/25765\/revisions\/28840"}],"wp:featuredmedia":[{"embeddable":true,"href":"https:\/\/vidalserveis.com\/es\/wp-json\/wp\/v2\/media\/4243"}],"wp:attachment":[{"href":"https:\/\/vidalserveis.com\/es\/wp-json\/wp\/v2\/media?parent=25765"}],"wp:term":[{"taxonomy":"product_brand","embeddable":true,"href":"https:\/\/vidalserveis.com\/es\/wp-json\/wp\/v2\/product_brand?post=25765"},{"taxonomy":"product_cat","embeddable":true,"href":"https:\/\/vidalserveis.com\/es\/wp-json\/wp\/v2\/product_cat?post=25765"},{"taxonomy":"product_tag","embeddable":true,"href":"https:\/\/vidalserveis.com\/es\/wp-json\/wp\/v2\/product_tag?post=25765"}],"curies":[{"name":"wp","href":"https:\/\/api.w.org\/{rel}","templated":true}]}}