{"id":25773,"date":"2026-05-09T02:36:45","date_gmt":"2026-05-09T00:36:45","guid":{"rendered":"https:\/\/vidalserveis.com\/immoble\/inmueble-en-venta-en-el-centro-de-mollerussa\/"},"modified":"2026-05-09T02:37:19","modified_gmt":"2026-05-09T00:37:19","slug":"inmueble-en-venta-en-el-centro-de-mollerussa","status":"publish","type":"product","link":"https:\/\/vidalserveis.com\/es\/immoble\/inmueble-en-venta-en-el-centro-de-mollerussa\/","title":{"rendered":"INMUEBLE en VENTA, en el centro de Mollerussa."},"content":{"rendered":"<p>Se vende finca urbana, de superficie 163 m2, con un cubierto de 81 m2. Fachada de 6,5m. aprox. Calle completamente renovada dentro del Pla de Barris de 2018. Contacte con nosotros para mas informaci\u00f3n. N\u00famero API: 0342-LL, n\u00famero registro: 3029<\/p>\n","protected":false},"excerpt":{"rendered":"<p>Se vende finca urbana, de superficie 163 m2, con un cubierto de 81 m2. Fachada de 6,5m. aprox. Calle completamente renovada dentro del Pla de Barris de 2018. Contacte con nosotros para mas informaci\u00f3n. N\u00famero API: 0342-LL, n\u00famero registro: 3029<\/p>\n","protected":false},"featured_media":4601,"comment_status":"closed","ping_status":"open","template":"","meta":[],"product_brand":[],"product_cat":[750,789],"product_tag":[],"class_list":{"0":"post-25773","1":"product","2":"type-product","3":"status-publish","4":"has-post-thumbnail","6":"product_cat-local","7":"product_cat-otro","8":"pa_calificacion-urbana-densificacion-urbana-intensiva","9":"pa_categoria-de-les-emisiones-exento","10":"pa_localidad-mollerussa","11":"pa_obra-nueva-no","12":"pa_observaciones-observaciones","13":"pa_precio-venta-822","14":"pa_provincia-lleida","15":"pa_superficie-construida-81-00","16":"pa_superficie-util-75-00","17":"pa_tipo-venta","19":"first","20":"instock","21":"purchasable","22":"product-type-variable"},"_links":{"self":[{"href":"https:\/\/vidalserveis.com\/es\/wp-json\/wp\/v2\/product\/25773","targetHints":{"allow":["GET"]}}],"collection":[{"href":"https:\/\/vidalserveis.com\/es\/wp-json\/wp\/v2\/product"}],"about":[{"href":"https:\/\/vidalserveis.com\/es\/wp-json\/wp\/v2\/types\/product"}],"replies":[{"embeddable":true,"href":"https:\/\/vidalserveis.com\/es\/wp-json\/wp\/v2\/comments?post=25773"}],"version-history":[{"count":2,"href":"https:\/\/vidalserveis.com\/es\/wp-json\/wp\/v2\/product\/25773\/revisions"}],"predecessor-version":[{"id":28845,"href":"https:\/\/vidalserveis.com\/es\/wp-json\/wp\/v2\/product\/25773\/revisions\/28845"}],"wp:featuredmedia":[{"embeddable":true,"href":"https:\/\/vidalserveis.com\/es\/wp-json\/wp\/v2\/media\/4601"}],"wp:attachment":[{"href":"https:\/\/vidalserveis.com\/es\/wp-json\/wp\/v2\/media?parent=25773"}],"wp:term":[{"taxonomy":"product_brand","embeddable":true,"href":"https:\/\/vidalserveis.com\/es\/wp-json\/wp\/v2\/product_brand?post=25773"},{"taxonomy":"product_cat","embeddable":true,"href":"https:\/\/vidalserveis.com\/es\/wp-json\/wp\/v2\/product_cat?post=25773"},{"taxonomy":"product_tag","embeddable":true,"href":"https:\/\/vidalserveis.com\/es\/wp-json\/wp\/v2\/product_tag?post=25773"}],"curies":[{"name":"wp","href":"https:\/\/api.w.org\/{rel}","templated":true}]}}