{"id":25777,"date":"2026-04-06T02:35:21","date_gmt":"2026-04-06T00:35:21","guid":{"rendered":"https:\/\/vidalserveis.com\/immoble\/edificio-listo-para-acabar-en-venta-en-mollerussa\/"},"modified":"2026-04-06T02:35:55","modified_gmt":"2026-04-06T00:35:55","slug":"edificio-listo-para-acabar-en-venta-en-mollerussa","status":"publish","type":"product","link":"https:\/\/vidalserveis.com\/es\/immoble\/edificio-listo-para-acabar-en-venta-en-mollerussa\/","title":{"rendered":"Edificio listo para acabar en VENTA en Mollerussa."},"content":{"rendered":"<p>Edificio para terminar en el centro de Mollerussa con:<br \/>\n&#8211; Local comercial en planta baja a pie de calle<br \/>\n&#8211; Local\/oficina en planta altillo<br \/>\n&#8211; 3 pisos de 2 dormitorios con 80m2 \u00fatiles, 2 ba\u00f1os, cocina-office, comedor y lavander\u00eda (1\u00ba piso con balc\u00f3n + terraza y 2\u00ba y 3\u00ba piso con balc\u00f3n).<br \/>\n&#8211; D\u00faplex con suite, lavander\u00eda grande, cocina, comedor, ba\u00f1o, terraza, balc\u00f3n y planta d\u00faplex con sala. Superficie \u00fatil 149,22m2.<\/p>\n<p>Acabados con buenas calidades y persianas autom\u00e1ticas.<\/p>\n<p>Venga a nuestra oficina para m\u00e1s informaci\u00f3n.<\/p>\n","protected":false},"excerpt":{"rendered":"<p>Edificio para terminar en el centro de Mollerussa con: &#8211; Local comercial en planta baja a pie de calle &#8211; Local\/oficina en planta altillo &#8211; 3 pisos de 2 dormitorios con 80m2 \u00fatiles, 2 ba\u00f1os, cocina-office, comedor y lavander\u00eda (1\u00ba piso con balc\u00f3n + terraza y 2\u00ba y 3\u00ba piso con balc\u00f3n). &#8211; D\u00faplex con [&hellip;]<\/p>\n","protected":false},"featured_media":6850,"comment_status":"closed","ping_status":"open","template":"","meta":[],"product_brand":[],"product_cat":[831,914],"product_tag":[],"class_list":{"0":"post-25777","1":"product","2":"type-product","3":"status-publish","4":"has-post-thumbnail","6":"product_cat-edificio","7":"product_cat-propiedad-horizontal","8":"pa_centros-sanitarios-si","9":"pa_cerca-colegios-cerca-colegios","10":"pa_estado-conservacion-necesita-reforma","11":"pa_localidad-mollerussa","12":"pa_obra-nueva-no","13":"pa_observaciones-haya-7268188","14":"pa_orientacion-sur","15":"pa_policia-si","16":"pa_precio-venta-2330","17":"pa_provincia-lleida","18":"pa_superficie-construida-451-00","19":"pa_superficie-util-390-00","20":"pa_tipo-venta","21":"pa_tipo-edificio-otros","22":"pa_ubicacion-local-a-pie-de-calle","24":"first","25":"instock","26":"purchasable","27":"product-type-variable"},"_links":{"self":[{"href":"https:\/\/vidalserveis.com\/es\/wp-json\/wp\/v2\/product\/25777","targetHints":{"allow":["GET"]}}],"collection":[{"href":"https:\/\/vidalserveis.com\/es\/wp-json\/wp\/v2\/product"}],"about":[{"href":"https:\/\/vidalserveis.com\/es\/wp-json\/wp\/v2\/types\/product"}],"replies":[{"embeddable":true,"href":"https:\/\/vidalserveis.com\/es\/wp-json\/wp\/v2\/comments?post=25777"}],"version-history":[{"count":1,"href":"https:\/\/vidalserveis.com\/es\/wp-json\/wp\/v2\/product\/25777\/revisions"}],"predecessor-version":[{"id":27203,"href":"https:\/\/vidalserveis.com\/es\/wp-json\/wp\/v2\/product\/25777\/revisions\/27203"}],"wp:featuredmedia":[{"embeddable":true,"href":"https:\/\/vidalserveis.com\/es\/wp-json\/wp\/v2\/media\/6850"}],"wp:attachment":[{"href":"https:\/\/vidalserveis.com\/es\/wp-json\/wp\/v2\/media?parent=25777"}],"wp:term":[{"taxonomy":"product_brand","embeddable":true,"href":"https:\/\/vidalserveis.com\/es\/wp-json\/wp\/v2\/product_brand?post=25777"},{"taxonomy":"product_cat","embeddable":true,"href":"https:\/\/vidalserveis.com\/es\/wp-json\/wp\/v2\/product_cat?post=25777"},{"taxonomy":"product_tag","embeddable":true,"href":"https:\/\/vidalserveis.com\/es\/wp-json\/wp\/v2\/product_tag?post=25777"}],"curies":[{"name":"wp","href":"https:\/\/api.w.org\/{rel}","templated":true}]}}