{"id":25781,"date":"2026-05-09T02:36:45","date_gmt":"2026-05-09T00:36:45","guid":{"rendered":"https:\/\/vidalserveis.com\/immoble\/parking-en-venta-en-mollerussa-10\/"},"modified":"2026-05-09T02:37:19","modified_gmt":"2026-05-09T00:37:19","slug":"parking-en-venta-en-mollerussa-8","status":"publish","type":"product","link":"https:\/\/vidalserveis.com\/es\/immoble\/parking-en-venta-en-mollerussa-8\/","title":{"rendered":"PARKING en VENTA en Mollerussa."},"content":{"rendered":"<p>PARKING en VENTA en Mollerussa.<br \/>\nDe f\u00e1cil acceso.<br \/>\nPlaza n\u00famero 39. No dispone de trastero.<br \/>\nVenga a nuestra oficina para m\u00e1s informaci\u00f3n.N\u00famero API: 0342-LL, n\u00famero registro: 3029<\/p>\n","protected":false},"excerpt":{"rendered":"<p>PARKING en VENTA en Mollerussa. De f\u00e1cil acceso. Plaza n\u00famero 39. No dispone de trastero. Venga a nuestra oficina para m\u00e1s informaci\u00f3n.N\u00famero API: 0342-LL, n\u00famero registro: 3029<\/p>\n","protected":false},"featured_media":4995,"comment_status":"closed","ping_status":"open","template":"","meta":[],"product_brand":[],"product_cat":[771,772],"product_tag":[],"class_list":{"0":"post-25781","1":"product","2":"type-product","3":"status-publish","4":"has-post-thumbnail","6":"product_cat-parking","7":"product_cat-plaza-de-aparcamiento","8":"pa_ano-construccion-525","9":"pa_bajo-rampa-bajo-rampa","10":"pa_capacidad-coche-mediano","11":"pa_columna-lateral-si","12":"pa_estado-conservacion-buena","13":"pa_localidad-mollerussa","14":"pa_obra-nueva-no","15":"pa_precio-venta-2011","16":"pa_provincia-lleida","17":"pa_superficie-util-12-00","18":"pa_tipo-venta","19":"pa_ubicacion-local-a-pie-de-calle","21":"first","22":"instock","23":"purchasable","24":"product-type-variable"},"_links":{"self":[{"href":"https:\/\/vidalserveis.com\/es\/wp-json\/wp\/v2\/product\/25781","targetHints":{"allow":["GET"]}}],"collection":[{"href":"https:\/\/vidalserveis.com\/es\/wp-json\/wp\/v2\/product"}],"about":[{"href":"https:\/\/vidalserveis.com\/es\/wp-json\/wp\/v2\/types\/product"}],"replies":[{"embeddable":true,"href":"https:\/\/vidalserveis.com\/es\/wp-json\/wp\/v2\/comments?post=25781"}],"version-history":[{"count":2,"href":"https:\/\/vidalserveis.com\/es\/wp-json\/wp\/v2\/product\/25781\/revisions"}],"predecessor-version":[{"id":28848,"href":"https:\/\/vidalserveis.com\/es\/wp-json\/wp\/v2\/product\/25781\/revisions\/28848"}],"wp:featuredmedia":[{"embeddable":true,"href":"https:\/\/vidalserveis.com\/es\/wp-json\/wp\/v2\/media\/4995"}],"wp:attachment":[{"href":"https:\/\/vidalserveis.com\/es\/wp-json\/wp\/v2\/media?parent=25781"}],"wp:term":[{"taxonomy":"product_brand","embeddable":true,"href":"https:\/\/vidalserveis.com\/es\/wp-json\/wp\/v2\/product_brand?post=25781"},{"taxonomy":"product_cat","embeddable":true,"href":"https:\/\/vidalserveis.com\/es\/wp-json\/wp\/v2\/product_cat?post=25781"},{"taxonomy":"product_tag","embeddable":true,"href":"https:\/\/vidalserveis.com\/es\/wp-json\/wp\/v2\/product_tag?post=25781"}],"curies":[{"name":"wp","href":"https:\/\/api.w.org\/{rel}","templated":true}]}}