{"id":25785,"date":"2026-05-02T02:36:58","date_gmt":"2026-05-02T00:36:58","guid":{"rendered":"https:\/\/vidalserveis.com\/immoble\/terreno-residencial-en-venta-en-linyola-2\/"},"modified":"2026-05-02T02:37:20","modified_gmt":"2026-05-02T00:37:20","slug":"terreno-residencial-en-venta-en-linyola-2","status":"publish","type":"product","link":"https:\/\/vidalserveis.com\/es\/immoble\/terreno-residencial-en-venta-en-linyola-2\/","title":{"rendered":"TERRENO residencial en VENTA en LINYOLA."},"content":{"rendered":"<p>Con una superficie de 357m2.<br \/>\nBien situado, esquinero, al lado del Ayuntamiento y muy cerca del centro de la poblaci\u00f3n.<br \/>\n\u00a1Venga a nuestra oficina para m\u00e1s informaci\u00f3n!N\u00famero API: 0342-LL, n\u00famero registro: 3029<\/p>\n","protected":false},"excerpt":{"rendered":"<p>Con una superficie de 357m2. Bien situado, esquinero, al lado del Ayuntamiento y muy cerca del centro de la poblaci\u00f3n. \u00a1Venga a nuestra oficina para m\u00e1s informaci\u00f3n!N\u00famero API: 0342-LL, n\u00famero registro: 3029<\/p>\n","protected":false},"featured_media":15952,"comment_status":"closed","ping_status":"open","template":"","meta":[],"product_brand":[],"product_cat":[2274,696],"product_tag":[],"class_list":{"0":"post-25785","1":"product","2":"type-product","3":"status-publish","4":"has-post-thumbnail","6":"product_cat-suelo-residencial","7":"product_cat-suelo","8":"pa_localidad-linyola","9":"pa_obra-nueva-no","10":"pa_observaciones-el-terreny-de-357m2-es-compon-de-dos-finques-contigues-c-cervantes-num-13-de-261m2-i-c-cervantes-num-15-de-96m2ref-cadastral-c-cervantes-num-13-5799413cg2159n0001hdref","11":"pa_parcela-m2-parcela-m2","12":"pa_precio-venta-721","13":"pa_provincia-lleida","14":"pa_superficie-util-357-00","15":"pa_tipo-venta","16":"pa_ubicacion-local-a-pie-de-calle","18":"first","19":"instock","20":"purchasable","21":"product-type-variable"},"_links":{"self":[{"href":"https:\/\/vidalserveis.com\/es\/wp-json\/wp\/v2\/product\/25785","targetHints":{"allow":["GET"]}}],"collection":[{"href":"https:\/\/vidalserveis.com\/es\/wp-json\/wp\/v2\/product"}],"about":[{"href":"https:\/\/vidalserveis.com\/es\/wp-json\/wp\/v2\/types\/product"}],"replies":[{"embeddable":true,"href":"https:\/\/vidalserveis.com\/es\/wp-json\/wp\/v2\/comments?post=25785"}],"version-history":[{"count":2,"href":"https:\/\/vidalserveis.com\/es\/wp-json\/wp\/v2\/product\/25785\/revisions"}],"predecessor-version":[{"id":28849,"href":"https:\/\/vidalserveis.com\/es\/wp-json\/wp\/v2\/product\/25785\/revisions\/28849"}],"wp:featuredmedia":[{"embeddable":true,"href":"https:\/\/vidalserveis.com\/es\/wp-json\/wp\/v2\/media\/15952"}],"wp:attachment":[{"href":"https:\/\/vidalserveis.com\/es\/wp-json\/wp\/v2\/media?parent=25785"}],"wp:term":[{"taxonomy":"product_brand","embeddable":true,"href":"https:\/\/vidalserveis.com\/es\/wp-json\/wp\/v2\/product_brand?post=25785"},{"taxonomy":"product_cat","embeddable":true,"href":"https:\/\/vidalserveis.com\/es\/wp-json\/wp\/v2\/product_cat?post=25785"},{"taxonomy":"product_tag","embeddable":true,"href":"https:\/\/vidalserveis.com\/es\/wp-json\/wp\/v2\/product_tag?post=25785"}],"curies":[{"name":"wp","href":"https:\/\/api.w.org\/{rel}","templated":true}]}}