{"id":25961,"date":"2026-04-07T02:46:16","date_gmt":"2026-04-07T00:46:16","guid":{"rendered":"https:\/\/vidalserveis.com\/immoble\/nave-almacen-para-alquilar\/"},"modified":"2026-04-07T02:48:13","modified_gmt":"2026-04-07T00:48:13","slug":"nave-almacen-para-alquilar","status":"publish","type":"product","link":"https:\/\/vidalserveis.com\/es\/immoble\/nave-almacen-para-alquilar\/","title":{"rendered":"Nave\/Almac\u00e9n para alquilar"},"content":{"rendered":"<p>Nave de 153 m  aproximados, ubicada en la entrada del pueblo. Dispone de una oficina con ventilaci\u00f3n lateral.<br \/>\nIdeal para maquinaria agr\u00edcola, camiones&#8230; o local para paqueter\u00eda de grandes dimensiones.<\/p>\n<p>El alcantarillado y basura corre a cargo del inquilino.<br \/>\nIBI a cargo de la propiedad.<\/p>\n<p>No dude en contactar con nosotros para cualquier pregunta o aclaraci\u00f3n.<\/p>\n","protected":false},"excerpt":{"rendered":"<p>Nave de 153 m aproximados, ubicada en la entrada del pueblo. Dispone de una oficina con ventilaci\u00f3n lateral. Ideal para maquinaria agr\u00edcola, camiones&#8230; o local para paqueter\u00eda de grandes dimensiones. El alcantarillado y basura corre a cargo del inquilino. IBI a cargo de la propiedad. No dude en contactar con nosotros para cualquier pregunta o [&hellip;]<\/p>\n","protected":false},"featured_media":25850,"comment_status":"closed","ping_status":"open","template":"","meta":[],"product_brand":[],"product_cat":[701,702],"product_tag":[],"class_list":{"0":"post-25961","1":"product","2":"type-product","3":"status-publish","4":"has-post-thumbnail","6":"product_cat-industrial","7":"product_cat-nave-industrial","8":"pa_ano-construccion-632","9":"pa_localidad-bell-lloc-d-urgell","10":"pa_obra-nueva-no","11":"pa_precio-alquiler-1516","12":"pa_provincia-lleida","13":"pa_superficie-construida-153-00","14":"pa_tipo-alquiler","15":"pa_ubicacion-local-ubicacion-local","17":"first","18":"instock","19":"purchasable","20":"product-type-variable"},"_links":{"self":[{"href":"https:\/\/vidalserveis.com\/es\/wp-json\/wp\/v2\/product\/25961","targetHints":{"allow":["GET"]}}],"collection":[{"href":"https:\/\/vidalserveis.com\/es\/wp-json\/wp\/v2\/product"}],"about":[{"href":"https:\/\/vidalserveis.com\/es\/wp-json\/wp\/v2\/types\/product"}],"replies":[{"embeddable":true,"href":"https:\/\/vidalserveis.com\/es\/wp-json\/wp\/v2\/comments?post=25961"}],"version-history":[{"count":1,"href":"https:\/\/vidalserveis.com\/es\/wp-json\/wp\/v2\/product\/25961\/revisions"}],"predecessor-version":[{"id":27063,"href":"https:\/\/vidalserveis.com\/es\/wp-json\/wp\/v2\/product\/25961\/revisions\/27063"}],"wp:featuredmedia":[{"embeddable":true,"href":"https:\/\/vidalserveis.com\/es\/wp-json\/wp\/v2\/media\/25850"}],"wp:attachment":[{"href":"https:\/\/vidalserveis.com\/es\/wp-json\/wp\/v2\/media?parent=25961"}],"wp:term":[{"taxonomy":"product_brand","embeddable":true,"href":"https:\/\/vidalserveis.com\/es\/wp-json\/wp\/v2\/product_brand?post=25961"},{"taxonomy":"product_cat","embeddable":true,"href":"https:\/\/vidalserveis.com\/es\/wp-json\/wp\/v2\/product_cat?post=25961"},{"taxonomy":"product_tag","embeddable":true,"href":"https:\/\/vidalserveis.com\/es\/wp-json\/wp\/v2\/product_tag?post=25961"}],"curies":[{"name":"wp","href":"https:\/\/api.w.org\/{rel}","templated":true}]}}