{"id":25977,"date":"2026-04-07T02:46:31","date_gmt":"2026-04-07T00:46:31","guid":{"rendered":"https:\/\/vidalserveis.com\/immoble\/local-comercial-bien-ubicado-en-alquiler-en-mollerussa\/"},"modified":"2026-04-07T02:48:13","modified_gmt":"2026-04-07T00:48:13","slug":"local-comercial-bien-ubicado-en-alquiler-en-mollerussa","status":"publish","type":"product","link":"https:\/\/vidalserveis.com\/es\/immoble\/local-comercial-bien-ubicado-en-alquiler-en-mollerussa\/","title":{"rendered":"Local comercial bien ubicado en alquiler en Mollerussa"},"content":{"rendered":"<p>Local comercial muy bien ubicado en alquiler en Mollerussa.<br \/>\nSituado en la Avinguda del Canal, de acceso r\u00e1pido y f\u00e1cil aparcamiento.<br \/>\nCon una superficie \u00fatil aproximada de 162m2, dispone de dos salas grandes, varios despachos y dos lavabos.<br \/>\nEl local dispone de instalaci\u00f3n el\u00e9ctrica y de una puerta enrollable autom\u00e1tica.<br \/>\nIBI a cargo del propietario. Basura y alcantarillado a cargo del inquilino.<br \/>\nVenga a nuestra oficina para m\u00e1s informaci\u00f3n.<\/p>\n","protected":false},"excerpt":{"rendered":"<p>Local comercial muy bien ubicado en alquiler en Mollerussa. Situado en la Avinguda del Canal, de acceso r\u00e1pido y f\u00e1cil aparcamiento. Con una superficie \u00fatil aproximada de 162m2, dispone de dos salas grandes, varios despachos y dos lavabos. El local dispone de instalaci\u00f3n el\u00e9ctrica y de una puerta enrollable autom\u00e1tica. IBI a cargo del propietario. [&hellip;]<\/p>\n","protected":false},"featured_media":23051,"comment_status":"closed","ping_status":"open","template":"","meta":[],"product_brand":[],"product_cat":[750,751],"product_tag":[],"class_list":{"0":"post-25977","1":"product","2":"type-product","3":"status-publish","4":"has-post-thumbnail","6":"product_cat-local","7":"product_cat-local-comercial","8":"pa_ano-construccion-2229","9":"pa_aseos-375","10":"pa_categoria-de-les-emisiones-c","11":"pa_emisiones-co2-kg-co2-m2-ano-579","12":"pa_estancias-2215","13":"pa_interior-exterior-235","14":"pa_localidad-mollerussa","15":"pa_obra-nueva-no","16":"pa_precio-alquiler-2231","17":"pa_provincia-lleida","18":"pa_superficie-construida-182-00","19":"pa_superficie-util-160-00","20":"pa_tipo-alquiler","22":"first","23":"instock","24":"purchasable","25":"product-type-variable"},"_links":{"self":[{"href":"https:\/\/vidalserveis.com\/es\/wp-json\/wp\/v2\/product\/25977","targetHints":{"allow":["GET"]}}],"collection":[{"href":"https:\/\/vidalserveis.com\/es\/wp-json\/wp\/v2\/product"}],"about":[{"href":"https:\/\/vidalserveis.com\/es\/wp-json\/wp\/v2\/types\/product"}],"replies":[{"embeddable":true,"href":"https:\/\/vidalserveis.com\/es\/wp-json\/wp\/v2\/comments?post=25977"}],"version-history":[{"count":1,"href":"https:\/\/vidalserveis.com\/es\/wp-json\/wp\/v2\/product\/25977\/revisions"}],"predecessor-version":[{"id":27071,"href":"https:\/\/vidalserveis.com\/es\/wp-json\/wp\/v2\/product\/25977\/revisions\/27071"}],"wp:featuredmedia":[{"embeddable":true,"href":"https:\/\/vidalserveis.com\/es\/wp-json\/wp\/v2\/media\/23051"}],"wp:attachment":[{"href":"https:\/\/vidalserveis.com\/es\/wp-json\/wp\/v2\/media?parent=25977"}],"wp:term":[{"taxonomy":"product_brand","embeddable":true,"href":"https:\/\/vidalserveis.com\/es\/wp-json\/wp\/v2\/product_brand?post=25977"},{"taxonomy":"product_cat","embeddable":true,"href":"https:\/\/vidalserveis.com\/es\/wp-json\/wp\/v2\/product_cat?post=25977"},{"taxonomy":"product_tag","embeddable":true,"href":"https:\/\/vidalserveis.com\/es\/wp-json\/wp\/v2\/product_tag?post=25977"}],"curies":[{"name":"wp","href":"https:\/\/api.w.org\/{rel}","templated":true}]}}