{"id":25985,"date":"2026-05-09T02:46:24","date_gmt":"2026-05-09T00:46:24","guid":{"rendered":"https:\/\/vidalserveis.com\/immoble\/local-comercial-en-alquiler-en-mollerussa\/"},"modified":"2026-05-09T02:47:34","modified_gmt":"2026-05-09T00:47:34","slug":"local-comercial-en-alquiler-en-mollerussa","status":"publish","type":"product","link":"https:\/\/vidalserveis.com\/es\/immoble\/local-comercial-en-alquiler-en-mollerussa\/","title":{"rendered":"LOCAL COMERCIAL EN ALQUILER EN MOLLERUSSA."},"content":{"rendered":"<p>LOCAL COMERCIAL EN ALQUILER EN MOLLERUSSA.<br \/>\nEn el CENTRO de la ciudad.<br \/>\nEntrada por 2 calles, una de ellas Calle Comercial importante<br \/>\nMucha luz natural, escaparate, puerta autom\u00e1tica, aseo y altillo.<br \/>\nCon una superficie \u00fatil total de 325,20m2 (288,90m2 en planta baja y 36,30m2 de altillo)<br \/>\nApto para cualquier negocio mediano.<br \/>\nPosibilidad de dividir el local y alquilar una parte.<br \/>\nIBI y tasas municipales a cargo del inquilino. Comunidad a cargo del propietario.<br \/>\nVenga a nuestra oficina para m\u00e1s informaci\u00f3n.N\u00famero API: 0342-LL, n\u00famero registro: 3029<\/p>\n","protected":false},"excerpt":{"rendered":"<p>LOCAL COMERCIAL EN ALQUILER EN MOLLERUSSA. En el CENTRO de la ciudad. Entrada por 2 calles, una de ellas Calle Comercial importante Mucha luz natural, escaparate, puerta autom\u00e1tica, aseo y altillo. Con una superficie \u00fatil total de 325,20m2 (288,90m2 en planta baja y 36,30m2 de altillo) Apto para cualquier negocio mediano. Posibilidad de dividir el [&hellip;]<\/p>\n","protected":false},"featured_media":19532,"comment_status":"closed","ping_status":"open","template":"","meta":[],"product_brand":[],"product_cat":[750,751],"product_tag":[],"class_list":{"0":"post-25985","1":"product","2":"type-product","3":"status-publish","4":"has-post-thumbnail","6":"product_cat-local","7":"product_cat-local-comercial","8":"pa_categoria-de-les-emisiones-c","9":"pa_centro-urbano-si","10":"pa_consumo-energetico-kwh-m2-ano-384","11":"pa_eficiencia-energetica-eficiencia-energetica","12":"pa_emisiones-co2-kg-co2-m2-ano-383","13":"pa_estado-conservacion-buena","14":"pa_localidad-mollerussa","15":"pa_obra-nueva-no","16":"pa_observaciones-la-montserrat-novell-ha-parlat-amb-el-seu-germa-vicenc-i-ell-amb-el-seu-assessor-i-li-ha-dit-que-la-venda-va-amb-itp-notes-dagost-de-2022si-venem-a-de-120-000-a-140-000","17":"pa_precio-alquiler-1865","18":"pa_provincia-lleida","19":"pa_superficie-construida-326-00","20":"pa_superficie-util-325-00","21":"pa_tipo-alquiler","22":"pa_zona-comercial-si","23":"pa_zona-de-paso-si","25":"first","26":"instock","27":"purchasable","28":"product-type-variable"},"_links":{"self":[{"href":"https:\/\/vidalserveis.com\/es\/wp-json\/wp\/v2\/product\/25985","targetHints":{"allow":["GET"]}}],"collection":[{"href":"https:\/\/vidalserveis.com\/es\/wp-json\/wp\/v2\/product"}],"about":[{"href":"https:\/\/vidalserveis.com\/es\/wp-json\/wp\/v2\/types\/product"}],"replies":[{"embeddable":true,"href":"https:\/\/vidalserveis.com\/es\/wp-json\/wp\/v2\/comments?post=25985"}],"version-history":[{"count":1,"href":"https:\/\/vidalserveis.com\/es\/wp-json\/wp\/v2\/product\/25985\/revisions"}],"predecessor-version":[{"id":27074,"href":"https:\/\/vidalserveis.com\/es\/wp-json\/wp\/v2\/product\/25985\/revisions\/27074"}],"wp:featuredmedia":[{"embeddable":true,"href":"https:\/\/vidalserveis.com\/es\/wp-json\/wp\/v2\/media\/19532"}],"wp:attachment":[{"href":"https:\/\/vidalserveis.com\/es\/wp-json\/wp\/v2\/media?parent=25985"}],"wp:term":[{"taxonomy":"product_brand","embeddable":true,"href":"https:\/\/vidalserveis.com\/es\/wp-json\/wp\/v2\/product_brand?post=25985"},{"taxonomy":"product_cat","embeddable":true,"href":"https:\/\/vidalserveis.com\/es\/wp-json\/wp\/v2\/product_cat?post=25985"},{"taxonomy":"product_tag","embeddable":true,"href":"https:\/\/vidalserveis.com\/es\/wp-json\/wp\/v2\/product_tag?post=25985"}],"curies":[{"name":"wp","href":"https:\/\/api.w.org\/{rel}","templated":true}]}}