{"id":26017,"date":"2026-05-09T02:46:55","date_gmt":"2026-05-09T00:46:55","guid":{"rendered":"https:\/\/vidalserveis.com\/immoble\/local-comercial-en-alquiler-en-mollerussa-4\/"},"modified":"2026-05-09T02:47:35","modified_gmt":"2026-05-09T00:47:35","slug":"local-comercial-en-alquiler-en-mollerussa-2","status":"publish","type":"product","link":"https:\/\/vidalserveis.com\/es\/immoble\/local-comercial-en-alquiler-en-mollerussa-2\/","title":{"rendered":"LOCAL COMERCIAL EN ALQUILER, EN MOLLERUSSA"},"content":{"rendered":"<p>Ubicaci\u00f3n perfecta, en el centro comercial de la ciudad.<br \/>\nMuy espacioso, a pie de calle, con zona de escaparate.<br \/>\nIBI y comunidad a cargo del propietario. Tasas municipales a cargo del inquilino.<br \/>\nVenga a nuestra oficina para m\u00e1s informaci\u00f3n.N\u00famero API: 0342-LL, n\u00famero registro: 3029<\/p>\n","protected":false},"excerpt":{"rendered":"<p>Ubicaci\u00f3n perfecta, en el centro comercial de la ciudad. Muy espacioso, a pie de calle, con zona de escaparate. IBI y comunidad a cargo del propietario. Tasas municipales a cargo del inquilino. Venga a nuestra oficina para m\u00e1s informaci\u00f3n.N\u00famero API: 0342-LL, n\u00famero registro: 3029<\/p>\n","protected":false},"featured_media":9409,"comment_status":"closed","ping_status":"open","template":"","meta":[],"product_brand":[],"product_cat":[750,751],"product_tag":[],"class_list":{"0":"post-26017","1":"product","2":"type-product","3":"status-publish","4":"has-post-thumbnail","6":"product_cat-local","7":"product_cat-local-comercial","8":"pa_ano-construccion-525","9":"pa_categoria-de-les-emisiones-c","10":"pa_consumo-energetico-kwh-m2-ano-1335","11":"pa_eficiencia-energetica-eficiencia-energetica","12":"pa_emisiones-co2-kg-co2-m2-ano-310","13":"pa_estado-conservacion-buena","14":"pa_localidad-mollerussa","15":"pa_obra-nueva-no","16":"pa_observaciones-informacion-biapidesaigues-per-al-lavabo-tubo-de-125-arbitris-a-carrec-de-linquiliibi-a-carrec-de-la-propietat-honorarios-por-alquiler-los-paga-el-arrendatario","17":"pa_precio-alquiler-1410","18":"pa_provincia-lleida","19":"pa_superficie-construida-212-00","20":"pa_superficie-util-192-00","21":"pa_tipo-alquiler","23":"first","24":"instock","25":"purchasable","26":"product-type-variable"},"_links":{"self":[{"href":"https:\/\/vidalserveis.com\/es\/wp-json\/wp\/v2\/product\/26017","targetHints":{"allow":["GET"]}}],"collection":[{"href":"https:\/\/vidalserveis.com\/es\/wp-json\/wp\/v2\/product"}],"about":[{"href":"https:\/\/vidalserveis.com\/es\/wp-json\/wp\/v2\/types\/product"}],"replies":[{"embeddable":true,"href":"https:\/\/vidalserveis.com\/es\/wp-json\/wp\/v2\/comments?post=26017"}],"version-history":[{"count":1,"href":"https:\/\/vidalserveis.com\/es\/wp-json\/wp\/v2\/product\/26017\/revisions"}],"predecessor-version":[{"id":27093,"href":"https:\/\/vidalserveis.com\/es\/wp-json\/wp\/v2\/product\/26017\/revisions\/27093"}],"wp:featuredmedia":[{"embeddable":true,"href":"https:\/\/vidalserveis.com\/es\/wp-json\/wp\/v2\/media\/9409"}],"wp:attachment":[{"href":"https:\/\/vidalserveis.com\/es\/wp-json\/wp\/v2\/media?parent=26017"}],"wp:term":[{"taxonomy":"product_brand","embeddable":true,"href":"https:\/\/vidalserveis.com\/es\/wp-json\/wp\/v2\/product_brand?post=26017"},{"taxonomy":"product_cat","embeddable":true,"href":"https:\/\/vidalserveis.com\/es\/wp-json\/wp\/v2\/product_cat?post=26017"},{"taxonomy":"product_tag","embeddable":true,"href":"https:\/\/vidalserveis.com\/es\/wp-json\/wp\/v2\/product_tag?post=26017"}],"curies":[{"name":"wp","href":"https:\/\/api.w.org\/{rel}","templated":true}]}}