{"id":26031,"date":"2026-04-06T02:47:47","date_gmt":"2026-04-06T00:47:47","guid":{"rendered":"https:\/\/vidalserveis.com\/immoble\/almacen-en-alquiler-en-mollerussa\/"},"modified":"2026-04-06T02:48:11","modified_gmt":"2026-04-06T00:48:11","slug":"almacen-en-alquiler-en-mollerussa","status":"publish","type":"product","link":"https:\/\/vidalserveis.com\/es\/immoble\/almacen-en-alquiler-en-mollerussa\/","title":{"rendered":"Almac\u00e9n en ALQUILER en Mollerussa."},"content":{"rendered":"<p>Almac\u00e9n con puerta autom\u00e1tica, di\u00e1fano, en el centro de Mollerussa.<br \/>\nDispone de luz dada de alta. Agua pendiente de dar de alta si el inquilino la necesita, con una superficie de 171m2.<br \/>\nIBI a cargo de la propiedad. Basuras y alcantarillas a cargo del inquilino.<\/p>\n","protected":false},"excerpt":{"rendered":"<p>Almac\u00e9n con puerta autom\u00e1tica, di\u00e1fano, en el centro de Mollerussa. Dispone de luz dada de alta. Agua pendiente de dar de alta si el inquilino la necesita, con una superficie de 171m2. IBI a cargo de la propiedad. Basuras y alcantarillas a cargo del inquilino.<\/p>\n","protected":false},"featured_media":9461,"comment_status":"closed","ping_status":"open","template":"","meta":[],"product_brand":[],"product_cat":[750,751],"product_tag":[],"class_list":{"0":"post-26031","1":"product","2":"type-product","3":"status-publish","4":"has-post-thumbnail","6":"product_cat-local","7":"product_cat-local-comercial","8":"pa_localidad-mollerussa","9":"pa_obra-nueva-no","10":"pa_parcela-m2-parcela-m2","11":"pa_precio-alquiler-972","12":"pa_provincia-lleida","13":"pa_superficie-construida-171-00","14":"pa_superficie-util-169-00","15":"pa_tipo-alquiler","16":"pa_ubicacion-local-a-pie-de-calle","18":"first","19":"instock","20":"purchasable","21":"product-type-variable"},"_links":{"self":[{"href":"https:\/\/vidalserveis.com\/es\/wp-json\/wp\/v2\/product\/26031","targetHints":{"allow":["GET"]}}],"collection":[{"href":"https:\/\/vidalserveis.com\/es\/wp-json\/wp\/v2\/product"}],"about":[{"href":"https:\/\/vidalserveis.com\/es\/wp-json\/wp\/v2\/types\/product"}],"replies":[{"embeddable":true,"href":"https:\/\/vidalserveis.com\/es\/wp-json\/wp\/v2\/comments?post=26031"}],"version-history":[{"count":1,"href":"https:\/\/vidalserveis.com\/es\/wp-json\/wp\/v2\/product\/26031\/revisions"}],"predecessor-version":[{"id":27100,"href":"https:\/\/vidalserveis.com\/es\/wp-json\/wp\/v2\/product\/26031\/revisions\/27100"}],"wp:featuredmedia":[{"embeddable":true,"href":"https:\/\/vidalserveis.com\/es\/wp-json\/wp\/v2\/media\/9461"}],"wp:attachment":[{"href":"https:\/\/vidalserveis.com\/es\/wp-json\/wp\/v2\/media?parent=26031"}],"wp:term":[{"taxonomy":"product_brand","embeddable":true,"href":"https:\/\/vidalserveis.com\/es\/wp-json\/wp\/v2\/product_brand?post=26031"},{"taxonomy":"product_cat","embeddable":true,"href":"https:\/\/vidalserveis.com\/es\/wp-json\/wp\/v2\/product_cat?post=26031"},{"taxonomy":"product_tag","embeddable":true,"href":"https:\/\/vidalserveis.com\/es\/wp-json\/wp\/v2\/product_tag?post=26031"}],"curies":[{"name":"wp","href":"https:\/\/api.w.org\/{rel}","templated":true}]}}