{"id":27358,"date":"2026-04-07T02:46:16","date_gmt":"2026-04-07T00:46:16","guid":{"rendered":"https:\/\/vidalserveis.com\/immoble\/local-de-alquiler-listo-para-entrar\/"},"modified":"2026-04-07T02:48:12","modified_gmt":"2026-04-07T00:48:12","slug":"local-de-alquiler-listo-para-entrar","status":"publish","type":"product","link":"https:\/\/vidalserveis.com\/es\/immoble\/local-de-alquiler-listo-para-entrar\/","title":{"rendered":"Local de alquiler listo para entrar."},"content":{"rendered":"<p>Local comercial de 75  m , distribuidos en tres salas independientes y polivalentes, una zona de entrada con mostrador de recepci\u00f3n y un ba\u00f1o completo con ducha.<br \/>\nLas salas disponen de bomba de calor y fr\u00edo, los suministros de luz y agua estas dados de alta. Ideal para adaptarse a diferentes actividades (oficina, consulta, est\u00e9tica, fisioterapia, centro de formaci\u00f3n, etc).<br \/>\nEl IBI a cargo del propietario y las tasas de basura y alcantarillado por el inquilino.<\/p>\n","protected":false},"excerpt":{"rendered":"<p>Local comercial de 75 m , distribuidos en tres salas independientes y polivalentes, una zona de entrada con mostrador de recepci\u00f3n y un ba\u00f1o completo con ducha. Las salas disponen de bomba de calor y fr\u00edo, los suministros de luz y agua estas dados de alta. Ideal para adaptarse a diferentes actividades (oficina, consulta, est\u00e9tica, [&hellip;]<\/p>\n","protected":false},"featured_media":27301,"comment_status":"closed","ping_status":"open","template":"","meta":[],"product_brand":[],"product_cat":[750,751],"product_tag":[],"class_list":{"0":"post-27358","1":"product","2":"type-product","3":"status-publish","4":"has-post-thumbnail","6":"product_cat-local","7":"product_cat-local-comercial","8":"pa_localidad-mollerussa","9":"pa_obra-nueva-no","10":"pa_precio-alquiler-2017","11":"pa_provincia-lleida","12":"pa_superficie-construida-78-00","13":"pa_superficie-util-75-00","14":"pa_tipo-alquiler","15":"pa_ubicacion-local-a-pie-de-calle","17":"first","18":"instock","19":"purchasable","20":"product-type-variable"},"_links":{"self":[{"href":"https:\/\/vidalserveis.com\/es\/wp-json\/wp\/v2\/product\/27358","targetHints":{"allow":["GET"]}}],"collection":[{"href":"https:\/\/vidalserveis.com\/es\/wp-json\/wp\/v2\/product"}],"about":[{"href":"https:\/\/vidalserveis.com\/es\/wp-json\/wp\/v2\/types\/product"}],"replies":[{"embeddable":true,"href":"https:\/\/vidalserveis.com\/es\/wp-json\/wp\/v2\/comments?post=27358"}],"version-history":[{"count":0,"href":"https:\/\/vidalserveis.com\/es\/wp-json\/wp\/v2\/product\/27358\/revisions"}],"wp:featuredmedia":[{"embeddable":true,"href":"https:\/\/vidalserveis.com\/es\/wp-json\/wp\/v2\/media\/27301"}],"wp:attachment":[{"href":"https:\/\/vidalserveis.com\/es\/wp-json\/wp\/v2\/media?parent=27358"}],"wp:term":[{"taxonomy":"product_brand","embeddable":true,"href":"https:\/\/vidalserveis.com\/es\/wp-json\/wp\/v2\/product_brand?post=27358"},{"taxonomy":"product_cat","embeddable":true,"href":"https:\/\/vidalserveis.com\/es\/wp-json\/wp\/v2\/product_cat?post=27358"},{"taxonomy":"product_tag","embeddable":true,"href":"https:\/\/vidalserveis.com\/es\/wp-json\/wp\/v2\/product_tag?post=27358"}],"curies":[{"name":"wp","href":"https:\/\/api.w.org\/{rel}","templated":true}]}}