{"id":27360,"date":"2026-04-07T02:46:16","date_gmt":"2026-04-07T00:46:16","guid":{"rendered":"https:\/\/vidalserveis.com\/immoble\/un-espacio-ideal-de-440m2-para-tu-nuevo-restaurante-bar-cafeteria-o-per-para-otro-tipo-de-negocio\/"},"modified":"2026-04-07T02:48:12","modified_gmt":"2026-04-07T00:48:12","slug":"un-espacio-ideal-de-440-m-para-tu-nuevo-restaurante-bar-cafeteria-o-per-para-otro-tipo-de-negocio","status":"publish","type":"product","link":"https:\/\/vidalserveis.com\/es\/immoble\/un-espacio-ideal-de-440-m-para-tu-nuevo-restaurante-bar-cafeteria-o-per-para-otro-tipo-de-negocio\/","title":{"rendered":"Un espacio ideal de 440  m   para tu nuevo restaurante, bar, cafeter\u00eda o per para otro tipo de negocio"},"content":{"rendered":"<p>Luminoso local de 440 m  perfectamente adecuado para acoger un restaurante, cafeter\u00eda u otros negocios. El espacio se distribuye de forma funcional: dos amplias salas con barra de servicio, ideales para zona de comedor, eventos o distribuci\u00f3n en comedor principal y zona de tapas\/bar; dos ba\u00f1os, uno de ellos adaptado para personas con movilidad reducida; zona de cocina con salida de humo, deber\u00eda equiparse la cocina con los elementos seg\u00fan las necesidades del negocio; un espacio que podemos destinar a almacenamiento de productos secos y utensilios, espacio destinado a c\u00e1mara frigor\u00edfica y una sala de lavander\u00eda, ideal para limpiar los textiles del negocio.<br \/>\nEst\u00e1 ubicado en un pol\u00edgono comercial y industrial de f\u00e1cil acceso y aparcamiento, tiene entrada por dos calles, una de ellas dispone de terraza.<br \/>\nEl local ofrece m\u00faltiples posibilidades seg\u00fan el proyecto gastron\u00f3mico o otras actividades que se quieran emprender.<br \/>\nIBI a cargo propietario, tasas municipales a cargo arrendatario.<\/p>\n","protected":false},"excerpt":{"rendered":"<p>Luminoso local de 440 m perfectamente adecuado para acoger un restaurante, cafeter\u00eda u otros negocios. El espacio se distribuye de forma funcional: dos amplias salas con barra de servicio, ideales para zona de comedor, eventos o distribuci\u00f3n en comedor principal y zona de tapas\/bar; dos ba\u00f1os, uno de ellos adaptado para personas con movilidad reducida; [&hellip;]<\/p>\n","protected":false},"featured_media":27315,"comment_status":"closed","ping_status":"open","template":"","meta":[],"product_brand":[],"product_cat":[750,751],"product_tag":[],"class_list":{"0":"post-27360","1":"product","2":"type-product","3":"status-publish","4":"has-post-thumbnail","6":"product_cat-local","7":"product_cat-local-comercial","8":"pa_ano-construccion-315","9":"pa_localidad-golmes","10":"pa_obra-nueva-no","11":"pa_parcela-m2-parcela-m2","12":"pa_precio-alquiler-2401","13":"pa_provincia-lleida","14":"pa_superficie-construida-444-00","15":"pa_superficie-util-440-00","16":"pa_tipo-alquiler","17":"pa_ubicacion-local-a-pie-de-calle","19":"first","20":"instock","21":"purchasable","22":"product-type-variable"},"_links":{"self":[{"href":"https:\/\/vidalserveis.com\/es\/wp-json\/wp\/v2\/product\/27360","targetHints":{"allow":["GET"]}}],"collection":[{"href":"https:\/\/vidalserveis.com\/es\/wp-json\/wp\/v2\/product"}],"about":[{"href":"https:\/\/vidalserveis.com\/es\/wp-json\/wp\/v2\/types\/product"}],"replies":[{"embeddable":true,"href":"https:\/\/vidalserveis.com\/es\/wp-json\/wp\/v2\/comments?post=27360"}],"version-history":[{"count":0,"href":"https:\/\/vidalserveis.com\/es\/wp-json\/wp\/v2\/product\/27360\/revisions"}],"wp:featuredmedia":[{"embeddable":true,"href":"https:\/\/vidalserveis.com\/es\/wp-json\/wp\/v2\/media\/27315"}],"wp:attachment":[{"href":"https:\/\/vidalserveis.com\/es\/wp-json\/wp\/v2\/media?parent=27360"}],"wp:term":[{"taxonomy":"product_brand","embeddable":true,"href":"https:\/\/vidalserveis.com\/es\/wp-json\/wp\/v2\/product_brand?post=27360"},{"taxonomy":"product_cat","embeddable":true,"href":"https:\/\/vidalserveis.com\/es\/wp-json\/wp\/v2\/product_cat?post=27360"},{"taxonomy":"product_tag","embeddable":true,"href":"https:\/\/vidalserveis.com\/es\/wp-json\/wp\/v2\/product_tag?post=27360"}],"curies":[{"name":"wp","href":"https:\/\/api.w.org\/{rel}","templated":true}]}}