{"id":27584,"date":"2026-04-28T02:32:17","date_gmt":"2026-04-28T00:32:17","guid":{"rendered":"https:\/\/vidalserveis.com\/immoble\/casa-de-pueblo-con-encanto\/"},"modified":"2026-04-28T02:34:03","modified_gmt":"2026-04-28T00:34:03","slug":"casa-de-pueblo-con-encanto","status":"publish","type":"product","link":"https:\/\/vidalserveis.com\/es\/immoble\/casa-de-pueblo-con-encanto\/","title":{"rendered":"Casa de Pueblo con encanto"},"content":{"rendered":"<p>Casa de pueblo de 443 m  construidos, ubicada en un entorno tranquilo. La vivienda conserva el encanto original y con alguna reforma, ofrece amplios espacios ideales para adaptarlos a distintas necesidades familiares o proyectos personales.<\/p>\n<p>La casa se distribuye en planta baja con almac\u00e9n y jard\u00edn, primera planta con cocina independiente, comedor con salida a un balc\u00f3n, varias habitaciones y planta bajocubierta que permiten m\u00faltiples usos. <\/p>\n<p>En la parte posterior encontramos un patio, perfecto para disfrutar de momentos de tranquilidad o como espacio exterior para actividades familiares.<\/p>\n<p>Entrada por dos calles. <\/p>\n<p>El inmueble destaca por su gran potencial tanto por vivir todo el a\u00f1o como por convertirlo en una segunda residencia o incluso en un proyecto tur\u00edstico o rural.<\/p>\n","protected":false},"excerpt":{"rendered":"<p>Casa de pueblo de 443 m construidos, ubicada en un entorno tranquilo. La vivienda conserva el encanto original y con alguna reforma, ofrece amplios espacios ideales para adaptarlos a distintas necesidades familiares o proyectos personales. La casa se distribuye en planta baja con almac\u00e9n y jard\u00edn, primera planta con cocina independiente, comedor con salida a [&hellip;]<\/p>\n","protected":false},"featured_media":27566,"comment_status":"closed","ping_status":"open","template":"","meta":[],"product_brand":[],"product_cat":[725,726],"product_tag":[],"class_list":{"0":"post-27584","1":"product","2":"type-product","3":"status-publish","4":"has-post-thumbnail","6":"product_cat-casa","7":"product_cat-unifamiliar-adosada","8":"pa_ano-construccion-2413","9":"pa_categoria-de-les-emisiones-f","10":"pa_emisiones-co2-kg-co2-m2-ano-1365","11":"pa_localidad-linyola","12":"pa_obra-nueva-no","13":"pa_observaciones-observaciones","14":"pa_precio-venta-762","15":"pa_provincia-lleida","16":"pa_superficie-construida-443-00","17":"pa_superficie-util-1-00","18":"pa_tipo-venta","20":"first","21":"instock","22":"purchasable","23":"product-type-variable"},"_links":{"self":[{"href":"https:\/\/vidalserveis.com\/es\/wp-json\/wp\/v2\/product\/27584","targetHints":{"allow":["GET"]}}],"collection":[{"href":"https:\/\/vidalserveis.com\/es\/wp-json\/wp\/v2\/product"}],"about":[{"href":"https:\/\/vidalserveis.com\/es\/wp-json\/wp\/v2\/types\/product"}],"replies":[{"embeddable":true,"href":"https:\/\/vidalserveis.com\/es\/wp-json\/wp\/v2\/comments?post=27584"}],"version-history":[{"count":0,"href":"https:\/\/vidalserveis.com\/es\/wp-json\/wp\/v2\/product\/27584\/revisions"}],"wp:featuredmedia":[{"embeddable":true,"href":"https:\/\/vidalserveis.com\/es\/wp-json\/wp\/v2\/media\/27566"}],"wp:attachment":[{"href":"https:\/\/vidalserveis.com\/es\/wp-json\/wp\/v2\/media?parent=27584"}],"wp:term":[{"taxonomy":"product_brand","embeddable":true,"href":"https:\/\/vidalserveis.com\/es\/wp-json\/wp\/v2\/product_brand?post=27584"},{"taxonomy":"product_cat","embeddable":true,"href":"https:\/\/vidalserveis.com\/es\/wp-json\/wp\/v2\/product_cat?post=27584"},{"taxonomy":"product_tag","embeddable":true,"href":"https:\/\/vidalserveis.com\/es\/wp-json\/wp\/v2\/product_tag?post=27584"}],"curies":[{"name":"wp","href":"https:\/\/api.w.org\/{rel}","templated":true}]}}