{"id":27736,"date":"2026-04-28T02:36:42","date_gmt":"2026-04-28T00:36:42","guid":{"rendered":"https:\/\/vidalserveis.com\/immoble\/terreno-rustico-en-venta-en-bellvis-2\/"},"modified":"2026-04-28T02:36:54","modified_gmt":"2026-04-28T00:36:54","slug":"terreno-rustico-en-venta-en-bellvis-2","status":"publish","type":"product","link":"https:\/\/vidalserveis.com\/es\/immoble\/terreno-rustico-en-venta-en-bellvis-2\/","title":{"rendered":"TERRENO R\u00daSTICO en VENTA en BELLVIS"},"content":{"rendered":"<p>TERRENO R\u00daSTICO en VENTA en BELLVIS. Partida Gateu.<br \/>\nCon una superficie seg\u00fan Registro de la Propiedad de 30.854m2 y seg\u00fan catastro de 31.681m2.<br \/>\nhttps:\/\/maps.app.goo.gl\/CGbTomQjNvdrpTvr6<br \/>\nVenga a nuestra oficina para m\u00e1s informaci\u00f3n!<\/p>\n","protected":false},"excerpt":{"rendered":"<p>TERRENO R\u00daSTICO en VENTA en BELLVIS. Partida Gateu. Con una superficie seg\u00fan Registro de la Propiedad de 30.854m2 y seg\u00fan catastro de 31.681m2. https:\/\/maps.app.goo.gl\/CGbTomQjNvdrpTvr6 Venga a nuestra oficina para m\u00e1s informaci\u00f3n!<\/p>\n","protected":false},"featured_media":26963,"comment_status":"closed","ping_status":"open","template":"","meta":[],"product_brand":[],"product_cat":[696,704],"product_tag":[],"class_list":{"0":"post-27736","1":"product","2":"type-product","3":"status-publish","4":"has-post-thumbnail","6":"product_cat-suelo","7":"product_cat-suelo-rustico","8":"pa_es-cultivo-de-regadio-si","9":"pa_localidad-bellvis","10":"pa_obra-nueva-no","11":"pa_parcela-m2-parcela-m2","12":"pa_precio-venta-1445","13":"pa_provincia-lleida","14":"pa_tipo-venta","15":"pa_ubicacion-local-a-pie-de-calle","17":"first","18":"instock","19":"purchasable","20":"product-type-variable"},"_links":{"self":[{"href":"https:\/\/vidalserveis.com\/es\/wp-json\/wp\/v2\/product\/27736","targetHints":{"allow":["GET"]}}],"collection":[{"href":"https:\/\/vidalserveis.com\/es\/wp-json\/wp\/v2\/product"}],"about":[{"href":"https:\/\/vidalserveis.com\/es\/wp-json\/wp\/v2\/types\/product"}],"replies":[{"embeddable":true,"href":"https:\/\/vidalserveis.com\/es\/wp-json\/wp\/v2\/comments?post=27736"}],"version-history":[{"count":1,"href":"https:\/\/vidalserveis.com\/es\/wp-json\/wp\/v2\/product\/27736\/revisions"}],"predecessor-version":[{"id":27747,"href":"https:\/\/vidalserveis.com\/es\/wp-json\/wp\/v2\/product\/27736\/revisions\/27747"}],"wp:featuredmedia":[{"embeddable":true,"href":"https:\/\/vidalserveis.com\/es\/wp-json\/wp\/v2\/media\/26963"}],"wp:attachment":[{"href":"https:\/\/vidalserveis.com\/es\/wp-json\/wp\/v2\/media?parent=27736"}],"wp:term":[{"taxonomy":"product_brand","embeddable":true,"href":"https:\/\/vidalserveis.com\/es\/wp-json\/wp\/v2\/product_brand?post=27736"},{"taxonomy":"product_cat","embeddable":true,"href":"https:\/\/vidalserveis.com\/es\/wp-json\/wp\/v2\/product_cat?post=27736"},{"taxonomy":"product_tag","embeddable":true,"href":"https:\/\/vidalserveis.com\/es\/wp-json\/wp\/v2\/product_tag?post=27736"}],"curies":[{"name":"wp","href":"https:\/\/api.w.org\/{rel}","templated":true}]}}