{"id":27845,"date":"2026-04-07T02:30:06","date_gmt":"2026-04-07T00:30:06","guid":{"rendered":"https:\/\/vidalserveis.com\/immoble\/casa-senorial-en-venta-en-el-centro-de-arbeca\/"},"modified":"2026-04-07T02:32:05","modified_gmt":"2026-04-07T00:32:05","slug":"casa-senorial-en-venta-en-el-centro-de-arbeca","status":"publish","type":"product","link":"https:\/\/vidalserveis.com\/es\/immoble\/casa-senorial-en-venta-en-el-centro-de-arbeca\/","title":{"rendered":"Casa se\u00f1orial en venta en el centro de Arbeca"},"content":{"rendered":"<p>Se vende imponente vivienda se\u00f1orial, muy espaciosa y con car\u00e1cter, situada en el coraz\u00f3n de Arbeca.<br \/>\nTiene fachada a tres calles, aport\u00e1ndole luz, tranquilidad y m\u00faltiples accesos.<\/p>\n<p>Planta baja con: garaje amplio, sala de caldera con calefacci\u00f3n de gasoil, entrada por dos calles, un recibidor con vuelta catalana, elegante y tradicional; y un gran hall, ideal como espacio de bienvenida, donde tambi\u00e9n hay un despacho, aseo y una sala polivalente.<br \/>\nAcceso a la primera planta por una impresionante escalera de piedra.<\/p>\n<p>Primera planta: dos comedores amplios y soleado, cocina con despensa, ba\u00f1o completo, aseo, varias dependencias con m\u00faltiples posibilidades de uso (habitaciones, sala de juegos&#8230;)<\/p>\n<p>Planta segunda: salas di\u00e1fanas con barbacoa y terraza.<\/p>\n<p>Combinaci\u00f3n de suelos hidr\u00e1ulicos y parqu\u00e9 seg\u00fan la estancia, manteniendo la esencia original de la casa. Distribuci\u00f3n muy pr\u00e1ctica, ideal para familias mayores, para convertir en casa rural o proyecto singular.<\/p>\n<p>Una oportunidad \u00fanica para adquirir una casa con historia, encanto y todas las comodidades en el centro del pueblo.<\/p>\n<p>\u00a1Concierte cita en nuestra oficina para m\u00e1s informaci\u00f3n!<\/p>\n","protected":false},"excerpt":{"rendered":"<p>Se vende imponente vivienda se\u00f1orial, muy espaciosa y con car\u00e1cter, situada en el coraz\u00f3n de Arbeca. Tiene fachada a tres calles, aport\u00e1ndole luz, tranquilidad y m\u00faltiples accesos. Planta baja con: garaje amplio, sala de caldera con calefacci\u00f3n de gasoil, entrada por dos calles, un recibidor con vuelta catalana, elegante y tradicional; y un gran hall, [&hellip;]<\/p>\n","protected":false},"featured_media":27784,"comment_status":"closed","ping_status":"open","template":"","meta":[],"product_brand":[],"product_cat":[725,726],"product_tag":[],"class_list":{"0":"post-27845","1":"product","2":"type-product","3":"status-publish","4":"has-post-thumbnail","6":"product_cat-casa","7":"product_cat-unifamiliar-adosada","8":"pa_ano-construccion-336","9":"pa_dormitorios-dobles-dormitorios-dobles","10":"pa_localidad-arbeca","11":"pa_no-de-banos-266","12":"pa_no-de-dormitorios-280","13":"pa_obra-nueva-no","14":"pa_parcela-m2-258-00","15":"pa_precio-venta-1659","16":"pa_provincia-lleida","17":"pa_superficie-construida-774-00","18":"pa_superficie-garaje-2426","19":"pa_superficie-util-657-00","20":"pa_tipo-venta","21":"pa_ubicacion-local-a-pie-de-calle","23":"first","24":"instock","25":"purchasable","26":"product-type-variable"},"_links":{"self":[{"href":"https:\/\/vidalserveis.com\/es\/wp-json\/wp\/v2\/product\/27845","targetHints":{"allow":["GET"]}}],"collection":[{"href":"https:\/\/vidalserveis.com\/es\/wp-json\/wp\/v2\/product"}],"about":[{"href":"https:\/\/vidalserveis.com\/es\/wp-json\/wp\/v2\/types\/product"}],"replies":[{"embeddable":true,"href":"https:\/\/vidalserveis.com\/es\/wp-json\/wp\/v2\/comments?post=27845"}],"version-history":[{"count":0,"href":"https:\/\/vidalserveis.com\/es\/wp-json\/wp\/v2\/product\/27845\/revisions"}],"wp:featuredmedia":[{"embeddable":true,"href":"https:\/\/vidalserveis.com\/es\/wp-json\/wp\/v2\/media\/27784"}],"wp:attachment":[{"href":"https:\/\/vidalserveis.com\/es\/wp-json\/wp\/v2\/media?parent=27845"}],"wp:term":[{"taxonomy":"product_brand","embeddable":true,"href":"https:\/\/vidalserveis.com\/es\/wp-json\/wp\/v2\/product_brand?post=27845"},{"taxonomy":"product_cat","embeddable":true,"href":"https:\/\/vidalserveis.com\/es\/wp-json\/wp\/v2\/product_cat?post=27845"},{"taxonomy":"product_tag","embeddable":true,"href":"https:\/\/vidalserveis.com\/es\/wp-json\/wp\/v2\/product_tag?post=27845"}],"curies":[{"name":"wp","href":"https:\/\/api.w.org\/{rel}","templated":true}]}}