{"id":28128,"date":"2026-04-07T02:30:06","date_gmt":"2026-04-07T00:30:06","guid":{"rendered":"https:\/\/vidalserveis.com\/immoble\/amplio-piso-en-linyola-de-cuatro-habitaciones-con-cocina-nueva-a-estrenar\/"},"modified":"2026-04-07T02:32:05","modified_gmt":"2026-04-07T00:32:05","slug":"amplio-piso-en-linyola-de-cuatro-habitaciones-con-cocina-nueva-a-estrenar","status":"publish","type":"product","link":"https:\/\/vidalserveis.com\/es\/immoble\/amplio-piso-en-linyola-de-cuatro-habitaciones-con-cocina-nueva-a-estrenar\/","title":{"rendered":"Amplio piso en Linyola, de cuatro habitaciones con cocina nueva a estrenar."},"content":{"rendered":"<p>Amplio piso en Linyola, de cuatro habitaciones con cocina nueva a estrenar.<br \/>\nCocina moderna y funcional, equipada con electrodom\u00e9sticos, nevera, microondas, horno, vitrocer\u00e1mica y campana extractora. Tambi\u00e9n dispone de agua caliente mediante calentador el\u00e9ctrico.<br \/>\nGaler\u00eda cerrada, utilizada como lavander\u00eda, con acceso desde la cocina.<br \/>\nCuatro habitaciones perfectas como dormitorio, despacho o salas polivalentes. Sal\u00f3n espacioso con buena entrada de luz natural y salida al balc\u00f3n de la fachada principal.<br \/>\nDispone de ba\u00f1o completo y aseo.<br \/>\nNo dispone de asesor.<\/p>\n","protected":false},"excerpt":{"rendered":"<p>Amplio piso en Linyola, de cuatro habitaciones con cocina nueva a estrenar. Cocina moderna y funcional, equipada con electrodom\u00e9sticos, nevera, microondas, horno, vitrocer\u00e1mica y campana extractora. Tambi\u00e9n dispone de agua caliente mediante calentador el\u00e9ctrico. Galer\u00eda cerrada, utilizada como lavander\u00eda, con acceso desde la cocina. Cuatro habitaciones perfectas como dormitorio, despacho o salas polivalentes. Sal\u00f3n espacioso [&hellip;]<\/p>\n","protected":false},"featured_media":27959,"comment_status":"closed","ping_status":"open","template":"","meta":[],"product_brand":[],"product_cat":[710,709],"product_tag":[],"class_list":{"0":"post-28128","1":"product","2":"type-product","3":"status-publish","4":"has-post-thumbnail","6":"product_cat-piso-piso","7":"product_cat-piso","8":"pa_ano-construccion-2444","9":"pa_categoria-de-les-emisiones-e","10":"pa_consumo-energetico-kwh-m2-ano-2466","11":"pa_dormitorios-individuales-dormitorios-individuales","12":"pa_emisiones-co2-kg-co2-m2-ano-650","13":"pa_estancias-631","14":"pa_localidad-linyola","15":"pa_no-de-banos-222","16":"pa_no-de-dormitorios-223","17":"pa_obra-nueva-no","18":"pa_precio-venta-1394","19":"pa_provincia-lleida","20":"pa_soleado-si","21":"pa_superficie-construida-121-00","22":"pa_superficie-util-1-00","23":"pa_tipo-venta","25":"first","26":"instock","27":"purchasable","28":"product-type-variable"},"_links":{"self":[{"href":"https:\/\/vidalserveis.com\/es\/wp-json\/wp\/v2\/product\/28128","targetHints":{"allow":["GET"]}}],"collection":[{"href":"https:\/\/vidalserveis.com\/es\/wp-json\/wp\/v2\/product"}],"about":[{"href":"https:\/\/vidalserveis.com\/es\/wp-json\/wp\/v2\/types\/product"}],"replies":[{"embeddable":true,"href":"https:\/\/vidalserveis.com\/es\/wp-json\/wp\/v2\/comments?post=28128"}],"version-history":[{"count":0,"href":"https:\/\/vidalserveis.com\/es\/wp-json\/wp\/v2\/product\/28128\/revisions"}],"wp:featuredmedia":[{"embeddable":true,"href":"https:\/\/vidalserveis.com\/es\/wp-json\/wp\/v2\/media\/27959"}],"wp:attachment":[{"href":"https:\/\/vidalserveis.com\/es\/wp-json\/wp\/v2\/media?parent=28128"}],"wp:term":[{"taxonomy":"product_brand","embeddable":true,"href":"https:\/\/vidalserveis.com\/es\/wp-json\/wp\/v2\/product_brand?post=28128"},{"taxonomy":"product_cat","embeddable":true,"href":"https:\/\/vidalserveis.com\/es\/wp-json\/wp\/v2\/product_cat?post=28128"},{"taxonomy":"product_tag","embeddable":true,"href":"https:\/\/vidalserveis.com\/es\/wp-json\/wp\/v2\/product_tag?post=28128"}],"curies":[{"name":"wp","href":"https:\/\/api.w.org\/{rel}","templated":true}]}}