{"id":28130,"date":"2026-04-07T02:30:06","date_gmt":"2026-04-07T00:30:06","guid":{"rendered":"https:\/\/vidalserveis.com\/immoble\/casa-de-pueblo-en-venta\/"},"modified":"2026-04-07T02:32:06","modified_gmt":"2026-04-07T00:32:06","slug":"casa-de-pueblo-en-venta","status":"publish","type":"product","link":"https:\/\/vidalserveis.com\/es\/immoble\/casa-de-pueblo-en-venta\/","title":{"rendered":"CASA de Pueblo en Venta"},"content":{"rendered":"<p>La casa est\u00e1 situada en una de las calles principales de Bellv\u00eds. <\/p>\n<p>El inmueble consta de planta baja, una parte destinada a garaje y otra parte a vivienda. <\/p>\n<p>Primera planta donde tenemos el sal\u00f3n\/comedor, tres dormitorios, un ba\u00f1o, cocina y una terraza totalmente exterior de 12\/15 m  aproximadamente.<\/p>\n<p>En la segunda planta, abuhardillada, encontramos una sala polivalente y el resto como trastero.<\/p>\n<p>La casa nos abre la puerta a todo un mundo de posibilidades. Aunque en este momento es una construcci\u00f3n tradicional, podemos transformar la vivienda en un d\u00faplex de grandes espacios de dise\u00f1o actual, manteniendo la esencia de la casa.<\/p>\n<p>Ideal tanto para familias que quieran ir a vivir, como para inversos.<\/p>\n<p> \u00a1Pase por nuestra oficina para m\u00e1s informaci\u00f3n!<\/p>\n","protected":false},"excerpt":{"rendered":"<p>La casa est\u00e1 situada en una de las calles principales de Bellv\u00eds. El inmueble consta de planta baja, una parte destinada a garaje y otra parte a vivienda. Primera planta donde tenemos el sal\u00f3n\/comedor, tres dormitorios, un ba\u00f1o, cocina y una terraza totalmente exterior de 12\/15 m aproximadamente. En la segunda planta, abuhardillada, encontramos una [&hellip;]<\/p>\n","protected":false},"featured_media":27997,"comment_status":"closed","ping_status":"open","template":"","meta":[],"product_brand":[],"product_cat":[725,726],"product_tag":[],"class_list":{"0":"post-28130","1":"product","2":"type-product","3":"status-publish","4":"has-post-thumbnail","6":"product_cat-casa","7":"product_cat-unifamiliar-adosada","8":"pa_ano-construccion-2446","9":"pa_categoria-de-les-emisiones-g","10":"pa_consumo-energetico-kwh-m2-ano-2448","11":"pa_dormitorios-dobles-302","12":"pa_emisiones-co2-kg-co2-m2-ano-2447","13":"pa_estado-conservacion-necesita-reforma","14":"pa_estancias-507","15":"pa_localidad-bellvis","16":"pa_no-de-banos-245","17":"pa_no-de-dormitorios-no-de-dormitorios","18":"pa_obra-nueva-no","19":"pa_parking-si","20":"pa_precio-venta-1553","21":"pa_provincia-lleida","22":"pa_superficie-construida-252-00","23":"pa_superficie-util-200-00","24":"pa_tipo-venta","25":"pa_ubicacion-local-a-pie-de-calle","27":"first","28":"instock","29":"purchasable","30":"product-type-variable"},"_links":{"self":[{"href":"https:\/\/vidalserveis.com\/es\/wp-json\/wp\/v2\/product\/28130","targetHints":{"allow":["GET"]}}],"collection":[{"href":"https:\/\/vidalserveis.com\/es\/wp-json\/wp\/v2\/product"}],"about":[{"href":"https:\/\/vidalserveis.com\/es\/wp-json\/wp\/v2\/types\/product"}],"replies":[{"embeddable":true,"href":"https:\/\/vidalserveis.com\/es\/wp-json\/wp\/v2\/comments?post=28130"}],"version-history":[{"count":0,"href":"https:\/\/vidalserveis.com\/es\/wp-json\/wp\/v2\/product\/28130\/revisions"}],"wp:featuredmedia":[{"embeddable":true,"href":"https:\/\/vidalserveis.com\/es\/wp-json\/wp\/v2\/media\/27997"}],"wp:attachment":[{"href":"https:\/\/vidalserveis.com\/es\/wp-json\/wp\/v2\/media?parent=28130"}],"wp:term":[{"taxonomy":"product_brand","embeddable":true,"href":"https:\/\/vidalserveis.com\/es\/wp-json\/wp\/v2\/product_brand?post=28130"},{"taxonomy":"product_cat","embeddable":true,"href":"https:\/\/vidalserveis.com\/es\/wp-json\/wp\/v2\/product_cat?post=28130"},{"taxonomy":"product_tag","embeddable":true,"href":"https:\/\/vidalserveis.com\/es\/wp-json\/wp\/v2\/product_tag?post=28130"}],"curies":[{"name":"wp","href":"https:\/\/api.w.org\/{rel}","templated":true}]}}