{"id":28132,"date":"2026-04-07T02:31:20","date_gmt":"2026-04-07T00:31:20","guid":{"rendered":"https:\/\/vidalserveis.com\/immoble\/apartamento-en-venta\/"},"modified":"2026-04-07T02:32:09","modified_gmt":"2026-04-07T00:32:09","slug":"mucho-mas-que-un-piso-2-habitaciones-local-de-74m2","status":"publish","type":"product","link":"https:\/\/vidalserveis.com\/es\/immoble\/mucho-mas-que-un-piso-2-habitaciones-local-de-74m2\/","title":{"rendered":"Mucho m\u00e1s que un piso. 2 habitaciones + local  de 74m2"},"content":{"rendered":"<p>Vivienda de 51,86 m ,  muy acogedora, lista para entrar a vivir. Dispone de dos dormitorios, uno de ellos con armario empotrado, ba\u00f1o completo, cocina, comedor y galer\u00eda con espacio para lavadero.<br \/>\nCuenta tambi\u00e9n con patio trasero, ideal como espacio exterior privado.<\/p>\n<p>La vivienda dispone de calefacci\u00f3n de gas y agua comunitaria, garantizando confort durante todo el a\u00f1o.<\/p>\n<p>Como gran valor a\u00f1adido, incluye un almac\u00e9n de 74,25 m , situado en la calle La Forestal, ideal como garaje para veh\u00edculo, trastero o espacio polivalente.<\/p>\n<p>Una oportunidad perfecta para quien busca un piso funcional, reformado y con espacios extra dif\u00edciles de encontrar.<\/p>\n","protected":false},"excerpt":{"rendered":"<p>Vivienda de 51,86 m , muy acogedora, lista para entrar a vivir. Dispone de dos dormitorios, uno de ellos con armario empotrado, ba\u00f1o completo, cocina, comedor y galer\u00eda con espacio para lavadero. Cuenta tambi\u00e9n con patio trasero, ideal como espacio exterior privado. La vivienda dispone de calefacci\u00f3n de gas y agua comunitaria, garantizando confort durante [&hellip;]<\/p>\n","protected":false},"featured_media":28041,"comment_status":"closed","ping_status":"open","template":"","meta":[],"product_brand":[],"product_cat":[709,710],"product_tag":[],"class_list":{"0":"post-28132","1":"product","2":"type-product","3":"status-publish","4":"has-post-thumbnail","6":"product_cat-piso","7":"product_cat-piso-piso","8":"pa_autobus-si","9":"pa_biblioteca-si","10":"pa_caldera-si","11":"pa_calefaccion-si","12":"pa_calefaccion-gas-si","13":"pa_categoria-de-les-emisiones-e","14":"pa_centro-urbano-si","15":"pa_cerca-centros-deportivos-si","16":"pa_cerca-restaurantes-si","17":"pa_cerca-supermercado-si","18":"pa_cocina-de-gas-si","19":"pa_consumo-energetico-kwh-m2-ano-390","20":"pa_dormitorios-individuales-dormitorios-individuales","21":"pa_emisiones-co2-kg-co2-m2-ano-417","22":"pa_estado-conservacion-buena","23":"pa_estancias-557","24":"pa_horno-si","25":"pa_localidad-mollerussa","26":"pa_no-de-banos-245","27":"pa_no-de-dormitorios-259","28":"pa_obra-nueva-no","29":"pa_parking-si","30":"pa_parque-infantil-si","31":"pa_policia-si","32":"pa_precio-venta-859","33":"pa_provincia-lleida","34":"pa_superficie-construida-60-00","35":"pa_superficie-util-51-00","36":"pa_tipo-venta","37":"pa_tren-si","38":"pa_ubicacion-local-a-pie-de-calle","40":"first","41":"instock","42":"purchasable","43":"product-type-variable"},"_links":{"self":[{"href":"https:\/\/vidalserveis.com\/es\/wp-json\/wp\/v2\/product\/28132","targetHints":{"allow":["GET"]}}],"collection":[{"href":"https:\/\/vidalserveis.com\/es\/wp-json\/wp\/v2\/product"}],"about":[{"href":"https:\/\/vidalserveis.com\/es\/wp-json\/wp\/v2\/types\/product"}],"replies":[{"embeddable":true,"href":"https:\/\/vidalserveis.com\/es\/wp-json\/wp\/v2\/comments?post=28132"}],"version-history":[{"count":1,"href":"https:\/\/vidalserveis.com\/es\/wp-json\/wp\/v2\/product\/28132\/revisions"}],"predecessor-version":[{"id":28412,"href":"https:\/\/vidalserveis.com\/es\/wp-json\/wp\/v2\/product\/28132\/revisions\/28412"}],"wp:featuredmedia":[{"embeddable":true,"href":"https:\/\/vidalserveis.com\/es\/wp-json\/wp\/v2\/media\/28041"}],"wp:attachment":[{"href":"https:\/\/vidalserveis.com\/es\/wp-json\/wp\/v2\/media?parent=28132"}],"wp:term":[{"taxonomy":"product_brand","embeddable":true,"href":"https:\/\/vidalserveis.com\/es\/wp-json\/wp\/v2\/product_brand?post=28132"},{"taxonomy":"product_cat","embeddable":true,"href":"https:\/\/vidalserveis.com\/es\/wp-json\/wp\/v2\/product_cat?post=28132"},{"taxonomy":"product_tag","embeddable":true,"href":"https:\/\/vidalserveis.com\/es\/wp-json\/wp\/v2\/product_tag?post=28132"}],"curies":[{"name":"wp","href":"https:\/\/api.w.org\/{rel}","templated":true}]}}