{"id":28406,"date":"2026-04-07T02:30:45","date_gmt":"2026-04-07T00:30:45","guid":{"rendered":"https:\/\/vidalserveis.com\/immoble\/fantastica-casa-en-venta-en-golmes-con-jardin-y-piscina\/"},"modified":"2026-04-07T02:32:07","modified_gmt":"2026-04-07T00:32:07","slug":"fantastica-casa-en-venta-en-golmes-con-jardin-y-piscina","status":"publish","type":"product","link":"https:\/\/vidalserveis.com\/es\/immoble\/fantastica-casa-en-venta-en-golmes-con-jardin-y-piscina\/","title":{"rendered":"Fant\u00e1stica Casa en venta en Golm\u00e9s, con jard\u00edn y piscina"},"content":{"rendered":"<p>Un lugar perfecto para gozar de la calma sin renunciar a la proximidad de los servicios.<\/p>\n<p>Casa situada en las afueras de la poblaci\u00f3n, en una zona tranquila, alejada del tr\u00e1fico y la contaminaci\u00f3n ac\u00fastica.<\/p>\n<p>En la planta baja dispone de un amplio almac\u00e9n, sala de calefacci\u00f3n y aseo.<\/p>\n<p>La primera planta distribuida en tres dormitorios dobles, un dormitorio individual, 2 ba\u00f1os completos, cocina office y comedor con chimenea, ideal para un ambiente c\u00e1lido y acogedor.<\/p>\n<p>Bajo cubierta hay dos grandes salas de almacenamiento y\/o despensa, con muchas posibilidades de uso.<\/p>\n<p>La vivienda dispone de un patio con porche y chimenea, con acceso directo a la piscina, ideal para colocar una mesa y disfrutar del aire libre en compa\u00f1\u00eda de familiares y amigos.<\/p>\n","protected":false},"excerpt":{"rendered":"<p>Un lugar perfecto para gozar de la calma sin renunciar a la proximidad de los servicios. Casa situada en las afueras de la poblaci\u00f3n, en una zona tranquila, alejada del tr\u00e1fico y la contaminaci\u00f3n ac\u00fastica. En la planta baja dispone de un amplio almac\u00e9n, sala de calefacci\u00f3n y aseo. La primera planta distribuida en tres [&hellip;]<\/p>\n","protected":false},"featured_media":28206,"comment_status":"closed","ping_status":"open","template":"","meta":[],"product_brand":[],"product_cat":[725,726],"product_tag":[],"class_list":{"0":"post-28406","1":"product","2":"type-product","3":"status-publish","4":"has-post-thumbnail","6":"product_cat-casa","7":"product_cat-unifamiliar-adosada","8":"pa_ano-construccion-592","9":"pa_dormitorios-individuales-dormitorios-individuales","10":"pa_localidad-golmes","11":"pa_no-de-banos-266","12":"pa_no-de-dormitorios-414","13":"pa_obra-nueva-no","14":"pa_parcela-m2-344-00","15":"pa_parking-si","16":"pa_precio-venta-1728","17":"pa_provincia-lleida","18":"pa_soleado-si","19":"pa_superficie-construida-388-00","20":"pa_superficie-util-350-00","21":"pa_tipo-venta","22":"pa_ubicacion-local-a-pie-de-calle","23":"pa_vistas-si","25":"first","26":"instock","27":"purchasable","28":"product-type-variable"},"_links":{"self":[{"href":"https:\/\/vidalserveis.com\/es\/wp-json\/wp\/v2\/product\/28406","targetHints":{"allow":["GET"]}}],"collection":[{"href":"https:\/\/vidalserveis.com\/es\/wp-json\/wp\/v2\/product"}],"about":[{"href":"https:\/\/vidalserveis.com\/es\/wp-json\/wp\/v2\/types\/product"}],"replies":[{"embeddable":true,"href":"https:\/\/vidalserveis.com\/es\/wp-json\/wp\/v2\/comments?post=28406"}],"version-history":[{"count":1,"href":"https:\/\/vidalserveis.com\/es\/wp-json\/wp\/v2\/product\/28406\/revisions"}],"predecessor-version":[{"id":28584,"href":"https:\/\/vidalserveis.com\/es\/wp-json\/wp\/v2\/product\/28406\/revisions\/28584"}],"wp:featuredmedia":[{"embeddable":true,"href":"https:\/\/vidalserveis.com\/es\/wp-json\/wp\/v2\/media\/28206"}],"wp:attachment":[{"href":"https:\/\/vidalserveis.com\/es\/wp-json\/wp\/v2\/media?parent=28406"}],"wp:term":[{"taxonomy":"product_brand","embeddable":true,"href":"https:\/\/vidalserveis.com\/es\/wp-json\/wp\/v2\/product_brand?post=28406"},{"taxonomy":"product_cat","embeddable":true,"href":"https:\/\/vidalserveis.com\/es\/wp-json\/wp\/v2\/product_cat?post=28406"},{"taxonomy":"product_tag","embeddable":true,"href":"https:\/\/vidalserveis.com\/es\/wp-json\/wp\/v2\/product_tag?post=28406"}],"curies":[{"name":"wp","href":"https:\/\/api.w.org\/{rel}","templated":true}]}}