{"id":28408,"date":"2026-04-07T02:31:20","date_gmt":"2026-04-07T00:31:20","guid":{"rendered":"https:\/\/vidalserveis.com\/immoble\/tu-hogar-tu-espacio-obra-nueva-en-venta\/"},"modified":"2026-04-07T02:32:08","modified_gmt":"2026-04-07T00:32:08","slug":"tu-hogar-tu-espacio-obra-nueva-en-venta","status":"publish","type":"product","link":"https:\/\/vidalserveis.com\/es\/immoble\/tu-hogar-tu-espacio-obra-nueva-en-venta\/","title":{"rendered":"\u00a1TU HOGAR, TU ESPACIO! Obra nueva en venta."},"content":{"rendered":"<p>\u00a1TU HOGAR, TU ESPACIO!<br \/>\nPisos con p\u00e1rquing y zona comunitaria, en venta. NUEVOS A ESTRENAR!<\/p>\n<p>Viviendas distribuidas en:<br \/>\n&#8211; 3 o 4 dormitorios (1 de ellos tipo suite)<br \/>\n&#8211; 2 ba\u00f1os con ventilaci\u00f3n y luz natural<br \/>\n&#8211; Cocina-office con salida a balc\u00f3n a fachada<br \/>\n&#8211; Comedor espacioso con salida a balc\u00f3n a fachada<br \/>\n&#8211; Galer\u00eda posterior con espacio para la lavadora y el sistema de calefacci\u00f3n de aerotermia<br \/>\n&#8211; Sala polivalente en planta bajocubierta<\/p>\n<p>Superficies:<br \/>\n&#8211; Piso tipo A &#8211; 3 dormitorios &#8211; 98,11 m2 \u00fatiles &#8211; 108,98 m2 construidos.<br \/>\n&#8211; Piso tipo B &#8211; 4 dormitorios &#8211; 104,77 m2 \u00fatiles &#8211; 114,58 m2 construidos.<\/p>\n<p>Zonas de aparcamiento en diferentes opciones:<br \/>\n&#8211; Plaza de aparcamiento entre lineas<br \/>\n&#8211; Garaje cerrado<\/p>\n<p>A partir de 255.000<br \/>\nEl precio incluye la vivienda, el trastero y una plaza de aparcamiento. <\/p>\n<p>Pida cita previa en nuestra oficina, para realizar el estudio econ\u00f3mico y conocer todos los materiales.<br \/>\nLe atenderemos personalizadamente y el asesoramiento sobre todo el proceso de compra.<br \/>\n\u00a1No pierda la oportunidad de poder hacer un hogar a su manera!<\/p>\n","protected":false},"excerpt":{"rendered":"<p>\u00a1TU HOGAR, TU ESPACIO! Pisos con p\u00e1rquing y zona comunitaria, en venta. NUEVOS A ESTRENAR! Viviendas distribuidas en: &#8211; 3 o 4 dormitorios (1 de ellos tipo suite) &#8211; 2 ba\u00f1os con ventilaci\u00f3n y luz natural &#8211; Cocina-office con salida a balc\u00f3n a fachada &#8211; Comedor espacioso con salida a balc\u00f3n a fachada &#8211; Galer\u00eda [&hellip;]<\/p>\n","protected":false},"featured_media":28268,"comment_status":"closed","ping_status":"open","template":"","meta":[],"product_brand":[],"product_cat":[709,710],"product_tag":[],"class_list":{"0":"post-28408","1":"product","2":"type-product","3":"status-publish","4":"has-post-thumbnail","6":"product_cat-piso","7":"product_cat-piso-piso","8":"pa_ano-construccion-2378","9":"pa_autobus-si","10":"pa_balcon-si","11":"pa_biblioteca-si","12":"pa_calefaccion-si","13":"pa_categoria-de-les-emisiones-a","14":"pa_centro-urbano-si","15":"pa_cerca-centros-deportivos-si","16":"pa_cerca-farmacia-si","17":"pa_cerca-restaurantes-si","18":"pa_cerca-supermercado-si","19":"pa_cocina-office-si","20":"pa_consumo-energetico-kwh-m2-ano-2458","21":"pa_dormitorios-dobles-285","22":"pa_dormitorios-individuales-260","23":"pa_emisiones-co2-kg-co2-m2-ano-2457","24":"pa_estado-conservacion-nueva","25":"pa_interior-exterior-235","26":"pa_localidad-mollerussa","27":"pa_no-de-banos-222","28":"pa_no-de-dormitorios-no-de-dormitorios","29":"pa_obra-nueva-no","30":"pa_parking-si","31":"pa_parque-infantil-si","32":"pa_policia-si","33":"pa_precio-venta-1437","34":"pa_provincia-lleida","35":"pa_soleado-si","36":"pa_suelo-gres-si","37":"pa_suite-si","38":"pa_superficie-construida-115-00","39":"pa_superficie-util-95-00","40":"pa_tipo-venta","41":"pa_tren-si","42":"pa_ubicacion-local-a-pie-de-calle","43":"pa_zona-comunitaria-si","45":"first","46":"instock","47":"purchasable","48":"product-type-variable"},"_links":{"self":[{"href":"https:\/\/vidalserveis.com\/es\/wp-json\/wp\/v2\/product\/28408","targetHints":{"allow":["GET"]}}],"collection":[{"href":"https:\/\/vidalserveis.com\/es\/wp-json\/wp\/v2\/product"}],"about":[{"href":"https:\/\/vidalserveis.com\/es\/wp-json\/wp\/v2\/types\/product"}],"replies":[{"embeddable":true,"href":"https:\/\/vidalserveis.com\/es\/wp-json\/wp\/v2\/comments?post=28408"}],"version-history":[{"count":1,"href":"https:\/\/vidalserveis.com\/es\/wp-json\/wp\/v2\/product\/28408\/revisions"}],"predecessor-version":[{"id":28586,"href":"https:\/\/vidalserveis.com\/es\/wp-json\/wp\/v2\/product\/28408\/revisions\/28586"}],"wp:featuredmedia":[{"embeddable":true,"href":"https:\/\/vidalserveis.com\/es\/wp-json\/wp\/v2\/media\/28268"}],"wp:attachment":[{"href":"https:\/\/vidalserveis.com\/es\/wp-json\/wp\/v2\/media?parent=28408"}],"wp:term":[{"taxonomy":"product_brand","embeddable":true,"href":"https:\/\/vidalserveis.com\/es\/wp-json\/wp\/v2\/product_brand?post=28408"},{"taxonomy":"product_cat","embeddable":true,"href":"https:\/\/vidalserveis.com\/es\/wp-json\/wp\/v2\/product_cat?post=28408"},{"taxonomy":"product_tag","embeddable":true,"href":"https:\/\/vidalserveis.com\/es\/wp-json\/wp\/v2\/product_tag?post=28408"}],"curies":[{"name":"wp","href":"https:\/\/api.w.org\/{rel}","templated":true}]}}