{"id":28436,"date":"2026-04-28T02:33:28","date_gmt":"2026-04-28T00:33:28","guid":{"rendered":"https:\/\/vidalserveis.com\/immoble\/casa-en-venta-en-miralcamp-2\/"},"modified":"2026-04-28T02:34:06","modified_gmt":"2026-04-28T00:34:06","slug":"casa-en-venta-en-miralcamp","status":"publish","type":"product","link":"https:\/\/vidalserveis.com\/es\/immoble\/casa-en-venta-en-miralcamp\/","title":{"rendered":"Casa en VENTA en Miralcamp."},"content":{"rendered":"<p>Casa en VENTA en Miralcamp.<br \/>\nDistribuida en 4 dormitorios, 2 ba\u00f1os grandes con ba\u00f1era, cocina americana con chimenea, sal\u00f3n y gran terraza.<br \/>\nVen a nuestra oficina para mas informaci\u00f3n.<\/p>\n","protected":false},"excerpt":{"rendered":"<p>Casa en VENTA en Miralcamp. Distribuida en 4 dormitorios, 2 ba\u00f1os grandes con ba\u00f1era, cocina americana con chimenea, sal\u00f3n y gran terraza. Ven a nuestra oficina para mas informaci\u00f3n.<\/p>\n","protected":false},"featured_media":3447,"comment_status":"closed","ping_status":"open","template":"","meta":[],"product_brand":[],"product_cat":[725,726],"product_tag":[],"class_list":{"0":"post-28436","1":"product","2":"type-product","3":"status-publish","4":"has-post-thumbnail","6":"product_cat-casa","7":"product_cat-unifamiliar-adosada","8":"pa_categoria-de-les-emisiones-g","9":"pa_cocina-office-si","10":"pa_consumo-energetico-kwh-m2-ano-437","11":"pa_dormitorios-individuales-dormitorios-individuales","12":"pa_emisiones-co2-kg-co2-m2-ano-436","13":"pa_estado-conservacion-regular","14":"pa_localidad-miralcamp","15":"pa_no-de-banos-222","16":"pa_no-de-dormitorios-223","17":"pa_obra-nueva-no","18":"pa_precio-venta-754","19":"pa_provincia-lleida","20":"pa_suelo-parquet-si","21":"pa_superficie-construida-233-00","22":"pa_superficie-util-219-00","23":"pa_tipo-venta","25":"first","26":"instock","27":"purchasable","28":"product-type-variable"},"_links":{"self":[{"href":"https:\/\/vidalserveis.com\/es\/wp-json\/wp\/v2\/product\/28436","targetHints":{"allow":["GET"]}}],"collection":[{"href":"https:\/\/vidalserveis.com\/es\/wp-json\/wp\/v2\/product"}],"about":[{"href":"https:\/\/vidalserveis.com\/es\/wp-json\/wp\/v2\/types\/product"}],"replies":[{"embeddable":true,"href":"https:\/\/vidalserveis.com\/es\/wp-json\/wp\/v2\/comments?post=28436"}],"version-history":[{"count":1,"href":"https:\/\/vidalserveis.com\/es\/wp-json\/wp\/v2\/product\/28436\/revisions"}],"predecessor-version":[{"id":28439,"href":"https:\/\/vidalserveis.com\/es\/wp-json\/wp\/v2\/product\/28436\/revisions\/28439"}],"wp:featuredmedia":[{"embeddable":true,"href":"https:\/\/vidalserveis.com\/es\/wp-json\/wp\/v2\/media\/3447"}],"wp:attachment":[{"href":"https:\/\/vidalserveis.com\/es\/wp-json\/wp\/v2\/media?parent=28436"}],"wp:term":[{"taxonomy":"product_brand","embeddable":true,"href":"https:\/\/vidalserveis.com\/es\/wp-json\/wp\/v2\/product_brand?post=28436"},{"taxonomy":"product_cat","embeddable":true,"href":"https:\/\/vidalserveis.com\/es\/wp-json\/wp\/v2\/product_cat?post=28436"},{"taxonomy":"product_tag","embeddable":true,"href":"https:\/\/vidalserveis.com\/es\/wp-json\/wp\/v2\/product_tag?post=28436"}],"curies":[{"name":"wp","href":"https:\/\/api.w.org\/{rel}","templated":true}]}}