{"id":28474,"date":"2026-05-09T02:32:31","date_gmt":"2026-05-09T00:32:31","guid":{"rendered":"https:\/\/vidalserveis.com\/immoble\/solar-para-edificar-en-venta-en-mollerussa\/"},"modified":"2026-05-09T02:34:04","modified_gmt":"2026-05-09T00:34:04","slug":"solar-para-edificar-en-venta-en-mollerussa","status":"publish","type":"product","link":"https:\/\/vidalserveis.com\/es\/immoble\/solar-para-edificar-en-venta-en-mollerussa\/","title":{"rendered":"Solar para edificar, en venta en Mollerussa"},"content":{"rendered":"<p>Solar de 1.876,20 m2 de superficie.<br \/>\nSuperficie edificable de 3.650 m2.<br \/>\nSi tenemos en cuenta la normativa de Zona de ordenaci\u00f3n en manzana cerrada, clave 2, se puede edificar inmueble plurifamiliar de planta baja + 3 plantas (12 m de profundidad).<br \/>\nSe permite ocupaci\u00f3n de la planta baja para uso comercial.<br \/>\nLa densidad permitida es de 1 vivienda por cada 90m2 techo.<br \/>\nSituaci\u00f3n: https:\/\/maps.app.goo.gl\/bnQCJNta3R9RqBxP9<br \/>\nPida cita en nuestra oficina para m\u00e1s informaci\u00f3nN\u00famero API: 0342-LL, n\u00famero registro: 3029<\/p>\n","protected":false},"excerpt":{"rendered":"<p>Solar de 1.876,20 m2 de superficie. Superficie edificable de 3.650 m2. Si tenemos en cuenta la normativa de Zona de ordenaci\u00f3n en manzana cerrada, clave 2, se puede edificar inmueble plurifamiliar de planta baja + 3 plantas (12 m de profundidad). Se permite ocupaci\u00f3n de la planta baja para uso comercial. La densidad permitida es [&hellip;]<\/p>\n","protected":false},"featured_media":28443,"comment_status":"closed","ping_status":"open","template":"","meta":[],"product_brand":[],"product_cat":[696,766],"product_tag":[],"class_list":{"0":"post-28474","1":"product","2":"type-product","3":"status-publish","4":"has-post-thumbnail","6":"product_cat-suelo","7":"product_cat-suelo-urbano","8":"pa_localidad-mollerussa","9":"pa_obra-nueva-no","10":"pa_parcela-m2-parcela-m2","11":"pa_precio-venta-2468","12":"pa_provincia-lleida","13":"pa_tipo-venta","14":"pa_ubicacion-local-a-pie-de-calle","16":"first","17":"instock","18":"purchasable","19":"product-type-variable"},"_links":{"self":[{"href":"https:\/\/vidalserveis.com\/es\/wp-json\/wp\/v2\/product\/28474","targetHints":{"allow":["GET"]}}],"collection":[{"href":"https:\/\/vidalserveis.com\/es\/wp-json\/wp\/v2\/product"}],"about":[{"href":"https:\/\/vidalserveis.com\/es\/wp-json\/wp\/v2\/types\/product"}],"replies":[{"embeddable":true,"href":"https:\/\/vidalserveis.com\/es\/wp-json\/wp\/v2\/comments?post=28474"}],"version-history":[{"count":0,"href":"https:\/\/vidalserveis.com\/es\/wp-json\/wp\/v2\/product\/28474\/revisions"}],"wp:featuredmedia":[{"embeddable":true,"href":"https:\/\/vidalserveis.com\/es\/wp-json\/wp\/v2\/media\/28443"}],"wp:attachment":[{"href":"https:\/\/vidalserveis.com\/es\/wp-json\/wp\/v2\/media?parent=28474"}],"wp:term":[{"taxonomy":"product_brand","embeddable":true,"href":"https:\/\/vidalserveis.com\/es\/wp-json\/wp\/v2\/product_brand?post=28474"},{"taxonomy":"product_cat","embeddable":true,"href":"https:\/\/vidalserveis.com\/es\/wp-json\/wp\/v2\/product_cat?post=28474"},{"taxonomy":"product_tag","embeddable":true,"href":"https:\/\/vidalserveis.com\/es\/wp-json\/wp\/v2\/product_tag?post=28474"}],"curies":[{"name":"wp","href":"https:\/\/api.w.org\/{rel}","templated":true}]}}