{"id":28476,"date":"2026-05-09T02:33:15","date_gmt":"2026-05-09T00:33:15","guid":{"rendered":"https:\/\/vidalserveis.com\/immoble\/solar-urbano-en-venta-en-el-palau-danglesola\/"},"modified":"2026-05-09T02:34:05","modified_gmt":"2026-05-09T00:34:05","slug":"solar-urbano-en-venta-en-el-palau-danglesola","status":"publish","type":"product","link":"https:\/\/vidalserveis.com\/es\/immoble\/solar-urbano-en-venta-en-el-palau-danglesola\/","title":{"rendered":"Solar urbano en venta en El Palau d&#8217;Anglesola"},"content":{"rendered":"<p>Terreno en venta en el Palau d&#8217;Anglesola.<br \/>\nSolar chafl\u00e1n, con acceso por 3 calles, muy bien ubicado en el centro de la poblaci\u00f3n.<\/p>\n<p>Tipo de ordenaci\u00f3n: Zona suburbana, Clave 2: alineada a vial con posibilidad de edificaci\u00f3n aislada respetando las condiciones de compatibilidad entre edificaciones vecinas.<\/p>\n<p>Edificaciones alineadas en vial:<br \/>\n   &#8211;  Techo edificable: Bx+2pp en su totalidad: el techo m\u00e1ximo viene definido por la ocupaci\u00f3n total del solar en planta baja y la ocupaci\u00f3n hasta el l\u00edmite de la profundidad edificable, establecida en los planos de ordenaci\u00f3n que en este caso se su totalidad, en plantas piso.<br \/>\n   &#8211;  Altura m\u00e1xima: Planta baja + 2 plantas piso, m\u00e1ximo 9,50 m.<br \/>\n   &#8211;  Parcela m\u00ednima: 250m2 con fachada m\u00ednima de 7m.<br \/>\nEdificaciones aisladas:<br \/>\n   &#8211;  Techo edificable: 0,50 m  de techo\/m  de suelo.<br \/>\n   &#8211;  Altura m\u00e1xima: Planta baja y 1 planta piso, con un m\u00e1ximo de 7,50 m.<br \/>\n   &#8211;  Parcela m\u00ednima: 400m2, con fachada m\u00ednima de 15m.<\/p>\n<p>Venga a nuestra oficina para m\u00e1s informaci\u00f3n!<br \/>\nN\u00famero API: 0342-LL, n\u00famero registro: 3029<\/p>\n","protected":false},"excerpt":{"rendered":"<p>Terreno en venta en el Palau d&#8217;Anglesola. Solar chafl\u00e1n, con acceso por 3 calles, muy bien ubicado en el centro de la poblaci\u00f3n. Tipo de ordenaci\u00f3n: Zona suburbana, Clave 2: alineada a vial con posibilidad de edificaci\u00f3n aislada respetando las condiciones de compatibilidad entre edificaciones vecinas. Edificaciones alineadas en vial: &#8211; Techo edificable: Bx+2pp en [&hellip;]<\/p>\n","protected":false},"featured_media":28463,"comment_status":"closed","ping_status":"open","template":"","meta":[],"product_brand":[],"product_cat":[696,766],"product_tag":[],"class_list":{"0":"post-28476","1":"product","2":"type-product","3":"status-publish","4":"has-post-thumbnail","6":"product_cat-suelo","7":"product_cat-suelo-urbano","8":"pa_bancos-si","9":"pa_carretera-carretera","10":"pa_centro-urbano-si","11":"pa_centros-sanitarios-si","12":"pa_cerca-restaurantes-si","13":"pa_farmacia-si","14":"pa_gasolinera-si","15":"pa_localidad-palau-d-anglesola-el","16":"pa_obra-nueva-no","17":"pa_parcela-minima-2226","18":"pa_parque-publico-si","19":"pa_poligono-si","20":"pa_precio-venta-1431","21":"pa_provincia-lleida","22":"pa_superficie-util-866-00","23":"pa_tipo-venta","24":"pa_ubicacion-local-a-pie-de-calle","26":"first","27":"instock","28":"purchasable","29":"product-type-variable"},"_links":{"self":[{"href":"https:\/\/vidalserveis.com\/es\/wp-json\/wp\/v2\/product\/28476","targetHints":{"allow":["GET"]}}],"collection":[{"href":"https:\/\/vidalserveis.com\/es\/wp-json\/wp\/v2\/product"}],"about":[{"href":"https:\/\/vidalserveis.com\/es\/wp-json\/wp\/v2\/types\/product"}],"replies":[{"embeddable":true,"href":"https:\/\/vidalserveis.com\/es\/wp-json\/wp\/v2\/comments?post=28476"}],"version-history":[{"count":1,"href":"https:\/\/vidalserveis.com\/es\/wp-json\/wp\/v2\/product\/28476\/revisions"}],"predecessor-version":[{"id":28589,"href":"https:\/\/vidalserveis.com\/es\/wp-json\/wp\/v2\/product\/28476\/revisions\/28589"}],"wp:featuredmedia":[{"embeddable":true,"href":"https:\/\/vidalserveis.com\/es\/wp-json\/wp\/v2\/media\/28463"}],"wp:attachment":[{"href":"https:\/\/vidalserveis.com\/es\/wp-json\/wp\/v2\/media?parent=28476"}],"wp:term":[{"taxonomy":"product_brand","embeddable":true,"href":"https:\/\/vidalserveis.com\/es\/wp-json\/wp\/v2\/product_brand?post=28476"},{"taxonomy":"product_cat","embeddable":true,"href":"https:\/\/vidalserveis.com\/es\/wp-json\/wp\/v2\/product_cat?post=28476"},{"taxonomy":"product_tag","embeddable":true,"href":"https:\/\/vidalserveis.com\/es\/wp-json\/wp\/v2\/product_tag?post=28476"}],"curies":[{"name":"wp","href":"https:\/\/api.w.org\/{rel}","templated":true}]}}