{"id":28496,"date":"2026-05-09T02:46:02","date_gmt":"2026-05-09T00:46:02","guid":{"rendered":"https:\/\/vidalserveis.com\/immoble\/plaza-de-aparcamiento-para-alquiler\/"},"modified":"2026-05-09T02:47:33","modified_gmt":"2026-05-09T00:47:33","slug":"plaza-de-aparcamiento-para-alquiler","status":"publish","type":"product","link":"https:\/\/vidalserveis.com\/es\/immoble\/plaza-de-aparcamiento-para-alquiler\/","title":{"rendered":"Plaza de aparcamiento para alquiler"},"content":{"rendered":"<p>Plaza de aparcamiento para alquiler, ubicada en la avenida del Canal.<\/p>\n<p>Acceso c\u00f3modo mediante puerta autom\u00e1tica y rampa que conduce a la planta s\u00f3tano.<\/p>\n<p>Dispone de 17 m  \u00fatiles, ideal para coche medio o grande y con espacio suficiente para maniobrar y estacionar con facilidad.<\/p>\n<p>Para m\u00e1s informaci\u00f3n, ven a nuestra oficina.N\u00famero API: 0342-LL, n\u00famero registro: 3029<\/p>\n","protected":false},"excerpt":{"rendered":"<p>Plaza de aparcamiento para alquiler, ubicada en la avenida del Canal. Acceso c\u00f3modo mediante puerta autom\u00e1tica y rampa que conduce a la planta s\u00f3tano. Dispone de 17 m \u00fatiles, ideal para coche medio o grande y con espacio suficiente para maniobrar y estacionar con facilidad. Para m\u00e1s informaci\u00f3n, ven a nuestra oficina.N\u00famero API: 0342-LL, n\u00famero [&hellip;]<\/p>\n","protected":false},"featured_media":28483,"comment_status":"closed","ping_status":"open","template":"","meta":[],"product_brand":[],"product_cat":[771,772],"product_tag":[],"class_list":{"0":"post-28496","1":"product","2":"type-product","3":"status-publish","4":"has-post-thumbnail","6":"product_cat-parking","7":"product_cat-plaza-de-aparcamiento","8":"pa_localidad-mollerussa","9":"pa_obra-nueva-no","10":"pa_plaza-num-plaza-num","11":"pa_precio-alquiler-988","12":"pa_provincia-lleida","13":"pa_superficie-util-17-00","14":"pa_tipo-alquiler","15":"pa_ubicacion-local-a-pie-de-calle","17":"first","18":"instock","19":"purchasable","20":"product-type-variable"},"_links":{"self":[{"href":"https:\/\/vidalserveis.com\/es\/wp-json\/wp\/v2\/product\/28496","targetHints":{"allow":["GET"]}}],"collection":[{"href":"https:\/\/vidalserveis.com\/es\/wp-json\/wp\/v2\/product"}],"about":[{"href":"https:\/\/vidalserveis.com\/es\/wp-json\/wp\/v2\/types\/product"}],"replies":[{"embeddable":true,"href":"https:\/\/vidalserveis.com\/es\/wp-json\/wp\/v2\/comments?post=28496"}],"version-history":[{"count":0,"href":"https:\/\/vidalserveis.com\/es\/wp-json\/wp\/v2\/product\/28496\/revisions"}],"wp:featuredmedia":[{"embeddable":true,"href":"https:\/\/vidalserveis.com\/es\/wp-json\/wp\/v2\/media\/28483"}],"wp:attachment":[{"href":"https:\/\/vidalserveis.com\/es\/wp-json\/wp\/v2\/media?parent=28496"}],"wp:term":[{"taxonomy":"product_brand","embeddable":true,"href":"https:\/\/vidalserveis.com\/es\/wp-json\/wp\/v2\/product_brand?post=28496"},{"taxonomy":"product_cat","embeddable":true,"href":"https:\/\/vidalserveis.com\/es\/wp-json\/wp\/v2\/product_cat?post=28496"},{"taxonomy":"product_tag","embeddable":true,"href":"https:\/\/vidalserveis.com\/es\/wp-json\/wp\/v2\/product_tag?post=28496"}],"curies":[{"name":"wp","href":"https:\/\/api.w.org\/{rel}","templated":true}]}}