{"id":28498,"date":"2026-05-09T02:46:12","date_gmt":"2026-05-09T00:46:12","guid":{"rendered":"https:\/\/vidalserveis.com\/immoble\/alquiler-de-terreno-en-el-acceso-principal-de-palau-danglesola\/"},"modified":"2026-05-09T02:47:34","modified_gmt":"2026-05-09T00:47:34","slug":"alquiler-de-terreno-en-el-acceso-principal-de-palau-danglesola","status":"publish","type":"product","link":"https:\/\/vidalserveis.com\/es\/immoble\/alquiler-de-terreno-en-el-acceso-principal-de-palau-danglesola\/","title":{"rendered":"Alquiler de terreno en el acceso principal de Palau d&#8217;Anglesola"},"content":{"rendered":"<p>Se alquila terreno situado en la entrada de Palau d&#8217;Anglesola, ideal para disfrutar de un espacio tranquilo al aire libre.<\/p>\n<p>Es un espacio amplio, con muchos \u00e1rboles y vegetaci\u00f3n, perfecto para desconectar, disfrutar de barbacoas, fiestas o encuentros familiares. <\/p>\n<p>El terreno est\u00e1 totalmente vallado y dispone de puerta de reja, aportando mayor seguridad y privacidad.<\/p>\n<p>Para m\u00e1s informaci\u00f3n, contacta sin compromiso.N\u00famero API: 0342-LL, n\u00famero registro: 3029<\/p>\n","protected":false},"excerpt":{"rendered":"<p>Se alquila terreno situado en la entrada de Palau d&#8217;Anglesola, ideal para disfrutar de un espacio tranquilo al aire libre. Es un espacio amplio, con muchos \u00e1rboles y vegetaci\u00f3n, perfecto para desconectar, disfrutar de barbacoas, fiestas o encuentros familiares. El terreno est\u00e1 totalmente vallado y dispone de puerta de reja, aportando mayor seguridad y privacidad. [&hellip;]<\/p>\n","protected":false},"featured_media":28491,"comment_status":"closed","ping_status":"open","template":"","meta":[],"product_brand":[],"product_cat":[696,766],"product_tag":[],"class_list":{"0":"post-28498","1":"product","2":"type-product","3":"status-publish","4":"has-post-thumbnail","6":"product_cat-suelo","7":"product_cat-suelo-urbano","8":"pa_localidad-palau-d-anglesola-el","9":"pa_obra-nueva-no","10":"pa_parcela-m2-parcela-m2","11":"pa_precio-alquiler-1545","12":"pa_provincia-lleida","13":"pa_superficie-util-500-00","14":"pa_tipo-alquiler","15":"pa_ubicacion-local-a-pie-de-calle","17":"first","18":"instock","19":"purchasable","20":"product-type-variable"},"_links":{"self":[{"href":"https:\/\/vidalserveis.com\/es\/wp-json\/wp\/v2\/product\/28498","targetHints":{"allow":["GET"]}}],"collection":[{"href":"https:\/\/vidalserveis.com\/es\/wp-json\/wp\/v2\/product"}],"about":[{"href":"https:\/\/vidalserveis.com\/es\/wp-json\/wp\/v2\/types\/product"}],"replies":[{"embeddable":true,"href":"https:\/\/vidalserveis.com\/es\/wp-json\/wp\/v2\/comments?post=28498"}],"version-history":[{"count":0,"href":"https:\/\/vidalserveis.com\/es\/wp-json\/wp\/v2\/product\/28498\/revisions"}],"wp:featuredmedia":[{"embeddable":true,"href":"https:\/\/vidalserveis.com\/es\/wp-json\/wp\/v2\/media\/28491"}],"wp:attachment":[{"href":"https:\/\/vidalserveis.com\/es\/wp-json\/wp\/v2\/media?parent=28498"}],"wp:term":[{"taxonomy":"product_brand","embeddable":true,"href":"https:\/\/vidalserveis.com\/es\/wp-json\/wp\/v2\/product_brand?post=28498"},{"taxonomy":"product_cat","embeddable":true,"href":"https:\/\/vidalserveis.com\/es\/wp-json\/wp\/v2\/product_cat?post=28498"},{"taxonomy":"product_tag","embeddable":true,"href":"https:\/\/vidalserveis.com\/es\/wp-json\/wp\/v2\/product_tag?post=28498"}],"curies":[{"name":"wp","href":"https:\/\/api.w.org\/{rel}","templated":true}]}}