{"id":28511,"date":"2026-04-07T02:30:06","date_gmt":"2026-04-07T00:30:06","guid":{"rendered":"https:\/\/vidalserveis.com\/immoble\/tres-dormitorios-mucha-luz-con-grandes-vistas\/"},"modified":"2026-04-07T02:32:05","modified_gmt":"2026-04-07T00:32:05","slug":"tres-dormitorios-mucha-luz-con-grandes-vistas","status":"publish","type":"product","link":"https:\/\/vidalserveis.com\/es\/immoble\/tres-dormitorios-mucha-luz-con-grandes-vistas\/","title":{"rendered":"Tres dormitorios, mucha luz con grandes vistas."},"content":{"rendered":"<p>Piso de 76,07 m  con distribuci\u00f3n funcional: cocina independiente con acceso a galer\u00eda, comedor, tres dormitorios y un ba\u00f1o.<\/p>\n<p>Destaca por su buena entrada de luz natural y dispone de calefacci\u00f3n de gas.<\/p>\n<p>Edificio con pocos vecinos. No dispone de ascensor.<\/p>\n<p>La propiedad incluye tambi\u00e9n un trastero de 12 m , ideal para almacenamiento.<\/p>\n<p>A cinco minutos del centro. Oportunidad, excelente relaci\u00f3n calidad-precio.<\/p>\n","protected":false},"excerpt":{"rendered":"<p>Piso de 76,07 m con distribuci\u00f3n funcional: cocina independiente con acceso a galer\u00eda, comedor, tres dormitorios y un ba\u00f1o. Destaca por su buena entrada de luz natural y dispone de calefacci\u00f3n de gas. Edificio con pocos vecinos. No dispone de ascensor. La propiedad incluye tambi\u00e9n un trastero de 12 m , ideal para almacenamiento. A [&hellip;]<\/p>\n","protected":false},"featured_media":28514,"comment_status":"closed","ping_status":"open","template":"","meta":[],"product_brand":[],"product_cat":[709,710],"product_tag":[],"class_list":{"0":"post-28511","1":"product","2":"type-product","3":"status-publish","4":"has-post-thumbnail","6":"product_cat-piso","7":"product_cat-piso-piso","8":"pa_dormitorios-dobles-dormitorios-dobles","9":"pa_dormitorios-individuales-260","10":"pa_localidad-mollerussa","11":"pa_no-de-banos-245","12":"pa_no-de-dormitorios-262","13":"pa_obra-nueva-no","14":"pa_precio-venta-933","15":"pa_provincia-lleida","16":"pa_superficie-construida-94-00","17":"pa_superficie-util-76-00","18":"pa_tipo-venta","19":"pa_ubicacion-local-a-pie-de-calle","21":"first","22":"instock","23":"purchasable","24":"product-type-variable"},"_links":{"self":[{"href":"https:\/\/vidalserveis.com\/es\/wp-json\/wp\/v2\/product\/28511","targetHints":{"allow":["GET"]}}],"collection":[{"href":"https:\/\/vidalserveis.com\/es\/wp-json\/wp\/v2\/product"}],"about":[{"href":"https:\/\/vidalserveis.com\/es\/wp-json\/wp\/v2\/types\/product"}],"replies":[{"embeddable":true,"href":"https:\/\/vidalserveis.com\/es\/wp-json\/wp\/v2\/comments?post=28511"}],"version-history":[{"count":0,"href":"https:\/\/vidalserveis.com\/es\/wp-json\/wp\/v2\/product\/28511\/revisions"}],"wp:featuredmedia":[{"embeddable":true,"href":"https:\/\/vidalserveis.com\/es\/wp-json\/wp\/v2\/media\/28514"}],"wp:attachment":[{"href":"https:\/\/vidalserveis.com\/es\/wp-json\/wp\/v2\/media?parent=28511"}],"wp:term":[{"taxonomy":"product_brand","embeddable":true,"href":"https:\/\/vidalserveis.com\/es\/wp-json\/wp\/v2\/product_brand?post=28511"},{"taxonomy":"product_cat","embeddable":true,"href":"https:\/\/vidalserveis.com\/es\/wp-json\/wp\/v2\/product_cat?post=28511"},{"taxonomy":"product_tag","embeddable":true,"href":"https:\/\/vidalserveis.com\/es\/wp-json\/wp\/v2\/product_tag?post=28511"}],"curies":[{"name":"wp","href":"https:\/\/api.w.org\/{rel}","templated":true}]}}