{"id":28815,"date":"2026-05-09T02:32:02","date_gmt":"2026-05-09T00:32:02","guid":{"rendered":"https:\/\/vidalserveis.com\/immoble\/piso-cuarta-planta-de-tres-dormitorios\/"},"modified":"2026-05-09T02:34:03","modified_gmt":"2026-05-09T00:34:03","slug":"piso-cuarta-planta-de-tres-dormitorios","status":"publish","type":"product","link":"https:\/\/vidalserveis.com\/es\/immoble\/piso-cuarta-planta-de-tres-dormitorios\/","title":{"rendered":"Piso cuarta planta de tres dormitorios"},"content":{"rendered":"<p>Piso situado en una cuarta planta, distribuido en recibidor, tres dormitorios, un ba\u00f1o, cocina con acceso a despensa\/lavander\u00eda y sal\u00f3n-comedor.<br \/>\nLa vivienda se encuentra parcialmente reformada y goza de buena luz natural.<br \/>\nDispone de calefacci\u00f3n y aire acondicionado mediante bomba de calor.<br \/>\nIncluye un trastero de 5,30 m  situado en la planta semis\u00f3tano.<br \/>\nSuministros de luz con contador individual y agua comunitaria.<br \/>\nEdificio sin ascensor.N\u00famero API: 0342-LL, n\u00famero registro: 3029<\/p>\n","protected":false},"excerpt":{"rendered":"<p>Piso situado en una cuarta planta, distribuido en recibidor, tres dormitorios, un ba\u00f1o, cocina con acceso a despensa\/lavander\u00eda y sal\u00f3n-comedor. La vivienda se encuentra parcialmente reformada y goza de buena luz natural. Dispone de calefacci\u00f3n y aire acondicionado mediante bomba de calor. Incluye un trastero de 5,30 m situado en la planta semis\u00f3tano. Suministros de [&hellip;]<\/p>\n","protected":false},"featured_media":28674,"comment_status":"closed","ping_status":"open","template":"","meta":[],"product_brand":[],"product_cat":[710,709],"product_tag":[],"class_list":{"0":"post-28815","1":"product","2":"type-product","3":"status-publish","4":"has-post-thumbnail","6":"product_cat-piso-piso","7":"product_cat-piso","8":"pa_ano-construccion-2478","9":"pa_calefaccion-si","10":"pa_consumo-energetico-kwh-m2-ano-2479","11":"pa_dormitorios-individuales-dormitorios-individuales","12":"pa_emisiones-co2-kg-co2-m2-ano-635","13":"pa_localidad-mollerussa","14":"pa_no-de-banos-245","15":"pa_no-de-dormitorios-262","16":"pa_obra-nueva-no","17":"pa_precio-venta-1671","18":"pa_provincia-lleida","19":"pa_soleado-si","20":"pa_superficie-construida-71-00","21":"pa_superficie-util-57-00","22":"pa_tipo-venta","23":"pa_ubicacion-local-a-pie-de-calle","24":"pa_vistas-si","26":"first","27":"instock","28":"purchasable","29":"product-type-variable"},"_links":{"self":[{"href":"https:\/\/vidalserveis.com\/es\/wp-json\/wp\/v2\/product\/28815","targetHints":{"allow":["GET"]}}],"collection":[{"href":"https:\/\/vidalserveis.com\/es\/wp-json\/wp\/v2\/product"}],"about":[{"href":"https:\/\/vidalserveis.com\/es\/wp-json\/wp\/v2\/types\/product"}],"replies":[{"embeddable":true,"href":"https:\/\/vidalserveis.com\/es\/wp-json\/wp\/v2\/comments?post=28815"}],"version-history":[{"count":0,"href":"https:\/\/vidalserveis.com\/es\/wp-json\/wp\/v2\/product\/28815\/revisions"}],"wp:featuredmedia":[{"embeddable":true,"href":"https:\/\/vidalserveis.com\/es\/wp-json\/wp\/v2\/media\/28674"}],"wp:attachment":[{"href":"https:\/\/vidalserveis.com\/es\/wp-json\/wp\/v2\/media?parent=28815"}],"wp:term":[{"taxonomy":"product_brand","embeddable":true,"href":"https:\/\/vidalserveis.com\/es\/wp-json\/wp\/v2\/product_brand?post=28815"},{"taxonomy":"product_cat","embeddable":true,"href":"https:\/\/vidalserveis.com\/es\/wp-json\/wp\/v2\/product_cat?post=28815"},{"taxonomy":"product_tag","embeddable":true,"href":"https:\/\/vidalserveis.com\/es\/wp-json\/wp\/v2\/product_tag?post=28815"}],"curies":[{"name":"wp","href":"https:\/\/api.w.org\/{rel}","templated":true}]}}