{"id":29003,"date":"2026-05-09T02:32:02","date_gmt":"2026-05-09T00:32:02","guid":{"rendered":"https:\/\/vidalserveis.com\/immoble\/venta-terreno-con-edificio-de-dos-pisos\/"},"modified":"2026-05-09T02:34:03","modified_gmt":"2026-05-09T00:34:03","slug":"venta-terreno-con-edificio-de-dos-pisos","status":"publish","type":"product","link":"https:\/\/vidalserveis.com\/es\/immoble\/venta-terreno-con-edificio-de-dos-pisos\/","title":{"rendered":"VENTA Terreno con edificio de dos pisos"},"content":{"rendered":"<p>Terreno con edificio de dos pisos. <\/p>\n<p>Finca r\u00fastica de suelo regad\u00edo de 9.579 m  con una nave, antiguamente utilizada como granja de 470 m .<\/p>\n<p>Finca urbana de 472 m  con edificaci\u00f3n: bajos, primera y segunda planta piso y una tercera planta bajo cubierta con terraza. Tambi\u00e9n dispone de un cobertizo almac\u00e9n anexo. Superficie construida de 420 m  aproximadamente.<\/p>\n<p>El edificio est\u00e1 por reformar y presenta muchas posibilidades para convertirlo con vivienda o espacio polivalente.<\/p>\n<p>El campo de regad\u00edo est\u00e1 plantado de nogales, actualmente se encuentra alquilado con contrato vigente de 25 a\u00f1os.N\u00famero API: 0342-LL, n\u00famero registro: 3029<\/p>\n","protected":false},"excerpt":{"rendered":"<p>Terreno con edificio de dos pisos. Finca r\u00fastica de suelo regad\u00edo de 9.579 m con una nave, antiguamente utilizada como granja de 470 m . Finca urbana de 472 m con edificaci\u00f3n: bajos, primera y segunda planta piso y una tercera planta bajo cubierta con terraza. Tambi\u00e9n dispone de un cobertizo almac\u00e9n anexo. Superficie construida [&hellip;]<\/p>\n","protected":false},"featured_media":28878,"comment_status":"closed","ping_status":"open","template":"","meta":[],"product_brand":[],"product_cat":[2492,709],"product_tag":[],"class_list":{"0":"post-29003","1":"product","2":"type-product","3":"status-publish","4":"has-post-thumbnail","6":"product_cat-casa-de-pueblo-piso","7":"product_cat-piso","8":"pa_ano-construccion-2484","9":"pa_consumo-energetico-kwh-m2-ano-2485","10":"pa_emisiones-co2-kg-co2-m2-ano-650","11":"pa_localidad-poal-el","12":"pa_obra-nueva-no","13":"pa_precio-venta-1907","14":"pa_provincia-lleida","15":"pa_superficie-construida-420-00","16":"pa_superficie-util-378-00","17":"pa_tipo-venta","18":"pa_ubicacion-local-ubicacion-local","20":"first","21":"instock","22":"purchasable","23":"product-type-variable"},"_links":{"self":[{"href":"https:\/\/vidalserveis.com\/es\/wp-json\/wp\/v2\/product\/29003","targetHints":{"allow":["GET"]}}],"collection":[{"href":"https:\/\/vidalserveis.com\/es\/wp-json\/wp\/v2\/product"}],"about":[{"href":"https:\/\/vidalserveis.com\/es\/wp-json\/wp\/v2\/types\/product"}],"replies":[{"embeddable":true,"href":"https:\/\/vidalserveis.com\/es\/wp-json\/wp\/v2\/comments?post=29003"}],"version-history":[{"count":0,"href":"https:\/\/vidalserveis.com\/es\/wp-json\/wp\/v2\/product\/29003\/revisions"}],"wp:featuredmedia":[{"embeddable":true,"href":"https:\/\/vidalserveis.com\/es\/wp-json\/wp\/v2\/media\/28878"}],"wp:attachment":[{"href":"https:\/\/vidalserveis.com\/es\/wp-json\/wp\/v2\/media?parent=29003"}],"wp:term":[{"taxonomy":"product_brand","embeddable":true,"href":"https:\/\/vidalserveis.com\/es\/wp-json\/wp\/v2\/product_brand?post=29003"},{"taxonomy":"product_cat","embeddable":true,"href":"https:\/\/vidalserveis.com\/es\/wp-json\/wp\/v2\/product_cat?post=29003"},{"taxonomy":"product_tag","embeddable":true,"href":"https:\/\/vidalserveis.com\/es\/wp-json\/wp\/v2\/product_tag?post=29003"}],"curies":[{"name":"wp","href":"https:\/\/api.w.org\/{rel}","templated":true}]}}