{"id":29005,"date":"2026-05-09T02:32:02","date_gmt":"2026-05-09T00:32:02","guid":{"rendered":"https:\/\/vidalserveis.com\/immoble\/venta-de-solar-ubicacion-centrica\/"},"modified":"2026-05-09T02:34:03","modified_gmt":"2026-05-09T00:34:03","slug":"venta-de-solar-ubicacion-centrica","status":"publish","type":"product","link":"https:\/\/vidalserveis.com\/es\/immoble\/venta-de-solar-ubicacion-centrica\/","title":{"rendered":"Venta de solar. Ubicaci\u00f3n c\u00e9ntrica."},"content":{"rendered":"<p>Solar urbano de 523 m2.<\/p>\n<p>Solar esquinero, perimetralmente cerrado, con acceso por dos entradas independientes.<\/p>\n<p>Su c\u00e9ntrica ubicaci\u00f3n y configuraci\u00f3n le convierten en una opci\u00f3n ideal como promoci\u00f3n de edificios de viviendas unifamiliares o plurifamiliares, o bien una edificaci\u00f3n aislada con parcela m\u00ednima de 400 m . Su uso global ser\u00e1 el residencial, complementado con usos comerciales.<\/p>\n<p>Un espacio vers\u00e1til con gran potencial para adaptarse a tus necesidades.<\/p>\n<p>\u00a1No dejes escapar esta oportunidad! Contacta para m\u00e1s informaci\u00f3n.N\u00famero API: 0342-LL, n\u00famero registro: 3029<\/p>\n","protected":false},"excerpt":{"rendered":"<p>Solar urbano de 523 m2. Solar esquinero, perimetralmente cerrado, con acceso por dos entradas independientes. Su c\u00e9ntrica ubicaci\u00f3n y configuraci\u00f3n le convierten en una opci\u00f3n ideal como promoci\u00f3n de edificios de viviendas unifamiliares o plurifamiliares, o bien una edificaci\u00f3n aislada con parcela m\u00ednima de 400 m . Su uso global ser\u00e1 el residencial, complementado con [&hellip;]<\/p>\n","protected":false},"featured_media":28930,"comment_status":"closed","ping_status":"open","template":"","meta":[],"product_brand":[],"product_cat":[696,766],"product_tag":[],"class_list":{"0":"post-29005","1":"product","2":"type-product","3":"status-publish","4":"has-post-thumbnail","6":"product_cat-suelo","7":"product_cat-suelo-urbano","8":"pa_localidad-palau-d-anglesola-el","9":"pa_obra-nueva-no","10":"pa_precio-venta-1390","11":"pa_provincia-lleida","12":"pa_superficie-util-523-00","13":"pa_tipo-venta","14":"pa_ubicacion-local-a-pie-de-calle","16":"first","17":"instock","18":"purchasable","19":"product-type-variable"},"_links":{"self":[{"href":"https:\/\/vidalserveis.com\/es\/wp-json\/wp\/v2\/product\/29005","targetHints":{"allow":["GET"]}}],"collection":[{"href":"https:\/\/vidalserveis.com\/es\/wp-json\/wp\/v2\/product"}],"about":[{"href":"https:\/\/vidalserveis.com\/es\/wp-json\/wp\/v2\/types\/product"}],"replies":[{"embeddable":true,"href":"https:\/\/vidalserveis.com\/es\/wp-json\/wp\/v2\/comments?post=29005"}],"version-history":[{"count":0,"href":"https:\/\/vidalserveis.com\/es\/wp-json\/wp\/v2\/product\/29005\/revisions"}],"wp:featuredmedia":[{"embeddable":true,"href":"https:\/\/vidalserveis.com\/es\/wp-json\/wp\/v2\/media\/28930"}],"wp:attachment":[{"href":"https:\/\/vidalserveis.com\/es\/wp-json\/wp\/v2\/media?parent=29005"}],"wp:term":[{"taxonomy":"product_brand","embeddable":true,"href":"https:\/\/vidalserveis.com\/es\/wp-json\/wp\/v2\/product_brand?post=29005"},{"taxonomy":"product_cat","embeddable":true,"href":"https:\/\/vidalserveis.com\/es\/wp-json\/wp\/v2\/product_cat?post=29005"},{"taxonomy":"product_tag","embeddable":true,"href":"https:\/\/vidalserveis.com\/es\/wp-json\/wp\/v2\/product_tag?post=29005"}],"curies":[{"name":"wp","href":"https:\/\/api.w.org\/{rel}","templated":true}]}}