{"id":29007,"date":"2026-05-09T02:32:17","date_gmt":"2026-05-09T00:32:17","guid":{"rendered":"https:\/\/vidalserveis.com\/immoble\/venta-de-almacen-con-patio-urbano\/"},"modified":"2026-05-09T02:34:03","modified_gmt":"2026-05-09T00:34:03","slug":"venta-de-almacen-con-patio-urbano","status":"publish","type":"product","link":"https:\/\/vidalserveis.com\/es\/immoble\/venta-de-almacen-con-patio-urbano\/","title":{"rendered":"VENTA de ALMAC\u00c9N con PATIO URBANO"},"content":{"rendered":"<p>Se vende almac\u00e9n amplio con patio urbano situado en zona tranquila y bien comunicada.<br \/>\nTerreno de 1.489 m  aproximadamente con almac\u00e9n de una sola planta di\u00e1fana, de superficie de 376 m , aproximadamente.<br \/>\nLa finca dispone de conexi\u00f3n a servicios (agua, luz y saneamiento) y, por tanto, cumple las condiciones de solar para edificar.<br \/>\nPuede utilizarse para uso de almacenamiento como para proyecto personal o de inversi\u00f3n.N\u00famero API: 0342-LL, n\u00famero registro: 3029<\/p>\n","protected":false},"excerpt":{"rendered":"<p>Se vende almac\u00e9n amplio con patio urbano situado en zona tranquila y bien comunicada. Terreno de 1.489 m aproximadamente con almac\u00e9n de una sola planta di\u00e1fana, de superficie de 376 m , aproximadamente. La finca dispone de conexi\u00f3n a servicios (agua, luz y saneamiento) y, por tanto, cumple las condiciones de solar para edificar. Puede [&hellip;]<\/p>\n","protected":false},"featured_media":28950,"comment_status":"closed","ping_status":"open","template":"","meta":[],"product_brand":[],"product_cat":[1429,701],"product_tag":[],"class_list":{"0":"post-29007","1":"product","2":"type-product","3":"status-publish","4":"has-post-thumbnail","6":"product_cat-local-industrial","7":"product_cat-industrial","8":"pa_ano-construccion-2316","9":"pa_localidad-sidamon","10":"pa_obra-nueva-no","11":"pa_precio-venta-1653","12":"pa_provincia-lleida","13":"pa_superficie-construida-386-00","14":"pa_superficie-util-347-00","15":"pa_tipo-venta","16":"pa_ubicacion-local-ubicacion-local","18":"first","19":"instock","20":"purchasable","21":"product-type-variable"},"_links":{"self":[{"href":"https:\/\/vidalserveis.com\/es\/wp-json\/wp\/v2\/product\/29007","targetHints":{"allow":["GET"]}}],"collection":[{"href":"https:\/\/vidalserveis.com\/es\/wp-json\/wp\/v2\/product"}],"about":[{"href":"https:\/\/vidalserveis.com\/es\/wp-json\/wp\/v2\/types\/product"}],"replies":[{"embeddable":true,"href":"https:\/\/vidalserveis.com\/es\/wp-json\/wp\/v2\/comments?post=29007"}],"version-history":[{"count":0,"href":"https:\/\/vidalserveis.com\/es\/wp-json\/wp\/v2\/product\/29007\/revisions"}],"wp:featuredmedia":[{"embeddable":true,"href":"https:\/\/vidalserveis.com\/es\/wp-json\/wp\/v2\/media\/28950"}],"wp:attachment":[{"href":"https:\/\/vidalserveis.com\/es\/wp-json\/wp\/v2\/media?parent=29007"}],"wp:term":[{"taxonomy":"product_brand","embeddable":true,"href":"https:\/\/vidalserveis.com\/es\/wp-json\/wp\/v2\/product_brand?post=29007"},{"taxonomy":"product_cat","embeddable":true,"href":"https:\/\/vidalserveis.com\/es\/wp-json\/wp\/v2\/product_cat?post=29007"},{"taxonomy":"product_tag","embeddable":true,"href":"https:\/\/vidalserveis.com\/es\/wp-json\/wp\/v2\/product_tag?post=29007"}],"curies":[{"name":"wp","href":"https:\/\/api.w.org\/{rel}","templated":true}]}}