{"id":29009,"date":"2026-05-09T02:33:38","date_gmt":"2026-05-09T00:33:38","guid":{"rendered":"https:\/\/vidalserveis.com\/immoble\/se-vende-apartamento-con-muebles\/"},"modified":"2026-05-09T02:34:06","modified_gmt":"2026-05-09T00:34:06","slug":"se-vende-apartamento-con-muebles","status":"publish","type":"product","link":"https:\/\/vidalserveis.com\/es\/immoble\/se-vende-apartamento-con-muebles\/","title":{"rendered":"Se VENDE apartamento con MUEBLES"},"content":{"rendered":"<p>Apartamento en VENTA con MUEBLES en Mollerussa.<br \/>\nPiso acogedor, de 1 dormitorio, ba\u00f1o, espacio abierto de cocina y comedor con salida a terraza.<br \/>\nEquipado con; electrodom\u00e9sticos, calefacci\u00f3n de Gas Natural, parquet, gres en ba\u00f1os y cocinas. Ubicado en una de las mejores zonas de la ciudad.<br \/>\nEl edificio dispone de ascensor.<\/p>\n<p>N\u00famero API: 0342-LL, n\u00famero registro: 3029<\/p>\n","protected":false},"excerpt":{"rendered":"<p>Apartamento en VENTA con MUEBLES en Mollerussa. Piso acogedor, de 1 dormitorio, ba\u00f1o, espacio abierto de cocina y comedor con salida a terraza. Equipado con; electrodom\u00e9sticos, calefacci\u00f3n de Gas Natural, parquet, gres en ba\u00f1os y cocinas. Ubicado en una de las mejores zonas de la ciudad. El edificio dispone de ascensor. N\u00famero API: 0342-LL, n\u00famero [&hellip;]<\/p>\n","protected":false},"featured_media":28980,"comment_status":"closed","ping_status":"open","template":"","meta":[],"product_brand":[],"product_cat":[710,709],"product_tag":[],"class_list":{"0":"post-29009","1":"product","2":"type-product","3":"status-publish","4":"has-post-thumbnail","6":"product_cat-piso-piso","7":"product_cat-piso","8":"pa_ano-construccion-560","9":"pa_armarios-empotrados-si","10":"pa_ascensor-si","11":"pa_autobus-si","12":"pa_balcon-si","13":"pa_calefaccion-si","14":"pa_categoria-de-les-emisiones-e","15":"pa_cedula-habitabilidad-2023-04-14","16":"pa_cerca-supermercado-si","17":"pa_cocina-equipada-si","18":"pa_consumo-energetico-kwh-m2-ano-2304","19":"pa_eficiencia-energetica-2023-10-02","20":"pa_emisiones-co2-kg-co2-m2-ano-604","21":"pa_estado-conservacion-buena","22":"pa_horno-si","23":"pa_lavadora-si","24":"pa_localidad-mollerussa","25":"pa_nevera-si","26":"pa_no-de-banos-245","27":"pa_no-de-dormitorios-no-de-dormitorios","28":"pa_obra-nueva-no","29":"pa_precio-venta-2208","30":"pa_provincia-lleida","31":"pa_suelo-gres-si","32":"pa_suelo-parquet-si","33":"pa_superficie-construida-48-00","34":"pa_superficie-util-40-00","35":"pa_tipo-venta","36":"pa_tren-si","37":"pa_ubicacion-local-a-pie-de-calle","38":"pa_video-portero-si","40":"first","41":"instock","42":"purchasable","43":"product-type-variable"},"_links":{"self":[{"href":"https:\/\/vidalserveis.com\/es\/wp-json\/wp\/v2\/product\/29009","targetHints":{"allow":["GET"]}}],"collection":[{"href":"https:\/\/vidalserveis.com\/es\/wp-json\/wp\/v2\/product"}],"about":[{"href":"https:\/\/vidalserveis.com\/es\/wp-json\/wp\/v2\/types\/product"}],"replies":[{"embeddable":true,"href":"https:\/\/vidalserveis.com\/es\/wp-json\/wp\/v2\/comments?post=29009"}],"version-history":[{"count":0,"href":"https:\/\/vidalserveis.com\/es\/wp-json\/wp\/v2\/product\/29009\/revisions"}],"wp:featuredmedia":[{"embeddable":true,"href":"https:\/\/vidalserveis.com\/es\/wp-json\/wp\/v2\/media\/28980"}],"wp:attachment":[{"href":"https:\/\/vidalserveis.com\/es\/wp-json\/wp\/v2\/media?parent=29009"}],"wp:term":[{"taxonomy":"product_brand","embeddable":true,"href":"https:\/\/vidalserveis.com\/es\/wp-json\/wp\/v2\/product_brand?post=29009"},{"taxonomy":"product_cat","embeddable":true,"href":"https:\/\/vidalserveis.com\/es\/wp-json\/wp\/v2\/product_cat?post=29009"},{"taxonomy":"product_tag","embeddable":true,"href":"https:\/\/vidalserveis.com\/es\/wp-json\/wp\/v2\/product_tag?post=29009"}],"curies":[{"name":"wp","href":"https:\/\/api.w.org\/{rel}","templated":true}]}}